{"id":8960,"date":"2026-04-16T18:40:04","date_gmt":"2026-04-16T16:40:04","guid":{"rendered":"https:\/\/billroth73.at\/?page_id=8960"},"modified":"2026-04-16T18:43:28","modified_gmt":"2026-04-16T16:43:28","slug":"bienenprojekt-hive-09","status":"publish","type":"page","link":"https:\/\/billroth73.at\/index.php\/bienenprojekt-hive-09\/","title":{"rendered":"Bienenprojekt Hive 09"},"content":{"rendered":"<p>[vc_row][vc_column][vc_single_image source=&#8220;external_link&#8220; external_img_size=&#8220;500&#215;375&#8243; alignment=&#8220;center&#8220; onclick=&#8220;img_link_large&#8220; custom_src=&#8220;https:\/\/biene.billroth73.at\/hive.jpg&#8220; caption=&#8220;Livebild vom Bienenstock &#8222;Hive 09&#8222;&#8220;][\/vc_column][\/vc_row][vc_row][vc_column][vc_column_text]Das Projekt <strong>Hive 09<\/strong> ist ein Forschungsprojekt an unserer Schule in Kooperation mit der <strong>Universit\u00e4t Graz<\/strong>. Ziel ist es, das Verhalten von Honigbienen mithilfe moderner Technik zu beobachten und besser zu verstehen. Der Beobachtungsstock unserer Schule ist Teil eines gr\u00f6\u00dferen Forschungsnetzwerks und tr\u00e4gt daher den Namen \u201eHive 09\u201c. Projektleiter und zust\u00e4ndig f\u00fcr das Projekt ist \u00c1kos Horv\u00e1th aus der 6A.<\/p>\n<p>Im Projekt wurde ein spezielles Beobachtungssystem aufgebaut, das aus Kameras, Sensoren und einem Computer besteht. Zwei Kameras k\u00f6nnen beide Seiten einer Bienenwabe aufnehmen und sich automatisch entlang von Achsen bewegen, um verschiedene Bereiche des Stocks zu beobachten. Mehrere Sensoren messen au\u00dferdem wichtige Werte wie zum Beispiel die Temperatur. Die Steuerung des Systems erfolgt \u00fcber das Robot Operating System (ROS) und besteht aus zwei separaten Systemen, dem Hauptsystem f\u00fcr die Steuerung der Kameras und ein weiteres externes System, f\u00fcr die Temperaturwerte und automatische Notausschaltungsmechanismen.<\/p>\n<p>Mit diesem System k\u00f6nnen Bilder und Daten automatisch gesammelt und gespeichert werden. Dadurch ist es m\u00f6glich, das Verhalten der Bienen \u00fcber l\u00e4ngere Zeitr\u00e4ume zu analysieren. Ein Beispiel f\u00fcr eine geplante Forschungsfrage ist, wie Bienen mit verstorbenen Artgenossen im Stock umgehen und wie diese aus dem Stock entfernt werden.<\/p>\n<p>Das Projekt verbindet <strong>Biologie, Technik und Informatik<\/strong> und erm\u00f6glicht Sch\u00fclern, praktische Erfahrungen in Forschung, Programmierung und Organisation zu sammeln. Gleichzeitig leistet Hive 09 einen Beitrag zur Umweltforschung und zum besseren Verst\u00e4ndnis von \u00d6kosystemen wie dem der Honigbienen.<\/p>\n<p>Die Umsetzung wurde unter anderem durch die F\u00f6rderung der <strong>\u00d6sterreichische Forschungsf\u00f6rderungsgesellschaft<\/strong> und dem <strong>IMST NaWi-Netzwerk Wien<\/strong> unterst\u00fctzt. In Zukunft sollen mit dem System weitere Experimente und Beobachtungen durchgef\u00fchrt werden, um neue Erkenntnisse \u00fcber das Leben der Honigbienen zu gewinnen.<\/p>\n<p><a href=\"https:\/\/billroth73.at\/wp-content\/uploads\/2026\/04\/Hive_09_Bericht_Final.pdf\">Projektbericht als PDF-Datei herunterladen<\/a>[\/vc_column_text][\/vc_column][\/vc_row][vc_row][vc_column css=&#8220;.vc_custom_1776357256804{margin-top: 30px !important;}&#8220;][vc_media_grid grid_id=&#8220;vc_gid:1776357536710-4e6fe28b-1a32-7&#8243; include=&#8220;8962,8963,8964,8965&#8243;][\/vc_column][\/vc_row]<\/p>\n","protected":false},"excerpt":{"rendered":"<p>[vc_row][vc_column][vc_single_image source=&#8220;external_link&#8220; external_img_size=&#8220;500&#215;375&#8243; alignment=&#8220;center&#8220; onclick=&#8220;img_link_large&#8220; custom_src=&#8220;https:\/\/biene.billroth73.at\/hive.jpg&#8220; caption=&#8220;Livebild vom Bienenstock &#8222;Hive 09&#8222;&#8220;][\/vc_column][\/vc_row][vc_row][vc_column][vc_column_text]Das Projekt Hive 09 ist ein Forschungsprojekt an unserer Schule in Kooperation mit der Universit\u00e4t Graz. Ziel ist es, das Verhalten von Honigbienen mithilfe moderner Technik zu beobachten und besser zu verstehen. Der Beobachtungsstock unserer Schule ist Teil eines gr\u00f6\u00dferen Forschungsnetzwerks und tr\u00e4gt daher den&hellip;<\/p>\n","protected":false},"author":13,"featured_media":0,"parent":0,"menu_order":0,"comment_status":"closed","ping_status":"closed","template":"","meta":{"footnotes":"","_links_to":"","_links_to_target":""},"class_list":["post-8960","page","type-page","status-publish","hentry","description-off"],"_links":{"self":[{"href":"https:\/\/billroth73.at\/index.php\/wp-json\/wp\/v2\/pages\/8960","targetHints":{"allow":["GET"]}}],"collection":[{"href":"https:\/\/billroth73.at\/index.php\/wp-json\/wp\/v2\/pages"}],"about":[{"href":"https:\/\/billroth73.at\/index.php\/wp-json\/wp\/v2\/types\/page"}],"author":[{"embeddable":true,"href":"https:\/\/billroth73.at\/index.php\/wp-json\/wp\/v2\/users\/13"}],"replies":[{"embeddable":true,"href":"https:\/\/billroth73.at\/index.php\/wp-json\/wp\/v2\/comments?post=8960"}],"version-history":[{"count":11,"href":"https:\/\/billroth73.at\/index.php\/wp-json\/wp\/v2\/pages\/8960\/revisions"}],"predecessor-version":[{"id":8976,"href":"https:\/\/billroth73.at\/index.php\/wp-json\/wp\/v2\/pages\/8960\/revisions\/8976"}],"wp:attachment":[{"href":"https:\/\/billroth73.at\/index.php\/wp-json\/wp\/v2\/media?parent=8960"}],"curies":[{"name":"wp","href":"https:\/\/api.w.org\/{rel}","templated":true}]}}