{"id":8949,"date":"2026-04-07T11:09:31","date_gmt":"2026-04-07T09:09:31","guid":{"rendered":"https:\/\/billroth73.at\/?page_id=8949"},"modified":"2026-04-07T11:15:40","modified_gmt":"2026-04-07T09:15:40","slug":"auslandsaufenthalt","status":"publish","type":"page","link":"https:\/\/billroth73.at\/index.php\/auslandsaufenthalt\/","title":{"rendered":"Auslandsaufenthalt"},"content":{"rendered":"<p>[vc_row][vc_column][vc_column_text]<\/p>\n<p style=\"font-weight: 400;\">Das GRg19 begr\u00fc\u00dft Auslandsaufenthalte der Sch\u00fcler:innen, weil sie eine gro\u00dfe Bereicherung der schulischen Laufbahn darstellen und f\u00fcr Jugendliche viele neue Erfahrungen bringen.<\/p>\n<p style=\"font-weight: 400;\"><u>Gesetzliche Grundlagen<\/u><\/p>\n<p style=\"font-weight: 400;\">Ein mindestens f\u00fcnfmonatiger Besuch einer gleichwertigen Schule im fremdsprachigen Ausland kann den Schulbesuch in einer \u00f6sterreichischen Schule ersetzen. In der modularen Oberstufe muss man mindestens 4 Monate eine Schule im Ausland besuchen, damit ein Semester positiv angerechnet wird.<\/p>\n<p style=\"font-weight: 400;\"><u>Sie planen f\u00fcr Ihr Kind ein Auslandsjahr oder -semester: Was ist zu tun?<\/u><\/p>\n<p style=\"font-weight: 400;\"><strong>Bei schulpflichtigen Sch\u00fcler*innen (1.-5. Klasse) muss ein Ansuchen per E-Mail an die Bildungsdirektion gestellt werden.<\/strong><\/p>\n<p style=\"font-weight: 400;\">Vorgehensweise ab der 6.Klasse:<\/p>\n<ul>\n<li>Das grunds\u00e4tzliche Vorhaben sollte mit dem\/r Klassenkoordinator:in besprochen werden.<\/li>\n<li>Die Organisation eines Auslandsaufenthaltes ist durch Eigeninitiative durchzuf\u00fchren.<\/li>\n<li>Sobald Sie eine Zusage f\u00fcr den Austausch haben, stellen sie einen Antrag per E-Mail an die Direktion.<\/li>\n<li>Nach R\u00fcckkehr vom Auslandsaufenthalt ben\u00f6tigt die Schule unbedingt eine Best\u00e4tigung \u00fcber die Dauer des Schulbesuchs und diese muss in der Administration abgegeben werden.<\/li>\n<\/ul>\n<p style=\"font-weight: 400;\"><u>Welche Gegenst\u00e4nde werden durch den Auslandsaufenthalt angerechnet?<\/u><\/p>\n<p style=\"font-weight: 400;\">In den Klassen 1-5 werden alle Gegenst\u00e4nde positiv angerechnet.<\/p>\n<p style=\"font-weight: 400;\">In der Modularen Oberstufe werden alle Basismodule des betroffenen Semesters sowie pro Semester 2 Wahlmodule (keine typenbildenden) positiv angerechnet.<\/p>\n<p>[\/vc_column_text][\/vc_column][\/vc_row]<\/p>\n","protected":false},"excerpt":{"rendered":"<p>[vc_row][vc_column][vc_column_text] Das GRg19 begr\u00fc\u00dft Auslandsaufenthalte der Sch\u00fcler:innen, weil sie eine gro\u00dfe Bereicherung der schulischen Laufbahn darstellen und f\u00fcr Jugendliche viele neue Erfahrungen bringen. Gesetzliche Grundlagen Ein mindestens f\u00fcnfmonatiger Besuch einer gleichwertigen Schule im fremdsprachigen Ausland kann den Schulbesuch in einer \u00f6sterreichischen Schule ersetzen. In der modularen Oberstufe muss man mindestens 4 Monate eine Schule im&hellip;<\/p>\n","protected":false},"author":10,"featured_media":0,"parent":0,"menu_order":0,"comment_status":"closed","ping_status":"closed","template":"","meta":{"footnotes":"","_links_to":"","_links_to_target":""},"class_list":["post-8949","page","type-page","status-publish","hentry","description-off"],"_links":{"self":[{"href":"https:\/\/billroth73.at\/index.php\/wp-json\/wp\/v2\/pages\/8949","targetHints":{"allow":["GET"]}}],"collection":[{"href":"https:\/\/billroth73.at\/index.php\/wp-json\/wp\/v2\/pages"}],"about":[{"href":"https:\/\/billroth73.at\/index.php\/wp-json\/wp\/v2\/types\/page"}],"author":[{"embeddable":true,"href":"https:\/\/billroth73.at\/index.php\/wp-json\/wp\/v2\/users\/10"}],"replies":[{"embeddable":true,"href":"https:\/\/billroth73.at\/index.php\/wp-json\/wp\/v2\/comments?post=8949"}],"version-history":[{"count":4,"href":"https:\/\/billroth73.at\/index.php\/wp-json\/wp\/v2\/pages\/8949\/revisions"}],"predecessor-version":[{"id":8954,"href":"https:\/\/billroth73.at\/index.php\/wp-json\/wp\/v2\/pages\/8949\/revisions\/8954"}],"wp:attachment":[{"href":"https:\/\/billroth73.at\/index.php\/wp-json\/wp\/v2\/media?parent=8949"}],"curies":[{"name":"wp","href":"https:\/\/api.w.org\/{rel}","templated":true}]}}