{"id":8357,"date":"2023-09-04T11:25:07","date_gmt":"2023-09-04T09:25:07","guid":{"rendered":"https:\/\/billroth73.at\/?page_id=8357"},"modified":"2023-09-04T14:44:10","modified_gmt":"2023-09-04T12:44:10","slug":"kleidertauschboerse","status":"publish","type":"page","link":"https:\/\/billroth73.at\/index.php\/kleidertauschboerse\/","title":{"rendered":"Kleidertauschb\u00f6rse"},"content":{"rendered":"<p>[vc_row][vc_column][vc_column_text]<\/p>\n<h4>Kampf gegen fast fashion<\/h4>\n<p>&nbsp;<\/p>\n<h5>Zeig her eure Kleider,<br \/>\nzeigt her eure Schuh!<\/h5>\n<p>Im Juni findet eine Second-Hand-Kleiderb\u00f6rse f\u00fcr alle M\u00e4dchen der Oberstufe statt.<br \/>\nBringt auch ihr, was nicht mehr gef\u00e4llt, und tauscht mit anderen M\u00e4dels.<br \/>\nDie \u00fcbrig gebliebenen Sachen werden der Caritas f\u00fcr den guten Zweck gespendet.[\/vc_column_text][vc_empty_space][\/vc_column][\/vc_row][vc_row][vc_column][vc_single_image image=&#8220;8371&#8243; img_size=&#8220;full&#8220; onclick=&#8220;img_link_large&#8220;][vc_single_image image=&#8220;8370&#8243; img_size=&#8220;full&#8220; onclick=&#8220;img_link_large&#8220;][vc_single_image image=&#8220;8369&#8243; img_size=&#8220;full&#8220; onclick=&#8220;img_link_large&#8220;][\/vc_column][\/vc_row]<\/p>\n","protected":false},"excerpt":{"rendered":"<p>[vc_row][vc_column][vc_column_text] Kampf gegen fast fashion &nbsp; Zeig her eure Kleider, zeigt her eure Schuh! Im Juni findet eine Second-Hand-Kleiderb\u00f6rse f\u00fcr alle M\u00e4dchen der Oberstufe statt. Bringt auch ihr, was nicht mehr gef\u00e4llt, und tauscht mit anderen M\u00e4dels. Die \u00fcbrig gebliebenen Sachen werden der Caritas f\u00fcr den guten Zweck gespendet.[\/vc_column_text][vc_empty_space][\/vc_column][\/vc_row][vc_row][vc_column][vc_single_image image=&#8220;8371&#8243; img_size=&#8220;full&#8220; onclick=&#8220;img_link_large&#8220;][vc_single_image image=&#8220;8370&#8243; img_size=&#8220;full&#8220; onclick=&#8220;img_link_large&#8220;][vc_single_image&hellip;<\/p>\n","protected":false},"author":10,"featured_media":0,"parent":0,"menu_order":0,"comment_status":"closed","ping_status":"closed","template":"","meta":{"footnotes":"","_links_to":"","_links_to_target":""},"class_list":["post-8357","page","type-page","status-publish","hentry","description-off"],"_links":{"self":[{"href":"https:\/\/billroth73.at\/index.php\/wp-json\/wp\/v2\/pages\/8357","targetHints":{"allow":["GET"]}}],"collection":[{"href":"https:\/\/billroth73.at\/index.php\/wp-json\/wp\/v2\/pages"}],"about":[{"href":"https:\/\/billroth73.at\/index.php\/wp-json\/wp\/v2\/types\/page"}],"author":[{"embeddable":true,"href":"https:\/\/billroth73.at\/index.php\/wp-json\/wp\/v2\/users\/10"}],"replies":[{"embeddable":true,"href":"https:\/\/billroth73.at\/index.php\/wp-json\/wp\/v2\/comments?post=8357"}],"version-history":[{"count":6,"href":"https:\/\/billroth73.at\/index.php\/wp-json\/wp\/v2\/pages\/8357\/revisions"}],"predecessor-version":[{"id":8377,"href":"https:\/\/billroth73.at\/index.php\/wp-json\/wp\/v2\/pages\/8357\/revisions\/8377"}],"wp:attachment":[{"href":"https:\/\/billroth73.at\/index.php\/wp-json\/wp\/v2\/media?parent=8357"}],"curies":[{"name":"wp","href":"https:\/\/api.w.org\/{rel}","templated":true}]}}