{"id":5472,"date":"2018-11-29T11:36:23","date_gmt":"2018-11-29T10:36:23","guid":{"rendered":"http:\/\/172.20.100.4\/?page_id=5472"},"modified":"2019-01-17T15:00:56","modified_gmt":"2019-01-17T14:00:56","slug":"adventfeier","status":"publish","type":"page","link":"https:\/\/billroth73.at\/index.php\/adventfeier\/","title":{"rendered":"Adventfeier"},"content":{"rendered":"<p>[vc_row][vc_column][vc_column_text]J\u00e4hrlich findet in der Vorweihnachtszeit unsere traditonelle Adventfeier im Veranstaltungssaal statt. Zu den Highlights z\u00e4hlen dabei die Auftritte unseres Schulchores sowie die Beitr\u00e4ge verschiedener Sch\u00fcler und Sch\u00fclerinnen. Au\u00dferdem kann man B\u00fccher, Weihnachtskarten und Kekse erwerben. Der Reinerl\u00f6s geht an ein ausgew\u00e4hltes Sozialprojekt.[\/vc_column_text][vc_empty_space][\/vc_column][\/vc_row][vc_row][vc_column]<style type=\"text\/css\" data-type=\"the7_shortcodes-inline-css\">.gallery-shortcode.gallery-masonry-shortcode-id-f08ba44cfaf34d9bb3e66f68ccf855c6 figure,\n.gallery-shortcode.gallery-masonry-shortcode-id-f08ba44cfaf34d9bb3e66f68ccf855c6 .rollover,\n.gallery-shortcode.gallery-masonry-shortcode-id-f08ba44cfaf34d9bb3e66f68ccf855c6 img,\n.gallery-shortcode.gallery-masonry-shortcode-id-f08ba44cfaf34d9bb3e66f68ccf855c6 .gallery-rollover {\n  border-radius: 0px;\n}\n.gallery-shortcode.gallery-masonry-shortcode-id-f08ba44cfaf34d9bb3e66f68ccf855c6.enable-bg-rollover .gallery-rollover {\n  background: -webkit-linear-gradient();\n  background: linear-gradient();\n}\n.gallery-shortcode.gallery-masonry-shortcode-id-f08ba44cfaf34d9bb3e66f68ccf855c6.enable-bg-rollover.hover-scale figure .rollover:after {\n  background: -webkit-linear-gradient();\n  background: linear-gradient();\n}\n.gallery-shortcode.gallery-masonry-shortcode-id-f08ba44cfaf34d9bb3e66f68ccf855c6 .gallery-zoom-ico {\n  width: 44px;\n  height: 44px;\n  line-height: 44px;\n  border-radius: 100px;\n  margin: -22px 0 0 -22px;\n  border-width: 0px;\n  color: #ffffff;\n}\n.dt-icon-bg-on.gallery-shortcode.gallery-masonry-shortcode-id-f08ba44cfaf34d9bb3e66f68ccf855c6 .gallery-zoom-ico {\n  background: rgba(255,255,255,0.3);\n  box-shadow: none;\n}\n.gallery-shortcode.gallery-masonry-shortcode-id-f08ba44cfaf34d9bb3e66f68ccf855c6 .gallery-zoom-ico:before,\n.gallery-shortcode.gallery-masonry-shortcode-id-f08ba44cfaf34d9bb3e66f68ccf855c6 .gallery-zoom-ico span {\n  font-size: 32px;\n  line-height: 44px;\n  color: #ffffff;\n}\n.gallery-shortcode.gallery-masonry-shortcode-id-f08ba44cfaf34d9bb3e66f68ccf855c6:not(.resize-by-browser-width) .dt-css-grid {\n  grid-row-gap: 10px;\n  grid-column-gap: 10px;\n  grid-template-columns: repeat(auto-fill,minmax(,1fr));\n}\n.gallery-shortcode.gallery-masonry-shortcode-id-f08ba44cfaf34d9bb3e66f68ccf855c6:not(.resize-by-browser-width) .dt-css-grid .double-width {\n  grid-column: span 2;\n}\n.cssgridlegacy.no-cssgrid .gallery-shortcode.gallery-masonry-shortcode-id-f08ba44cfaf34d9bb3e66f68ccf855c6:not(.resize-by-browser-width) .dt-css-grid,\n.no-cssgridlegacy.no-cssgrid .gallery-shortcode.gallery-masonry-shortcode-id-f08ba44cfaf34d9bb3e66f68ccf855c6:not(.resize-by-browser-width) .dt-css-grid {\n  display: flex;\n  flex-flow: row wrap;\n  margin: -5px;\n}\n.cssgridlegacy.no-cssgrid .gallery-shortcode.gallery-masonry-shortcode-id-f08ba44cfaf34d9bb3e66f68ccf855c6:not(.resize-by-browser-width) .dt-css-grid .wf-cell,\n.no-cssgridlegacy.no-cssgrid .gallery-shortcode.gallery-masonry-shortcode-id-f08ba44cfaf34d9bb3e66f68ccf855c6:not(.resize-by-browser-width) .dt-css-grid .wf-cell {\n  flex: 1 0 ;\n  max-width: 100%;\n  padding: 5px;\n  box-sizing: border-box;\n}\n.gallery-shortcode.gallery-masonry-shortcode-id-f08ba44cfaf34d9bb3e66f68ccf855c6.resize-by-browser-width .dt-css-grid {\n  grid-template-columns: repeat(6,1fr);\n  grid-template-rows: auto;\n  grid-column-gap: 10px;\n  grid-row-gap: 10px;\n}\n.gallery-shortcode.gallery-masonry-shortcode-id-f08ba44cfaf34d9bb3e66f68ccf855c6.resize-by-browser-width .dt-css-grid .double-width {\n  grid-column: span 2;\n}\n.cssgridlegacy.no-cssgrid .gallery-shortcode.gallery-masonry-shortcode-id-f08ba44cfaf34d9bb3e66f68ccf855c6.resize-by-browser-width .dt-css-grid {\n  margin: -5px;\n}\n.cssgridlegacy.no-cssgrid .gallery-shortcode.gallery-masonry-shortcode-id-f08ba44cfaf34d9bb3e66f68ccf855c6.resize-by-browser-width .dt-css-grid .wf-cell {\n  width: 16.666666666667%;\n  padding: 5px;\n}\n.cssgridlegacy.no-cssgrid .gallery-shortcode.gallery-masonry-shortcode-id-f08ba44cfaf34d9bb3e66f68ccf855c6.resize-by-browser-width .dt-css-grid .wf-cell.double-width {\n  width: calc(16.666666666667%) * 2;\n}\n.gallery-shortcode.gallery-masonry-shortcode-id-f08ba44cfaf34d9bb3e66f68ccf855c6.resize-by-browser-width:not(.centered-layout-list):not(.content-bg-on) .dt-css-grid {\n  grid-row-gap: 10px - ;\n}\n@media screen and (max-width: 1199px) {\n  .gallery-shortcode.gallery-masonry-shortcode-id-f08ba44cfaf34d9bb3e66f68ccf855c6.resize-by-browser-width .dt-css-grid {\n    grid-template-columns: repeat(4,1fr);\n  }\n  .cssgridlegacy.no-cssgrid .gallery-shortcode.gallery-masonry-shortcode-id-f08ba44cfaf34d9bb3e66f68ccf855c6.resize-by-browser-width .dt-css-grid .wf-cell,\n  .no-cssgridlegacy.no-cssgrid .gallery-shortcode.gallery-masonry-shortcode-id-f08ba44cfaf34d9bb3e66f68ccf855c6.resize-by-browser-width .dt-css-grid .wf-cell {\n    width: 25%;\n  }\n  .cssgridlegacy.no-cssgrid .gallery-shortcode.gallery-masonry-shortcode-id-f08ba44cfaf34d9bb3e66f68ccf855c6.resize-by-browser-width .dt-css-grid .wf-cell.double-width,\n  .no-cssgridlegacy.no-cssgrid .gallery-shortcode.gallery-masonry-shortcode-id-f08ba44cfaf34d9bb3e66f68ccf855c6.resize-by-browser-width .dt-css-grid .wf-cell.double-width {\n    width: calc(25%)*2;\n  }\n}\n@media screen and (max-width: 991px) {\n  .gallery-shortcode.gallery-masonry-shortcode-id-f08ba44cfaf34d9bb3e66f68ccf855c6.resize-by-browser-width .dt-css-grid {\n    grid-template-columns: repeat(3,1fr);\n  }\n  .cssgridlegacy.no-cssgrid .gallery-shortcode.gallery-masonry-shortcode-id-f08ba44cfaf34d9bb3e66f68ccf855c6.resize-by-browser-width .dt-css-grid .wf-cell,\n  .no-cssgridlegacy.no-cssgrid .gallery-shortcode.gallery-masonry-shortcode-id-f08ba44cfaf34d9bb3e66f68ccf855c6.resize-by-browser-width .dt-css-grid .wf-cell {\n    width: 33.333333333333%;\n  }\n  .cssgridlegacy.no-cssgrid .gallery-shortcode.gallery-masonry-shortcode-id-f08ba44cfaf34d9bb3e66f68ccf855c6.resize-by-browser-width .dt-css-grid .wf-cell.double-width,\n  .no-cssgridlegacy.no-cssgrid .gallery-shortcode.gallery-masonry-shortcode-id-f08ba44cfaf34d9bb3e66f68ccf855c6.resize-by-browser-width .dt-css-grid .wf-cell.double-width {\n    width: calc(33.333333333333%)*2;\n  }\n}\n@media screen and (max-width: 767px) {\n  .gallery-shortcode.gallery-masonry-shortcode-id-f08ba44cfaf34d9bb3e66f68ccf855c6.resize-by-browser-width .dt-css-grid {\n    grid-template-columns: repeat(2,1fr);\n  }\n  .cssgridlegacy.no-cssgrid .gallery-shortcode.gallery-masonry-shortcode-id-f08ba44cfaf34d9bb3e66f68ccf855c6.resize-by-browser-width .dt-css-grid .wf-cell,\n  .no-cssgridlegacy.no-cssgrid .gallery-shortcode.gallery-masonry-shortcode-id-f08ba44cfaf34d9bb3e66f68ccf855c6.resize-by-browser-width .dt-css-grid .wf-cell {\n    width: 50%;\n  }\n  .cssgridlegacy.no-cssgrid .gallery-shortcode.gallery-masonry-shortcode-id-f08ba44cfaf34d9bb3e66f68ccf855c6.resize-by-browser-width .dt-css-grid .wf-cell.double-width,\n  .no-cssgridlegacy.no-cssgrid .gallery-shortcode.gallery-masonry-shortcode-id-f08ba44cfaf34d9bb3e66f68ccf855c6.resize-by-browser-width .dt-css-grid .wf-cell.double-width {\n    width: calc(50%)*2;\n  }\n}\n<\/style><div class=\"gallery-shortcode dt-gallery-container gallery-masonry-shortcode-id-f08ba44cfaf34d9bb3e66f68ccf855c6 mode-grid jquery-filter dt-icon-bg-off quick-scale-img dt-css-grid-wrap enable-bg-rollover resize-by-browser-width  hover-fade loading-effect-fade-in description-on-hover\" data-padding=\"5px\" data-cur-page=\"1\" data-post-limit=\"-1\" data-pagination-mode=\"none\" data-desktop-columns-num=\"6\" data-v-tablet-columns-num=\"3\" data-h-tablet-columns-num=\"4\" data-phone-columns-num=\"2\" data-width=\"0px\" data-columns=\"0\"><div class=\"dt-css-grid\" ><div class=\"wf-cell\" data-post-id=\"5771\" data-date=\"2019-01-17T14:26:05+01:00\" data-name=\"adventfeier\"><figure class=\"post visible\"><a href=\"https:\/\/billroth73.at\/wp-content\/uploads\/2019\/01\/adventfeier.jpg\" class=\"rollover dt-pswp-item layzr-bg\" data-large_image_width=\"604\" data-large_image_height=\"340\" data-dt-img-description=\"\" title=\"adventfeier\"><img fetchpriority=\"high\" decoding=\"async\" class=\"preload-me iso-lazy-load aspect\" src=\"data:image\/svg+xml,%3Csvg%20xmlns%3D&#39;http%3A%2F%2Fwww.w3.org%2F2000%2Fsvg&#39;%20viewBox%3D&#39;0%200%20340%20340&#39;%2F%3E\" data-src=\"https:\/\/billroth73.at\/wp-content\/uploads\/2019\/01\/adventfeier-340x340.jpg\" data-srcset=\"https:\/\/billroth73.at\/wp-content\/uploads\/2019\/01\/adventfeier-340x340.jpg 340w\" loading=\"eager\" style=\"--ratio: 340 \/ 340\" sizes=\"(max-width: 340px) 100vw, 340px\" alt=\"\" width=\"340\" height=\"340\"  \/><span class=\"gallery-rollover\"><span class=\"gallery-zoom-ico icomoon-the7-font-the7-zoom-06\"><span><\/span><\/span><\/span><\/a><\/figure><\/div><\/div><!-- iso-container|iso-grid --><\/div>[\/vc_column][\/vc_row]<\/p>\n","protected":false},"excerpt":{"rendered":"<p>[vc_row][vc_column][vc_column_text]J\u00e4hrlich findet in der Vorweihnachtszeit unsere traditonelle Adventfeier im Veranstaltungssaal statt. Zu den Highlights z\u00e4hlen dabei die Auftritte unseres Schulchores sowie die Beitr\u00e4ge verschiedener Sch\u00fcler und Sch\u00fclerinnen. Au\u00dferdem kann man B\u00fccher, Weihnachtskarten und Kekse erwerben. Der Reinerl\u00f6s geht an ein ausgew\u00e4hltes Sozialprojekt.[\/vc_column_text][vc_empty_space][\/vc_column][\/vc_row][vc_row][vc_column][\/vc_column][\/vc_row]<\/p>\n","protected":false},"author":1,"featured_media":0,"parent":0,"menu_order":0,"comment_status":"closed","ping_status":"closed","template":"","meta":{"footnotes":"","_links_to":"","_links_to_target":""},"class_list":["post-5472","page","type-page","status-publish","hentry","description-off"],"_links":{"self":[{"href":"https:\/\/billroth73.at\/index.php\/wp-json\/wp\/v2\/pages\/5472","targetHints":{"allow":["GET"]}}],"collection":[{"href":"https:\/\/billroth73.at\/index.php\/wp-json\/wp\/v2\/pages"}],"about":[{"href":"https:\/\/billroth73.at\/index.php\/wp-json\/wp\/v2\/types\/page"}],"author":[{"embeddable":true,"href":"https:\/\/billroth73.at\/index.php\/wp-json\/wp\/v2\/users\/1"}],"replies":[{"embeddable":true,"href":"https:\/\/billroth73.at\/index.php\/wp-json\/wp\/v2\/comments?post=5472"}],"version-history":[{"count":6,"href":"https:\/\/billroth73.at\/index.php\/wp-json\/wp\/v2\/pages\/5472\/revisions"}],"predecessor-version":[{"id":5778,"href":"https:\/\/billroth73.at\/index.php\/wp-json\/wp\/v2\/pages\/5472\/revisions\/5778"}],"wp:attachment":[{"href":"https:\/\/billroth73.at\/index.php\/wp-json\/wp\/v2\/media?parent=5472"}],"curies":[{"name":"wp","href":"https:\/\/api.w.org\/{rel}","templated":true}]}}