{"id":5063,"date":"2018-11-17T09:57:06","date_gmt":"2018-11-17T08:57:06","guid":{"rendered":"http:\/\/172.20.100.4\/?page_id=5063"},"modified":"2026-03-20T11:43:37","modified_gmt":"2026-03-20T10:43:37","slug":"dokumente","status":"publish","type":"page","link":"https:\/\/billroth73.at\/index.php\/dokumente\/","title":{"rendered":"Dokumente"},"content":{"rendered":"<p>[vc_row][vc_column][vc_column_text]<a href=\"https:\/\/billroth73.at\/wp-content\/uploads\/2023\/10\/MOST-2.0-INFO-ab-SJ-2023_24_ab-der-10.-Schulstufe-aufsteigend.pptx\" target=\"_blank\" rel=\"noopener\">Informationen zur Most im \u00dcberblick als PowerPoint-Pr\u00e4sentation<\/a><\/p>\n<p><a href=\"http:\/\/billroth73.at\/wp-content\/uploads\/2019\/10\/Stundenplanformular-Wiederholung-eines-Basismoduls.pdf\">Stundenplanformular: Wiederholung eines Basismoduls<\/a><\/p>\n<p><a href=\"http:\/\/billroth73.at\/wp-content\/uploads\/2019\/10\/Kolloquien-Anmeldung-Semestertermin.pdf\">Kolloquien Anmeldung Semestertermin<\/a><\/p>\n<p><a href=\"http:\/\/billroth73.at\/wp-content\/uploads\/2019\/10\/Vertrag-f\u00fcr-Kurswiederholung-Crossover.pdf\">Vertrag f\u00fcr Kurswiederholung &#8211; Crossover<\/a><\/p>\n<p><a href=\"http:\/\/billroth73.at\/wp-content\/uploads\/2019\/10\/Kolloquien-Anmeldung-Herbsttermin.pdf\">Kolloquien Anmeldung Herbsttermin<\/a><\/p>\n<p><a href=\"https:\/\/billroth73.at\/wp-content\/uploads\/2026\/03\/CourseBook_20260319_1342.pdf\" target=\"_blank\" rel=\"noopener\">Kursbuch Schuljahr 2026\/27<\/a>[\/vc_column_text][\/vc_column][\/vc_row]<\/p>\n","protected":false},"excerpt":{"rendered":"<p>[vc_row][vc_column][vc_column_text]Informationen zur Most im \u00dcberblick als PowerPoint-Pr\u00e4sentation Stundenplanformular: Wiederholung eines Basismoduls Kolloquien Anmeldung Semestertermin Vertrag f\u00fcr Kurswiederholung &#8211; Crossover Kolloquien Anmeldung Herbsttermin Kursbuch Schuljahr 2026\/27[\/vc_column_text][\/vc_column][\/vc_row]<\/p>\n","protected":false},"author":1,"featured_media":0,"parent":0,"menu_order":0,"comment_status":"closed","ping_status":"closed","template":"","meta":{"footnotes":"","_links_to":"","_links_to_target":""},"class_list":["post-5063","page","type-page","status-publish","hentry","description-off"],"_links":{"self":[{"href":"https:\/\/billroth73.at\/index.php\/wp-json\/wp\/v2\/pages\/5063","targetHints":{"allow":["GET"]}}],"collection":[{"href":"https:\/\/billroth73.at\/index.php\/wp-json\/wp\/v2\/pages"}],"about":[{"href":"https:\/\/billroth73.at\/index.php\/wp-json\/wp\/v2\/types\/page"}],"author":[{"embeddable":true,"href":"https:\/\/billroth73.at\/index.php\/wp-json\/wp\/v2\/users\/1"}],"replies":[{"embeddable":true,"href":"https:\/\/billroth73.at\/index.php\/wp-json\/wp\/v2\/comments?post=5063"}],"version-history":[{"count":29,"href":"https:\/\/billroth73.at\/index.php\/wp-json\/wp\/v2\/pages\/5063\/revisions"}],"predecessor-version":[{"id":8945,"href":"https:\/\/billroth73.at\/index.php\/wp-json\/wp\/v2\/pages\/5063\/revisions\/8945"}],"wp:attachment":[{"href":"https:\/\/billroth73.at\/index.php\/wp-json\/wp\/v2\/media?parent=5063"}],"curies":[{"name":"wp","href":"https:\/\/api.w.org\/{rel}","templated":true}]}}