{"id":5056,"date":"2018-11-17T09:47:03","date_gmt":"2018-11-17T08:47:03","guid":{"rendered":"http:\/\/172.20.100.4\/?page_id=5056"},"modified":"2025-10-17T09:03:19","modified_gmt":"2025-10-17T07:03:19","slug":"formulare-downloads","status":"publish","type":"page","link":"https:\/\/billroth73.at\/index.php\/formulare-downloads\/","title":{"rendered":"Formulare\/Downloads"},"content":{"rendered":"<p>[vc_row][vc_column width=&#8220;1\/2&#8243; offset=&#8220;vc_col-lg-offset-0&#8243;][vc_column_text]Hier finden Sie die <strong>Downloads<\/strong> f\u00fcr folgende Formulare.<\/p>\n<p>&nbsp;<\/p>\n<p><a href=\"https:\/\/billroth73.at\/wp-content\/uploads\/2022\/02\/Anmeldung-1.Klasse.pdf\">Anmeldeformular f\u00fcr die 1. Klasse<\/a><\/p>\n<p><a href=\"https:\/\/billroth73.at\/wp-content\/uploads\/2025\/10\/Anmeldung-DLP_2026.27_Homepage.doc\" target=\"_blank\" rel=\"noopener\">Anmeldeformular f\u00fcr die 1. Klasse DLP<\/a><\/p>\n<p><a href=\"https:\/\/billroth73.at\/wp-content\/uploads\/2022\/02\/Anmeldung-Quereinstieg1.pdf\">Anmeldung Quereinstieg<\/a><\/p>\n<p><a href=\"https:\/\/billroth73.at\/wp-content\/uploads\/2022\/02\/Abmeldung-vom-Schulbesuch1.pdf\">Abmeldung vom Schulbesuch<\/a><\/p>\n<p><a href=\"\/wp-content\/uploads\/2018\/11\/Entschuldigung.pdf.zip\">Entschuldigung<\/a><\/p>\n<p><a href=\"https:\/\/billroth73.at\/wp-content\/uploads\/2022\/10\/Formular-Fernleiben-bis-zu-einer-Woche.docx\">Ansuchen um Fernbleiben vom Unterricht bis zu einer Woche<\/a><\/p>\n<p><a href=\"https:\/\/billroth73.at\/wp-content\/uploads\/2025\/09\/Ansuchen-um-teilweise-Freistellung-vom-Unterricht-im-Fach-Bewegung-und-Sport-gemaess.pdf\" target=\"_blank\" rel=\"noopener\">Ansuchen um teilweise Freistellung vom Unterricht in Bewegung und Sport<\/a>[\/vc_column_text][\/vc_column][\/vc_row][vc_row][vc_column][vc_empty_space][vc_empty_space][vc_column_text]Formulare, die die <strong>Tagesbetreuung<\/strong> betreffen, finden Sie <a href=\"https:\/\/billroth73.at\/index.php\/tab-downloads\/\">hier<\/a>.<br \/>\nFormulare, die die <strong>modulare Oberstufe<\/strong> betreffen, finden Sie <a href=\"https:\/\/billroth73.at\/index.php\/dokumente\/\">hier<\/a>.[\/vc_column_text][\/vc_column][\/vc_row]<\/p>\n","protected":false},"excerpt":{"rendered":"<p>[vc_row][vc_column width=&#8220;1\/2&#8243; offset=&#8220;vc_col-lg-offset-0&#8243;][vc_column_text]Hier finden Sie die Downloads f\u00fcr folgende Formulare. &nbsp; Anmeldeformular f\u00fcr die 1. Klasse Anmeldeformular f\u00fcr die 1. Klasse DLP Anmeldung Quereinstieg Abmeldung vom Schulbesuch Entschuldigung Ansuchen um Fernbleiben vom Unterricht bis zu einer Woche Ansuchen um teilweise Freistellung vom Unterricht in Bewegung und Sport[\/vc_column_text][\/vc_column][\/vc_row][vc_row][vc_column][vc_empty_space][vc_empty_space][vc_column_text]Formulare, die die Tagesbetreuung betreffen, finden Sie hier. Formulare,&hellip;<\/p>\n","protected":false},"author":1,"featured_media":0,"parent":0,"menu_order":0,"comment_status":"closed","ping_status":"closed","template":"","meta":{"footnotes":"","_links_to":"","_links_to_target":""},"class_list":["post-5056","page","type-page","status-publish","hentry","description-off"],"_links":{"self":[{"href":"https:\/\/billroth73.at\/index.php\/wp-json\/wp\/v2\/pages\/5056","targetHints":{"allow":["GET"]}}],"collection":[{"href":"https:\/\/billroth73.at\/index.php\/wp-json\/wp\/v2\/pages"}],"about":[{"href":"https:\/\/billroth73.at\/index.php\/wp-json\/wp\/v2\/types\/page"}],"author":[{"embeddable":true,"href":"https:\/\/billroth73.at\/index.php\/wp-json\/wp\/v2\/users\/1"}],"replies":[{"embeddable":true,"href":"https:\/\/billroth73.at\/index.php\/wp-json\/wp\/v2\/comments?post=5056"}],"version-history":[{"count":25,"href":"https:\/\/billroth73.at\/index.php\/wp-json\/wp\/v2\/pages\/5056\/revisions"}],"predecessor-version":[{"id":8886,"href":"https:\/\/billroth73.at\/index.php\/wp-json\/wp\/v2\/pages\/5056\/revisions\/8886"}],"wp:attachment":[{"href":"https:\/\/billroth73.at\/index.php\/wp-json\/wp\/v2\/media?parent=5056"}],"curies":[{"name":"wp","href":"https:\/\/api.w.org\/{rel}","templated":true}]}}