{"id":4668,"date":"2018-10-26T13:20:05","date_gmt":"2018-10-26T11:20:05","guid":{"rendered":"http:\/\/172.20.100.4\/?page_id=4668"},"modified":"2018-10-30T14:51:22","modified_gmt":"2018-10-30T13:51:22","slug":"fruehjahrskonzerte","status":"publish","type":"page","link":"https:\/\/billroth73.at\/index.php\/fruehjahrskonzerte\/","title":{"rendered":"Fr\u00fchlingskonzert"},"content":{"rendered":"<p>[vc_row][vc_column][vc_column_text]Allj\u00e4hrlich findet unser traditionelles &#8222;Fr\u00fchlingskonzert&#8220; im Haus der Begegnung in der Gatterburggasse statt. Den aktuellen Termin finden Sie unter Termine. Freuen Sie sich mit uns \u00fcber die hervorragenden, musikalischen Leistungen unserer Sch\u00fclerinnen und Sch\u00fcler und genie\u00dfen Sie einen wundersch\u00f6nen Abend im Kreise unserer Schulgemeinschaft.[\/vc_column_text][vc_empty_space height=&#8220;60px&#8220;][\/vc_column][\/vc_row][vc_row][vc_column]<style type=\"text\/css\" data-type=\"the7_shortcodes-inline-css\">.gallery-shortcode.gallery-masonry-shortcode-id-29c7af5cd0d738b7888f818543ac169a figure,\n.gallery-shortcode.gallery-masonry-shortcode-id-29c7af5cd0d738b7888f818543ac169a .rollover,\n.gallery-shortcode.gallery-masonry-shortcode-id-29c7af5cd0d738b7888f818543ac169a img,\n.gallery-shortcode.gallery-masonry-shortcode-id-29c7af5cd0d738b7888f818543ac169a .gallery-rollover {\n  border-radius: 0px;\n}\n.gallery-shortcode.gallery-masonry-shortcode-id-29c7af5cd0d738b7888f818543ac169a.enable-bg-rollover .gallery-rollover {\n  background: -webkit-linear-gradient();\n  background: linear-gradient();\n}\n.gallery-shortcode.gallery-masonry-shortcode-id-29c7af5cd0d738b7888f818543ac169a.enable-bg-rollover.hover-scale figure .rollover:after {\n  background: -webkit-linear-gradient();\n  background: linear-gradient();\n}\n.gallery-shortcode.gallery-masonry-shortcode-id-29c7af5cd0d738b7888f818543ac169a .gallery-zoom-ico {\n  width: 44px;\n  height: 44px;\n  line-height: 44px;\n  border-radius: 100px;\n  margin: -22px 0 0 -22px;\n  border-width: 0px;\n  color: #ffffff;\n}\n.dt-icon-bg-on.gallery-shortcode.gallery-masonry-shortcode-id-29c7af5cd0d738b7888f818543ac169a .gallery-zoom-ico {\n  background: rgba(255,255,255,0.3);\n  box-shadow: none;\n}\n.gallery-shortcode.gallery-masonry-shortcode-id-29c7af5cd0d738b7888f818543ac169a .gallery-zoom-ico:before,\n.gallery-shortcode.gallery-masonry-shortcode-id-29c7af5cd0d738b7888f818543ac169a .gallery-zoom-ico span {\n  font-size: 32px;\n  line-height: 44px;\n  color: #ffffff;\n}\n.gallery-shortcode.gallery-masonry-shortcode-id-29c7af5cd0d738b7888f818543ac169a:not(.resize-by-browser-width) .dt-css-grid {\n  grid-row-gap: 10px;\n  grid-column-gap: 10px;\n  grid-template-columns: repeat(auto-fill,minmax(,1fr));\n}\n.gallery-shortcode.gallery-masonry-shortcode-id-29c7af5cd0d738b7888f818543ac169a:not(.resize-by-browser-width) .dt-css-grid .double-width {\n  grid-column: span 2;\n}\n.cssgridlegacy.no-cssgrid .gallery-shortcode.gallery-masonry-shortcode-id-29c7af5cd0d738b7888f818543ac169a:not(.resize-by-browser-width) .dt-css-grid,\n.no-cssgridlegacy.no-cssgrid .gallery-shortcode.gallery-masonry-shortcode-id-29c7af5cd0d738b7888f818543ac169a:not(.resize-by-browser-width) .dt-css-grid {\n  display: flex;\n  flex-flow: row wrap;\n  margin: -5px;\n}\n.cssgridlegacy.no-cssgrid .gallery-shortcode.gallery-masonry-shortcode-id-29c7af5cd0d738b7888f818543ac169a:not(.resize-by-browser-width) .dt-css-grid .wf-cell,\n.no-cssgridlegacy.no-cssgrid .gallery-shortcode.gallery-masonry-shortcode-id-29c7af5cd0d738b7888f818543ac169a:not(.resize-by-browser-width) .dt-css-grid .wf-cell {\n  flex: 1 0 ;\n  max-width: 100%;\n  padding: 5px;\n  box-sizing: border-box;\n}\n.gallery-shortcode.gallery-masonry-shortcode-id-29c7af5cd0d738b7888f818543ac169a.resize-by-browser-width .dt-css-grid {\n  grid-template-columns: repeat(3,1fr);\n  grid-template-rows: auto;\n  grid-column-gap: 10px;\n  grid-row-gap: 10px;\n}\n.gallery-shortcode.gallery-masonry-shortcode-id-29c7af5cd0d738b7888f818543ac169a.resize-by-browser-width .dt-css-grid .double-width {\n  grid-column: span 2;\n}\n.cssgridlegacy.no-cssgrid .gallery-shortcode.gallery-masonry-shortcode-id-29c7af5cd0d738b7888f818543ac169a.resize-by-browser-width .dt-css-grid {\n  margin: -5px;\n}\n.cssgridlegacy.no-cssgrid .gallery-shortcode.gallery-masonry-shortcode-id-29c7af5cd0d738b7888f818543ac169a.resize-by-browser-width .dt-css-grid .wf-cell {\n  width: 33.333333333333%;\n  padding: 5px;\n}\n.cssgridlegacy.no-cssgrid .gallery-shortcode.gallery-masonry-shortcode-id-29c7af5cd0d738b7888f818543ac169a.resize-by-browser-width .dt-css-grid .wf-cell.double-width {\n  width: calc(33.333333333333%) * 2;\n}\n.gallery-shortcode.gallery-masonry-shortcode-id-29c7af5cd0d738b7888f818543ac169a.resize-by-browser-width:not(.centered-layout-list):not(.content-bg-on) .dt-css-grid {\n  grid-row-gap: 10px - ;\n}\n@media screen and (max-width: 1199px) {\n  .gallery-shortcode.gallery-masonry-shortcode-id-29c7af5cd0d738b7888f818543ac169a.resize-by-browser-width .dt-css-grid {\n    grid-template-columns: repeat(2,1fr);\n  }\n  .cssgridlegacy.no-cssgrid .gallery-shortcode.gallery-masonry-shortcode-id-29c7af5cd0d738b7888f818543ac169a.resize-by-browser-width .dt-css-grid .wf-cell,\n  .no-cssgridlegacy.no-cssgrid .gallery-shortcode.gallery-masonry-shortcode-id-29c7af5cd0d738b7888f818543ac169a.resize-by-browser-width .dt-css-grid .wf-cell {\n    width: 50%;\n  }\n  .cssgridlegacy.no-cssgrid .gallery-shortcode.gallery-masonry-shortcode-id-29c7af5cd0d738b7888f818543ac169a.resize-by-browser-width .dt-css-grid .wf-cell.double-width,\n  .no-cssgridlegacy.no-cssgrid .gallery-shortcode.gallery-masonry-shortcode-id-29c7af5cd0d738b7888f818543ac169a.resize-by-browser-width .dt-css-grid .wf-cell.double-width {\n    width: calc(50%)*2;\n  }\n}\n@media screen and (max-width: 991px) {\n  .gallery-shortcode.gallery-masonry-shortcode-id-29c7af5cd0d738b7888f818543ac169a.resize-by-browser-width .dt-css-grid {\n    grid-template-columns: repeat(2,1fr);\n  }\n  .cssgridlegacy.no-cssgrid .gallery-shortcode.gallery-masonry-shortcode-id-29c7af5cd0d738b7888f818543ac169a.resize-by-browser-width .dt-css-grid .wf-cell,\n  .no-cssgridlegacy.no-cssgrid .gallery-shortcode.gallery-masonry-shortcode-id-29c7af5cd0d738b7888f818543ac169a.resize-by-browser-width .dt-css-grid .wf-cell {\n    width: 50%;\n  }\n  .cssgridlegacy.no-cssgrid .gallery-shortcode.gallery-masonry-shortcode-id-29c7af5cd0d738b7888f818543ac169a.resize-by-browser-width .dt-css-grid .wf-cell.double-width,\n  .no-cssgridlegacy.no-cssgrid .gallery-shortcode.gallery-masonry-shortcode-id-29c7af5cd0d738b7888f818543ac169a.resize-by-browser-width .dt-css-grid .wf-cell.double-width {\n    width: calc(50%)*2;\n  }\n}\n@media screen and (max-width: 767px) {\n  .gallery-shortcode.gallery-masonry-shortcode-id-29c7af5cd0d738b7888f818543ac169a.resize-by-browser-width .dt-css-grid {\n    grid-template-columns: repeat(1,1fr);\n  }\n  .cssgridlegacy.no-cssgrid .gallery-shortcode.gallery-masonry-shortcode-id-29c7af5cd0d738b7888f818543ac169a.resize-by-browser-width .dt-css-grid .wf-cell,\n  .no-cssgridlegacy.no-cssgrid .gallery-shortcode.gallery-masonry-shortcode-id-29c7af5cd0d738b7888f818543ac169a.resize-by-browser-width .dt-css-grid .wf-cell {\n    width: 100%;\n  }\n  .cssgridlegacy.no-cssgrid .gallery-shortcode.gallery-masonry-shortcode-id-29c7af5cd0d738b7888f818543ac169a.resize-by-browser-width .dt-css-grid .wf-cell.double-width,\n  .no-cssgridlegacy.no-cssgrid .gallery-shortcode.gallery-masonry-shortcode-id-29c7af5cd0d738b7888f818543ac169a.resize-by-browser-width .dt-css-grid .wf-cell.double-width {\n    width: calc(100%)*2;\n  }\n}\n<\/style><div class=\"gallery-shortcode dt-gallery-container gallery-masonry-shortcode-id-29c7af5cd0d738b7888f818543ac169a mode-grid jquery-filter dt-icon-bg-off quick-scale-img dt-css-grid-wrap enable-bg-rollover resize-by-browser-width  hover-fade loading-effect-none description-on-hover\" data-padding=\"5px\" data-cur-page=\"1\" data-post-limit=\"-1\" data-pagination-mode=\"none\" data-desktop-columns-num=\"3\" data-v-tablet-columns-num=\"2\" data-h-tablet-columns-num=\"2\" data-phone-columns-num=\"1\" data-width=\"0px\" data-columns=\"0\"><div class=\"dt-css-grid\" ><div class=\"wf-cell\" data-post-id=\"4781\" data-date=\"2018-10-30T10:54:57+01:00\" data-name=\"Musik\"><figure class=\"post visible\"><a href=\"https:\/\/billroth73.at\/wp-content\/uploads\/2018\/10\/Musik-II-e1543487228363.jpg\" class=\"rollover dt-pswp-item layzr-bg\" data-large_image_width=\"1000\" data-large_image_height=\"667\" data-dt-img-description=\"\" title=\"Musik\"><img fetchpriority=\"high\" decoding=\"async\" class=\"preload-me iso-lazy-load aspect\" src=\"data:image\/svg+xml,%3Csvg%20xmlns%3D&#39;http%3A%2F%2Fwww.w3.org%2F2000%2Fsvg&#39;%20viewBox%3D&#39;0%200%20667%20667&#39;%2F%3E\" data-src=\"https:\/\/billroth73.at\/wp-content\/uploads\/2018\/10\/Musik-II-e1543487228363-667x667.jpg\" data-srcset=\"https:\/\/billroth73.at\/wp-content\/uploads\/2018\/10\/Musik-II-e1543487228363-667x667.jpg 667w\" loading=\"eager\" style=\"--ratio: 667 \/ 667\" sizes=\"(max-width: 667px) 100vw, 667px\" alt=\"\" width=\"667\" height=\"667\"  \/><span class=\"gallery-rollover\"><span class=\"gallery-zoom-ico icomoon-the7-font-the7-zoom-06\"><span><\/span><\/span><\/span><\/a><\/figure><\/div><div class=\"wf-cell\" data-post-id=\"4603\" data-date=\"2018-10-25T10:18:54+02:00\" data-name=\"Chorifeenfoto2017\"><figure class=\"post visible\"><a href=\"https:\/\/billroth73.at\/wp-content\/uploads\/2018\/10\/Chorifeenfoto2017.jpg\" class=\"rollover dt-pswp-item layzr-bg\" data-large_image_width=\"992\" data-large_image_height=\"744\" data-dt-img-description=\"\" title=\"Chorifeenfoto2017\"><img decoding=\"async\" class=\"preload-me iso-lazy-load aspect\" src=\"data:image\/svg+xml,%3Csvg%20xmlns%3D&#39;http%3A%2F%2Fwww.w3.org%2F2000%2Fsvg&#39;%20viewBox%3D&#39;0%200%20744%20744&#39;%2F%3E\" data-src=\"https:\/\/billroth73.at\/wp-content\/uploads\/2018\/10\/Chorifeenfoto2017-744x744.jpg\" data-srcset=\"https:\/\/billroth73.at\/wp-content\/uploads\/2018\/10\/Chorifeenfoto2017-744x744.jpg 744w\" loading=\"eager\" style=\"--ratio: 744 \/ 744\" sizes=\"(max-width: 744px) 100vw, 744px\" alt=\"\" width=\"744\" height=\"744\"  \/><span class=\"gallery-rollover\"><span class=\"gallery-zoom-ico icomoon-the7-font-the7-zoom-06\"><span><\/span><\/span><\/span><\/a><\/figure><\/div><div class=\"wf-cell\" data-post-id=\"4780\" data-date=\"2018-10-30T10:54:29+01:00\" data-name=\"Musik\"><figure class=\"post visible\"><a href=\"https:\/\/billroth73.at\/wp-content\/uploads\/2018\/10\/Musik-e1543487260580.jpg\" class=\"rollover dt-pswp-item layzr-bg\" data-large_image_width=\"1000\" data-large_image_height=\"667\" data-dt-img-description=\"\" title=\"Musik\"><img decoding=\"async\" class=\"preload-me iso-lazy-load aspect\" src=\"data:image\/svg+xml,%3Csvg%20xmlns%3D&#39;http%3A%2F%2Fwww.w3.org%2F2000%2Fsvg&#39;%20viewBox%3D&#39;0%200%20667%20667&#39;%2F%3E\" data-src=\"https:\/\/billroth73.at\/wp-content\/uploads\/2018\/10\/Musik-e1543487260580-667x667.jpg\" data-srcset=\"https:\/\/billroth73.at\/wp-content\/uploads\/2018\/10\/Musik-e1543487260580-667x667.jpg 667w\" loading=\"eager\" style=\"--ratio: 667 \/ 667\" sizes=\"(max-width: 667px) 100vw, 667px\" alt=\"\" width=\"667\" height=\"667\"  \/><span class=\"gallery-rollover\"><span class=\"gallery-zoom-ico icomoon-the7-font-the7-zoom-06\"><span><\/span><\/span><\/span><\/a><\/figure><\/div><\/div><!-- iso-container|iso-grid --><\/div>[\/vc_column][\/vc_row]<\/p>\n","protected":false},"excerpt":{"rendered":"<p>[vc_row][vc_column][vc_column_text]Allj\u00e4hrlich findet unser traditionelles &#8222;Fr\u00fchlingskonzert&#8220; im Haus der Begegnung in der Gatterburggasse statt. Den aktuellen Termin finden Sie unter Termine. Freuen Sie sich mit uns \u00fcber die hervorragenden, musikalischen Leistungen unserer Sch\u00fclerinnen und Sch\u00fcler und genie\u00dfen Sie einen wundersch\u00f6nen Abend im Kreise unserer Schulgemeinschaft.[\/vc_column_text][vc_empty_space height=&#8220;60px&#8220;][\/vc_column][\/vc_row][vc_row][vc_column][\/vc_column][\/vc_row]<\/p>\n","protected":false},"author":1,"featured_media":0,"parent":0,"menu_order":0,"comment_status":"closed","ping_status":"closed","template":"","meta":{"footnotes":"","_links_to":"","_links_to_target":""},"class_list":["post-4668","page","type-page","status-publish","hentry","description-off"],"_links":{"self":[{"href":"https:\/\/billroth73.at\/index.php\/wp-json\/wp\/v2\/pages\/4668","targetHints":{"allow":["GET"]}}],"collection":[{"href":"https:\/\/billroth73.at\/index.php\/wp-json\/wp\/v2\/pages"}],"about":[{"href":"https:\/\/billroth73.at\/index.php\/wp-json\/wp\/v2\/types\/page"}],"author":[{"embeddable":true,"href":"https:\/\/billroth73.at\/index.php\/wp-json\/wp\/v2\/users\/1"}],"replies":[{"embeddable":true,"href":"https:\/\/billroth73.at\/index.php\/wp-json\/wp\/v2\/comments?post=4668"}],"version-history":[{"count":5,"href":"https:\/\/billroth73.at\/index.php\/wp-json\/wp\/v2\/pages\/4668\/revisions"}],"predecessor-version":[{"id":4817,"href":"https:\/\/billroth73.at\/index.php\/wp-json\/wp\/v2\/pages\/4668\/revisions\/4817"}],"wp:attachment":[{"href":"https:\/\/billroth73.at\/index.php\/wp-json\/wp\/v2\/media?parent=4668"}],"curies":[{"name":"wp","href":"https:\/\/api.w.org\/{rel}","templated":true}]}}