{"id":4162,"date":"2018-10-18T08:55:01","date_gmt":"2018-10-18T06:55:01","guid":{"rendered":"http:\/\/172.20.100.4\/?page_id=4162"},"modified":"2019-03-13T16:56:47","modified_gmt":"2019-03-13T15:56:47","slug":"erste-hilfe","status":"publish","type":"page","link":"https:\/\/billroth73.at\/index.php\/erste-hilfe\/","title":{"rendered":"Erste Hilfe"},"content":{"rendered":"<p>[vc_row][vc_column width=&#8220;2\/3&#8243;][vc_column_text]Erste-Hilfe-Ma\u00dfnahmen k\u00f6nnen <strong>Menschenleben retten<\/strong>!<\/p>\n<p>Aus diesem Grund organisiert unser Jugendrotkreuz-Referent Herr Prof. Groll\u00a0 j\u00e4hrlich Erste-Hilfe-Kurse f\u00fcr die zweiten und sechsten Klassen an unserer Schule.<\/p>\n<p><strong>Gesundheitsf\u00f6rderung<\/strong> liegt uns sehr am Herzen.[\/vc_column_text][vc_empty_space][vc_single_image image=&#8220;4658&#8243;][\/vc_column][vc_column width=&#8220;1\/3&#8243;][\/vc_column][\/vc_row][vc_row][vc_column][\/vc_column][\/vc_row]<\/p>\n","protected":false},"excerpt":{"rendered":"<p>[vc_row][vc_column width=&#8220;2\/3&#8243;][vc_column_text]Erste-Hilfe-Ma\u00dfnahmen k\u00f6nnen Menschenleben retten! Aus diesem Grund organisiert unser Jugendrotkreuz-Referent Herr Prof. Groll\u00a0 j\u00e4hrlich Erste-Hilfe-Kurse f\u00fcr die zweiten und sechsten Klassen an unserer Schule. Gesundheitsf\u00f6rderung liegt uns sehr am Herzen.[\/vc_column_text][vc_empty_space][vc_single_image image=&#8220;4658&#8243;][\/vc_column][vc_column width=&#8220;1\/3&#8243;][\/vc_column][\/vc_row][vc_row][vc_column][\/vc_column][\/vc_row]<\/p>\n","protected":false},"author":1,"featured_media":0,"parent":0,"menu_order":0,"comment_status":"closed","ping_status":"closed","template":"","meta":{"footnotes":"","_links_to":"","_links_to_target":""},"class_list":["post-4162","page","type-page","status-publish","hentry","description-off"],"_links":{"self":[{"href":"https:\/\/billroth73.at\/index.php\/wp-json\/wp\/v2\/pages\/4162","targetHints":{"allow":["GET"]}}],"collection":[{"href":"https:\/\/billroth73.at\/index.php\/wp-json\/wp\/v2\/pages"}],"about":[{"href":"https:\/\/billroth73.at\/index.php\/wp-json\/wp\/v2\/types\/page"}],"author":[{"embeddable":true,"href":"https:\/\/billroth73.at\/index.php\/wp-json\/wp\/v2\/users\/1"}],"replies":[{"embeddable":true,"href":"https:\/\/billroth73.at\/index.php\/wp-json\/wp\/v2\/comments?post=4162"}],"version-history":[{"count":15,"href":"https:\/\/billroth73.at\/index.php\/wp-json\/wp\/v2\/pages\/4162\/revisions"}],"predecessor-version":[{"id":6018,"href":"https:\/\/billroth73.at\/index.php\/wp-json\/wp\/v2\/pages\/4162\/revisions\/6018"}],"wp:attachment":[{"href":"https:\/\/billroth73.at\/index.php\/wp-json\/wp\/v2\/media?parent=4162"}],"curies":[{"name":"wp","href":"https:\/\/api.w.org\/{rel}","templated":true}]}}