{"id":4103,"date":"2018-10-18T06:45:59","date_gmt":"2018-10-18T04:45:59","guid":{"rendered":"http:\/\/172.20.100.4\/?page_id=4103"},"modified":"2024-02-14T13:55:53","modified_gmt":"2024-02-14T12:55:53","slug":"schulaerztin","status":"publish","type":"page","link":"https:\/\/billroth73.at\/index.php\/schulaerztin\/","title":{"rendered":"Schul\u00e4rztin"},"content":{"rendered":"<p>[vc_row][vc_column width=&#8220;1\/4&#8243;][vc_single_image image=&#8220;4600&#8243; img_size=&#8220;full&#8220; alignment=&#8220;center&#8220;][vc_custom_heading text=&#8220;Dr. Maria Zacherl&#8220; font_container=&#8220;tag:h4|text_align:center&#8220; use_theme_fonts=&#8220;yes&#8220; css=&#8220;.vc_custom_1540368694408{margin-top: 5px !important;}&#8220;][vc_column_text css=&#8220;.vc_custom_1702555793650{margin-bottom: 5px !important;}&#8220;]<\/p>\n<p style=\"text-align: left;\" align=\"left\">Montag: 08:00 \u2013 13:00 Uhr<\/p>\n<p style=\"text-align: left;\" align=\"left\">Mittwoch: 08:00 \u2013 13:00 Uhr<\/p>\n<p style=\"text-align: left;\" align=\"left\">Donnerstag: 08:00 \u2013 11:00 Uhr<\/p>\n<p>[\/vc_column_text][vc_empty_space][vc_column_text]<\/p>\n<p style=\"text-align: left;\">Tel.: +43 1 368 25 39\/26<\/p>\n<p>maria.zacherl@bildung.gv.at[\/vc_column_text][\/vc_column][vc_column width=&#8220;3\/4&#8243;][vc_column_text]Ich habe mit J\u00e4nner 2012 mit gro\u00dfer Begeisterung meine T\u00e4tigkeit als \u00c4rztin an dieser Schule angetreten, bin Allgemeinmedizinerin und habe eine Wahlarztordination im 17. Bezirk.<\/p>\n<p>Ich m\u00f6chte hier kurz die <strong>Aufgaben und M\u00f6glichkeiten der Schul\u00e4rztin<\/strong> aus meiner Sicht beschreiben.<\/p>\n<p>Die Hauptaufgabe des Schularztes besteht darin, Kinder vom Eintritt in die Schule an \u00e4rztlich zu betreuen. Dabei geht es vor allem darum, f\u00fcr eine gesunde Entwicklung der Kinder und Jugendlichen zu sorgen. Im Falle einer notwendig erscheinenden Behandlung entweder im akuten Krankheitsfall oder bei chronischen Erkrankungen besteht die Aufgabe des Schularztes nach der Diagnosestellung in der Aufkl\u00e4rung des Kindes und seiner Erziehungsberechtigten \u00fcber die jeweilige Erkrankung und die M\u00f6glichkeiten einer entsprechenden medizinischen Behandlung.<\/p>\n<p>Im Einzelnen nehme ich folgende Aufgaben wahr:<\/p>\n<ul>\n<li>j\u00e4hrliche Untersuchung jedes\/r Sch\u00fclers\/ in<\/li>\n<li>Kontrolluntersuchungen der Sch\u00fcler\/innen vor einem Schikurs oder Auslandsaufenthalt<\/li>\n<li>Beurteilung der k\u00f6rperlichen Entwicklung, Zahnhygiene<\/li>\n<li>Beurteilung eventueller Leistungsr\u00fcckst\u00e4nde aus gesundheitlichen Gr\u00fcnden<\/li>\n<li>Befreiung vom Schulsport<\/li>\n<li>Impfungen nach Erlass aus dem Ministerium<\/li>\n<li>Erste Hilfeleistung im Verletzungs- oder akuten Erkrankungsfall<\/li>\n<li>Mitteilungen an die Eltern und Beratung<\/li>\n<li>\u00dcberwachung der hygienischen Bedingungen in der Schule<\/li>\n<li>Mitarbeit bei den j\u00e4hrlich stattfindenden Gesundheitstagen an unserer Schule bei denen je nach Jahrgang unterschiedliche Themen behandelt werden, wie: gesunde Ern\u00e4hrung, Bewegung und Sport, Selbstverteidigung, Rauchen, Alkohol, Sucht und Suchtmittelmissbrauch.<\/li>\n<\/ul>\n<p>F\u00fcr alle T\u00e4tigkeiten des Schularztes gilt die berufliche Schweigepflicht in demselben Ma\u00dfe wie f\u00fcr alle anderen \u00e4rztlichen Bereiche. Es ist mir ganz besonders wichtig, eine gute Vertrauensbasis zu den Sch\u00fclerInnen herzustellen und darauf aufbauend f\u00fcr die Sch\u00fclerInnen Anlaufstelle bei pers\u00f6nlichen und gesundheitlichen Problemen zu sein. Im Interesse der Sch\u00fclerInnen und mit deren Einverst\u00e4ndnis arbeite ich eng mit unserer Schulpsychologin zusammen.<\/p>\n<p><strong>In meinen Sprechstunden bin ich gerne f\u00fcr die Sch\u00fclerinnen und Sch\u00fcler da.<\/strong><\/p>\n<p>W\u00e4hrend der Sprechstundenzeiten bin ich auch f\u00fcr die Erziehungsberechtigten telefonisch erreichbar oder nach Vereinbarung eines Termins pers\u00f6nlich zu sprechen.<\/p>\n<p>Die <strong>Ordination<\/strong> liegt im <strong>ersten Stock<\/strong> im <strong>NAWI-Trakt<\/strong>.<\/p>\n<p>&nbsp;<\/p>\n<p>Mit freundlichen Gr\u00fc\u00dfen<\/p>\n<p>Dr. Maria Zacherl[\/vc_column_text][\/vc_column][\/vc_row][vc_row][vc_column][vc_empty_space height=&#8220;50px&#8220;][\/vc_column][\/vc_row][vc_row][vc_column][vc_tta_accordion active_section=&#8220;-1&#8243; title=&#8220;Informationen&#8220;][vc_tta_section title=&#8220;Zur Information an alle Eltern\/ Erziehungsberechtigten von Kindern zwischen 9-15 Jahren&#8220; tab_id=&#8220;1540452935991-bd051427-4bf3&#8243;][vc_column_text]Mit dem \u00d6sterreichischen Impfplan f\u00fcr 2014 wird nun auch die HPV-Impfung<\/p>\n<p>( Humane Papilloma Virus-Impfung) f\u00fcr Buben und M\u00e4dchen ins Gratisimpfprogramm aufgenommen.<\/p>\n<p>&nbsp;<\/p>\n<p>Bestimmte Humane Papilloma Viren Typen k\u00f6nnen Krebsvorstufen und Krebserkrankungen des Geb\u00e4rmutterhalses, der Vagina, des Anus sowie des Mundrachenraumes ausl\u00f6sen.<\/p>\n<p>&nbsp;<\/p>\n<p>Mit dem Schuljahr 2014\/2015 gibt es f\u00fcr alle Kinder der 4. Schulstufe (ab dem vollendeten 9. Lebensjahr)die M\u00f6glichkeit einer Gratisimpfung in der Schule. Die Impfung besteht aus 2 Teilimpfungen im Abstand von 6 Monaten.<\/p>\n<p>&nbsp;<\/p>\n<p>Zus\u00e4tzlich wird die Impfung ab Februar 2014 in den Bezirksgesundheits\u00e4mtern\u00a0 f\u00fcr Kinder ab dem vollendetem 9. bis zum vollendeten 12. Lebensjahr kostenlos angeboten. Als Zeitpunkt f\u00fcr die Inanspruchnahme gilt der Zeitpunkt der ersten Teilimpfung.<\/p>\n<p>Weiters gibt es f\u00fcr Kinder bis zum vollendeten 15. Lebensjahr sogenannte Catch-up Impfungen in den Bezirksgesundheits\u00e4mtern zum verg\u00fcnstigten Selbstkostenpreis ( 50 Euro). F\u00fcr Kinder vom 12.-15. Lebensjahr besteht die Impfung aus 3 Teilimpfungen ( 0,2,6 Monate).<\/p>\n<p>&nbsp;<\/p>\n<p>Bei Fragen wenden Sie sich bitte an Ihren Kinderfacharzt oder kontaktieren Sie mich unter der Tel.nr. 368 25 39\/26.<\/p>\n<p>&nbsp;<\/p>\n<p>Mit freundlichen Gr\u00fc\u00dfen<\/p>\n<p>&nbsp;<\/p>\n<p>Dr. Maria Zacherl<\/p>\n<p>(Schul\u00e4rztin)\u00a0\u00a0\u00a0\u00a0\u00a0\u00a0\u00a0\u00a0\u00a0\u00a0\u00a0\u00a0\u00a0\u00a0\u00a0\u00a0\u00a0\u00a0\u00a0\u00a0\u00a0\u00a0\u00a0\u00a0\u00a0\u00a0\u00a0\u00a0\u00a0\u00a0\u00a0\u00a0\u00a0\u00a0\u00a0\u00a0\u00a0\u00a0\u00a0\u00a0\u00a0\u00a0\u00a0\u00a0\u00a0\u00a0\u00a0\u00a0\u00a0\u00a0\u00a0\u00a0\u00a0\u00a0\u00a0\u00a0\u00a0\u00a0\u00a0\u00a0\u00a0\u00a0\u00a0\u00a0\u00a0\u00a0\u00a0\u00a0\u00a0\u00a0\u00a0\u00a0\u00a0\u00a0\u00a0\u00a0\u00a0\u00a0\u00a0\u00a0\u00a0\u00a0\u00a0\u00a0\u00a0\u00a0\u00a0Februar 2014[\/vc_column_text][\/vc_tta_section][\/vc_tta_accordion][\/vc_column][\/vc_row]<\/p>\n","protected":false},"excerpt":{"rendered":"<p>[vc_row][vc_column width=&#8220;1\/4&#8243;][vc_single_image image=&#8220;4600&#8243; img_size=&#8220;full&#8220; alignment=&#8220;center&#8220;][vc_custom_heading text=&#8220;Dr. Maria Zacherl&#8220; font_container=&#8220;tag:h4|text_align:center&#8220; use_theme_fonts=&#8220;yes&#8220; css=&#8220;.vc_custom_1540368694408{margin-top: 5px !important;}&#8220;][vc_column_text css=&#8220;.vc_custom_1702555793650{margin-bottom: 5px !important;}&#8220;] Montag: 08:00 \u2013 13:00 Uhr Mittwoch: 08:00 \u2013 13:00 Uhr Donnerstag: 08:00 \u2013 11:00 Uhr [\/vc_column_text][vc_empty_space][vc_column_text] Tel.: +43 1 368 25 39\/26 maria.zacherl@bildung.gv.at[\/vc_column_text][\/vc_column][vc_column width=&#8220;3\/4&#8243;][vc_column_text]Ich habe mit J\u00e4nner 2012 mit gro\u00dfer Begeisterung meine T\u00e4tigkeit als \u00c4rztin an dieser Schule angetreten,&hellip;<\/p>\n","protected":false},"author":1,"featured_media":0,"parent":0,"menu_order":0,"comment_status":"closed","ping_status":"closed","template":"","meta":{"footnotes":"","_links_to":"","_links_to_target":""},"class_list":["post-4103","page","type-page","status-publish","hentry","description-off"],"_links":{"self":[{"href":"https:\/\/billroth73.at\/index.php\/wp-json\/wp\/v2\/pages\/4103","targetHints":{"allow":["GET"]}}],"collection":[{"href":"https:\/\/billroth73.at\/index.php\/wp-json\/wp\/v2\/pages"}],"about":[{"href":"https:\/\/billroth73.at\/index.php\/wp-json\/wp\/v2\/types\/page"}],"author":[{"embeddable":true,"href":"https:\/\/billroth73.at\/index.php\/wp-json\/wp\/v2\/users\/1"}],"replies":[{"embeddable":true,"href":"https:\/\/billroth73.at\/index.php\/wp-json\/wp\/v2\/comments?post=4103"}],"version-history":[{"count":23,"href":"https:\/\/billroth73.at\/index.php\/wp-json\/wp\/v2\/pages\/4103\/revisions"}],"predecessor-version":[{"id":8523,"href":"https:\/\/billroth73.at\/index.php\/wp-json\/wp\/v2\/pages\/4103\/revisions\/8523"}],"wp:attachment":[{"href":"https:\/\/billroth73.at\/index.php\/wp-json\/wp\/v2\/media?parent=4103"}],"curies":[{"name":"wp","href":"https:\/\/api.w.org\/{rel}","templated":true}]}}