{"id":4101,"date":"2018-10-18T06:43:12","date_gmt":"2018-10-18T04:43:12","guid":{"rendered":"http:\/\/172.20.100.4\/?page_id=4101"},"modified":"2025-11-11T13:31:58","modified_gmt":"2025-11-11T12:31:58","slug":"schulgemeinschaftsausschuss-sga","status":"publish","type":"page","link":"https:\/\/billroth73.at\/index.php\/schulgemeinschaftsausschuss-sga\/","title":{"rendered":"Schulgemeinschaftsausschuss \u2013 SGA"},"content":{"rendered":"<p>[vc_row][vc_column][vc_column_text]Manuela UHLIG,\u00a0Direktorin<\/p>\n<p>Lukas MAYERHOFER, Lehrervertretung<\/p>\n<p>Maria BAUCHINGER, Lehrervertretung<\/p>\n<p>Jutta HOFER, Lehrervertretung<\/p>\n<p>Nil CETINKAYA,\u00a0 Elternvertretung<\/p>\n<p>Biljana BUDIMIR, Elternvertretung<\/p>\n<p>Julia HERBERSTEIN, Elternvertretung<\/p>\n<p>Sophia KITZINGER, Sch\u00fclervertretung<\/p>\n<p>Lena PL\u00d6CHL, Sch\u00fclervertretung<\/p>\n<p>Melissa KHARAZMI, Sch\u00fclervertretung[\/vc_column_text][\/vc_column][\/vc_row]<\/p>\n","protected":false},"excerpt":{"rendered":"<p>[vc_row][vc_column][vc_column_text]Manuela UHLIG,\u00a0Direktorin Lukas MAYERHOFER, Lehrervertretung Maria BAUCHINGER, Lehrervertretung Jutta HOFER, Lehrervertretung Nil CETINKAYA,\u00a0 Elternvertretung Biljana BUDIMIR, Elternvertretung Julia HERBERSTEIN, Elternvertretung Sophia KITZINGER, Sch\u00fclervertretung Lena PL\u00d6CHL, Sch\u00fclervertretung Melissa KHARAZMI, Sch\u00fclervertretung[\/vc_column_text][\/vc_column][\/vc_row]<\/p>\n","protected":false},"author":1,"featured_media":0,"parent":0,"menu_order":0,"comment_status":"closed","ping_status":"closed","template":"","meta":{"footnotes":"","_links_to":"","_links_to_target":""},"class_list":["post-4101","page","type-page","status-publish","hentry","description-off"],"_links":{"self":[{"href":"https:\/\/billroth73.at\/index.php\/wp-json\/wp\/v2\/pages\/4101","targetHints":{"allow":["GET"]}}],"collection":[{"href":"https:\/\/billroth73.at\/index.php\/wp-json\/wp\/v2\/pages"}],"about":[{"href":"https:\/\/billroth73.at\/index.php\/wp-json\/wp\/v2\/types\/page"}],"author":[{"embeddable":true,"href":"https:\/\/billroth73.at\/index.php\/wp-json\/wp\/v2\/users\/1"}],"replies":[{"embeddable":true,"href":"https:\/\/billroth73.at\/index.php\/wp-json\/wp\/v2\/comments?post=4101"}],"version-history":[{"count":24,"href":"https:\/\/billroth73.at\/index.php\/wp-json\/wp\/v2\/pages\/4101\/revisions"}],"predecessor-version":[{"id":8891,"href":"https:\/\/billroth73.at\/index.php\/wp-json\/wp\/v2\/pages\/4101\/revisions\/8891"}],"wp:attachment":[{"href":"https:\/\/billroth73.at\/index.php\/wp-json\/wp\/v2\/media?parent=4101"}],"curies":[{"name":"wp","href":"https:\/\/api.w.org\/{rel}","templated":true}]}}