{"id":4033,"date":"2018-10-17T15:39:35","date_gmt":"2018-10-17T13:39:35","guid":{"rendered":"http:\/\/172.20.100.4\/?page_id=4033"},"modified":"2025-11-11T13:30:40","modified_gmt":"2025-11-11T12:30:40","slug":"elternvertretung","status":"publish","type":"page","link":"https:\/\/billroth73.at\/index.php\/elternvertretung\/","title":{"rendered":"Elternvertretung"},"content":{"rendered":"<p>[vc_row][vc_column][vc_column_text]<\/p>\n<p style=\"font-weight: 400;\">Wir als <strong>Elternverein<\/strong> engagieren uns f\u00fcr eine funktionierende Schulpartnerschaft und verstehen es als unsere Aufgabe, unterst\u00fctzend zwischen Sch\u00fclerlnnen, Eltern und Lehrerlnnen vermitteln.<\/p>\n<p style=\"font-weight: 400;\">Gemeinsam die beste Lernumgebung f\u00fcr die Sch\u00fclerInnen zu schaffen stellen wir dabei in den Mittelpunkt, denn sie sind ja der eigentliche Grund unserer Arbeit.<\/p>\n<p style=\"font-weight: 400;\">Hierf\u00fcr stellt der Elternverein Informationen f\u00fcr Eltern zur Verf\u00fcgung und unterst\u00fctzt bei Anliegen.Durch unsere Elternvereinsbeitr\u00e4ge finanzieren wir den\u00a0Elternverein und sorgen so daf\u00fcr, dass es auf direktem Wege\u00a0unseren Kindern zugutekommt. Sie sind es schlie\u00dflich,\u00a0die im Fokus dieserArbeit stehen.<\/p>\n<p style=\"font-weight: 400;\">Es ist uns ein gro\u00dfes Anliegen durch unser aller finanzielle Unterst\u00fctzung Projekte, Anschaffungen und Veranstaltungen zu erm\u00f6glichen, die ohne zus\u00e4tzliche Zahlungen nur eingeschr\u00e4nkt oder garnicht m\u00f6glich w\u00e4ren.<\/p>\n<p style=\"font-weight: 400;\">F\u00fcr den Elternverein ist aber auch wichtig, jene Eltern individuell zu unterst\u00fctzen, deren Familienbudgets mit den anfallenden Kosten f\u00fcr vorgesehene Reisen (Sprachreisen, Sportwochen etc.) sehr stark belastet werden. Hier arbeiten wir einerseits daran, im Rahmen unserer M\u00f6glichkeiten im SGA die anfallenden Kosten in einem vern\u00fcnftigen Bereich zu halten. Andererseits freuen wir uns, wenn unsere Unterst\u00fctzungsangebote von Eltern angenommen werden.<\/p>\n<p style=\"font-weight: 400;\">Neben der sinnvollen Verwendung der Mitgliedsbeitr\u00e4ge besteht unsere Hauptaufgabe darin, die Interessen der Eltern als Teil der Schulgemeinschaft zu vertreten, insbesondere im Schulgemeinschaftsausschuss (SGA). Die Themen sind vielf\u00e4ltig, sei es Modulare Oberstufe, Fragen der Hausordnung oder der Umsetzung von Vorgaben der Schulverwaltungsbeh\u00f6rden\u2013 der Elternverein kann sich hier einbringen.<\/p>\n<p style=\"font-weight: 400;\">F\u00fcr die vielen verschiedenen Aufgaben im Elternverein braucht es laufend Eltern, die sich f\u00fcr ein konstruktives Miteinander von Lehrern, Sch\u00fclern und Eltern engagieren wollen. Wir freuen uns \u00fcber jeden Elternteil, der uns mit neuen Ideen unterst\u00fctzt oder auch bei uns mitarbeiten m\u00f6chte.<\/p>\n<p>Sie erreichen uns auch unter <a href=\"http:\/\/www.elternvereinbillroth73.at\/\" target=\"_blank\" rel=\"noopener noreferrer\">www.ElternvereinBillroth73.at<\/a>\u00a0oder<br \/>\nper E-Mail an <a href=\"mailto:billroth73@elternverein.at\">billroth73@elternverein.at<\/a><\/p>\n<p>&nbsp;<\/p>\n<p><strong>Vorstand des Elternvereins:<\/strong><\/p>\n<p>Obfrau: Mag. Nil Cetinkaya<\/p>\n<p>stv. Obfrau.: Mag. Karin Hernler<\/p>\n<p>Schriftf\u00fchrerin: Dr. Julia Herberstein<\/p>\n<p>stv. Schriftf\u00fchrerin: Mag. Christian Eisinger<\/p>\n<p>Kassierin: Mag. Biljana Budimir<\/p>\n<p>stv. Kassierin: Mag. (FH) Anita Malik<\/p>\n<p dir=\"ltr\"><span style=\"font-size: small;\">\u00a0<\/span><\/p>\n<p>[\/vc_column_text][\/vc_column][\/vc_row]<\/p>\n","protected":false},"excerpt":{"rendered":"<p>[vc_row][vc_column][vc_column_text] Wir als Elternverein engagieren uns f\u00fcr eine funktionierende Schulpartnerschaft und verstehen es als unsere Aufgabe, unterst\u00fctzend zwischen Sch\u00fclerlnnen, Eltern und Lehrerlnnen vermitteln. Gemeinsam die beste Lernumgebung f\u00fcr die Sch\u00fclerInnen zu schaffen stellen wir dabei in den Mittelpunkt, denn sie sind ja der eigentliche Grund unserer Arbeit. Hierf\u00fcr stellt der Elternverein Informationen f\u00fcr Eltern zur&hellip;<\/p>\n","protected":false},"author":1,"featured_media":0,"parent":0,"menu_order":0,"comment_status":"closed","ping_status":"closed","template":"","meta":{"footnotes":"","_links_to":"","_links_to_target":""},"class_list":["post-4033","page","type-page","status-publish","hentry","description-off"],"_links":{"self":[{"href":"https:\/\/billroth73.at\/index.php\/wp-json\/wp\/v2\/pages\/4033","targetHints":{"allow":["GET"]}}],"collection":[{"href":"https:\/\/billroth73.at\/index.php\/wp-json\/wp\/v2\/pages"}],"about":[{"href":"https:\/\/billroth73.at\/index.php\/wp-json\/wp\/v2\/types\/page"}],"author":[{"embeddable":true,"href":"https:\/\/billroth73.at\/index.php\/wp-json\/wp\/v2\/users\/1"}],"replies":[{"embeddable":true,"href":"https:\/\/billroth73.at\/index.php\/wp-json\/wp\/v2\/comments?post=4033"}],"version-history":[{"count":34,"href":"https:\/\/billroth73.at\/index.php\/wp-json\/wp\/v2\/pages\/4033\/revisions"}],"predecessor-version":[{"id":8890,"href":"https:\/\/billroth73.at\/index.php\/wp-json\/wp\/v2\/pages\/4033\/revisions\/8890"}],"wp:attachment":[{"href":"https:\/\/billroth73.at\/index.php\/wp-json\/wp\/v2\/media?parent=4033"}],"curies":[{"name":"wp","href":"https:\/\/api.w.org\/{rel}","templated":true}]}}