{"id":3964,"date":"2018-10-16T15:17:21","date_gmt":"2018-10-16T13:17:21","guid":{"rendered":"http:\/\/172.20.100.4\/?page_id=3964"},"modified":"2024-09-09T12:38:37","modified_gmt":"2024-09-09T10:38:37","slug":"allgemeine-informationen-und-faq","status":"publish","type":"page","link":"https:\/\/billroth73.at\/index.php\/allgemeine-informationen-und-faq\/","title":{"rendered":"Allgemeine Informationen und FAQ"},"content":{"rendered":"<p>[vc_row][vc_column]<div id=\"ultimate-heading-107269eb72fe4aa89\" class=\"uvc-heading ult-adjust-bottom-margin ultimate-heading-107269eb72fe4aa89 uvc-2184  uvc-heading-default-font-sizes\" data-hspacer=\"no_spacer\"  data-halign=\"left\" style=\"text-align:left\"><div class=\"uvc-heading-spacer no_spacer\" style=\"top\"><\/div><div class=\"uvc-main-heading ult-responsive\"  data-ultimate-target='.uvc-heading.ultimate-heading-107269eb72fe4aa89 h2'  data-responsive-json-new='{\"font-size\":\"\",\"line-height\":\"\"}' ><h2 style=\"--font-weight:theme;\">Tagesbetreuung<\/h2><\/div><\/div>[vc_separator][vc_empty_space][\/vc_column][\/vc_row][vc_row][vc_column][vc_column_text]Die Tagesbetreuung an unserer Schule m\u00f6chte unseren Sch\u00fclerinnen und Sch\u00fclern einen Ausgleich f\u00fcr den anstrengenden Lernvormittag bieten und die M\u00f6glichkeit schaffen, gemeinsam mit Spielen, Kreativsein, Quatschen, Lesen und Sporteln die Freizeitstunden zu verbringen. Das f\u00e4llt in unserer \u201eSchule im Gr\u00fcnen\u201c nicht schwer. Sie bietet gerade am Nachmittag den Kindern einen Freiraum, den kaum eine andere Schule in der Gro\u00dfstadt aufweist. Sportanlagen, Wiesen, B\u00e4ume sind nicht zuletzt auch Pl\u00e4tze zum Spielen, Orte des Entspannens und Erholens.<\/p>\n<p>Das Lernen und Haus\u00fcbungen-Schreiben wird in der Lernzeit erledigt und f\u00fcr jede und jeden gibt es bei Bedarf noch zus\u00e4tzliche Lerneinheiten und F\u00f6rderungen (Tutorien). Wir legen Wert auf eine ausgeglichene Aufteilung von Lern-und Freizeitangeboten, um \u00dcberforderungen und Problemen schon im Voraus keine Chance zu geben.[\/vc_column_text][vc_empty_space height=&#8220;60px&#8220;][\/vc_column][\/vc_row][vc_row full_width=&#8220;stretch_row&#8220; bg_type=&#8220;image&#8220; parallax_style=&#8220;vcpb-default&#8220; bg_image_new=&#8220;id^4113|url^http:\/\/172.20.100.4\/wp-content\/uploads\/2018\/10\/billroth73-112.jpg|caption^null|alt^null|title^billroth73-112|description^null&#8220; bg_image_repeat=&#8220;no-repeat&#8220; bg_img_attach=&#8220;fixed&#8220; enable_overlay=&#8220;enable_overlay_value&#8220; overlay_color=&#8220;rgba(0,0,0,0.49)&#8220; css=&#8220;.vc_custom_1539840208060{background-position: center !important;background-repeat: no-repeat !important;background-size: cover !important;}&#8220;][vc_column][vc_custom_heading text=&#8220;\u201eMan kann Gesellschaftsspiele spielen, Tischtennis und Tischfu\u00dfball spielen, Hausaufgaben machen und lernen, auf einer unserer bequemen Sitzb\u00e4nke faulenzen und Musik h\u00f6ren. Man kann sich auch im Freien austoben, Fu\u00dfball kicken, Basketball, Volleyball oder Abschie\u00dfen spielen, weiters Federball spielen, Verstecken spielen, Baumhaus bauen und vieles andere mehr. Wenn ein Turnsaal frei ist, kann man sich dort sportlich bet\u00e4tigen.&#8222;<\/p>\n<p>(Aus Sch\u00fclersicht)&#8220; font_container=&#8220;tag:h2|font_size:30px|text_align:center|color:rgba(255%2C255%2C255%2C0.84)|line_height:60px&#8220; google_fonts=&#8220;font_family:Gloria%20Hallelujah%3Aregular|font_style:400%20regular%3A400%3Anormal&#8220; css=&#8220;.vc_custom_1539841568572{margin-top: 50px !important;padding-bottom: 50px !important;}&#8220;][vc_empty_space height=&#8220;50px&#8220;][\/vc_column][\/vc_row][vc_row][vc_column][vc_empty_space height=&#8220;60px&#8220;][\/vc_column][\/vc_row][vc_row][vc_column][vc_tta_accordion color=&#8220;white&#8220; active_section=&#8220;1&#8243; title=&#8220;Allgemeine Informationen und FAQ&#8220; css=&#8220;.vc_custom_1540375187085{margin-right: 100px !important;}&#8220;][vc_tta_section title=&#8220;Was ist die Tagesbetreuung (TAB)?&#8220; tab_id=&#8220;1539695129107-66091e5d-c3f9&#8243;][vc_column_text]<span lang=\"DE-AT\">Die Nachmittagsbetreuung ist f\u00fcr Sch\u00fclerinnen und Sch\u00fcler gedacht, deren Eltern am Nachmittag arbeiten m\u00fcssen, aber auch f\u00fcr Kinder, die den Nachmittag gemeinsam mit ihren Schukolleginnen und -kollegen verbringen wollen, dort gemeinsam spielen, basteln und nat\u00fcrlich auch lernen k\u00f6nnen<\/span>[\/vc_column_text][\/vc_tta_section][vc_tta_section title=&#8220;Wie ist der Nachmittagsablauf in der TAB?&#8220; tab_id=&#8220;1539695129129-d24b3a56-3423&#8243;][vc_single_image image=&#8220;3990&#8243; img_size=&#8220;full&#8220;][\/vc_tta_section][vc_tta_section title=&#8220;Was ist die Mittags\u00fcberbr\u00fcckung?&#8220; tab_id=&#8220;1539695285912-ed7a03c6-4f8b&#8220;][vc_column_text]Mittags\u00fcberbr\u00fcckung ist f\u00fcr Sch\u00fclerinnen und Sch\u00fcler, denen aufgrund einer l\u00e4ngeren Schulanfahrt der Weg zwischen Vormittags-und Nachmittagsunterricht nicht zugemutet werden kann. Wenn der Unterricht fr\u00fcher zu Ende ist entf\u00e4llt daher die Mittags\u00fcberbr\u00fcckung. Die Beaufsichtigung der Sch\u00fclerInnen in der Mittags\u00fcberbr\u00fcckung ist ausschlie\u00dflich in den zugewiesenen Klassen und daher k\u00f6nnen sich die \u201e\u00dcberbr\u00fccker\u201c nicht in der Tagesbetreuung aufhalten.[\/vc_column_text][\/vc_tta_section][vc_tta_section title=&#8220;Wieviel kostet die TAB?&#8220; tab_id=&#8220;1539695326040-3a9db33f-6221&#8243;][vc_column_text]pro Woche und beinhaltet nicht den warmen Mittagstisch. Bei nur tageweiser Anmeldung des Kindes betr\u00e4gt der monatliche Betreuungsbeitrag:<\/p>\n<p>Bei einer Anmeldung f\u00fcr einen Tag: 26,40 Euro<\/p>\n<p>Bei einer Anmeldung f\u00fcr zwei Tage: 35,20 Euro<\/p>\n<p>Bei einer Anmeldung f\u00fcr drei Tage: 52,80 Euro<\/p>\n<p>Bei einer Anmeldung f\u00fcr vier Tage: 70,40 Euro[\/vc_column_text][\/vc_tta_section][vc_tta_section title=&#8220;Wie beantrage ich eine Erm\u00e4\u00dfigung des Betreuungsbeitrages?&#8220; tab_id=&#8220;1539695402908-6591cf78-f0c1&#8243;][vc_column_text]<\/p>\n<p class=\"Default\"><span lang=\"DE\">Der Antrag auf Erm\u00e4\u00dfigung des Betreuungsbeitrages ist<strong>innerhalb eines Monats nach Aufnahme<\/strong>in die Nachmittagsbetreuung oder in die ganzt\u00e4gige Schulform bei der Leitung des Sch\u00fclerheimes. Antr\u00e4ge k\u00f6nnen online <\/span><span lang=\"DE-AT\"><a href=\"https:\/\/www.bmb.gv.at\/schulen\/befoe\/betreuung\/index.html\">https:\/\/www.bmb.gv.at\/schulen\/befoe\/betreuung\/index.html<\/a><\/span><span lang=\"DE-AT\">) <\/span><span lang=\"DE\">heruntergeladen werden oder sind bei mir erh\u00e4ltlich. Bei Fr. Kases &#8211; Sch\u00fclerbeihilfenreferat 52525\/77807 \u2013 erhalten sie dazu weitere Informationen.<\/span><\/p>\n<p>[\/vc_column_text][\/vc_tta_section][vc_tta_section title=&#8220;Wo bekomme ich eine Best\u00e4tigung \u00fcber den TAB-Besuch f\u00fcr das Finanzamt?&#8220; tab_id=&#8220;1539695431854-0a0f6a41-bf2a&#8220;][vc_column_text]Stadtschulrat f. Wien<\/p>\n<p>Budget u. EDV-Abteilung<\/p>\n<p>1010 Wien, Wipplingerstra\u00dfe 28<\/p>\n<p>Zust\u00e4ndige Sachbearbeiterin: Frau Hannelore Hartig<\/p>\n<p>Tel.Nr.: 52525\/77953 DW<\/p>\n<p>FAX: 52525\/77783<\/p>\n<p>Email:\u00a0<u>hannelore.hartig@ssr-wien.gv.at<\/u><\/p>\n<p><strong>\u00a0<\/strong>[\/vc_column_text][\/vc_tta_section][vc_tta_section title=&#8220;Wie melde ich mein Kind in der TAB an?&#8220; tab_id=&#8220;1539695488597-387d8003-2b73&#8243;][vc_column_text]<\/p>\n<table width=\"502\">\n<tbody>\n<tr>\n<td width=\"154\">Erster Schultag im WS<\/td>\n<td width=\"347\">\u2022 Informationsveranstaltung f\u00fcr ALLE Eltern (im Anschluss an die Aufnahme der Erstkl\u00e4ssler um ca. 8:30 im Festsaal)<\/td>\n<\/tr>\n<tr>\n<td width=\"154\">1. Schulwoche<\/td>\n<td width=\"347\">\u2022 Abgabe des ausgef\u00fcllten Speiseplanes mit passendem Geldbetrag in einem beschrifteten Kuvert bis 8:00 im Buffet<\/p>\n<p>\u2022 VORL\u00c4UFIGE ANMELDUNG IN DER TAGESBETREUUNG mit F1:<\/p>\n<p>Angabe der fixen Tagesanzahl und der provisorischen Tagesmeldung, da der fixe Stundenplan erst in der 3.Schulwoche steht<\/p>\n<p>\u2022 ANMELDFORMULAR DES STADTSCHULRATES F. WIEN:<\/p>\n<p>Fixe Angabe der Tagesanzahl<\/p>\n<p>\u2022 SEPA-FORMULAR BEI ERSTANMELDUNG (Lasteneinzugsformulare \/ bitte ungeknickt abgeben)<\/td>\n<\/tr>\n<tr>\n<td width=\"154\">2.Schulwoche Montag<\/td>\n<td width=\"347\">\u2022 DEFINITIVE ANMELDUNG IN DER TAGESBETREUUNG mit F2:<\/p>\n<p>Angabe der angemeldeten Tage und den fixen Abmeldezeiten.<\/td>\n<\/tr>\n<tr>\n<td width=\"154\">4. Schulwoche<\/td>\n<td width=\"347\">\u2022 Anmeldungen f\u00fcr die F\u00f6rderstunden (Tutorien)<\/p>\n<p>\u2022 Anmeldungen f\u00fcr die diversen Freizeitangebote in der Tagebetreuung<\/td>\n<\/tr>\n<tr>\n<td width=\"154\">Anfang Oktober<\/td>\n<td width=\"347\">\u2022 Abgabe der Antr\u00e4ge auf Erm\u00e4\u00dfigung<\/td>\n<\/tr>\n<\/tbody>\n<\/table>\n<p>&nbsp;<\/p>\n<p>Die Nowendigen Formulare finden Sie unter Downloads[\/vc_column_text][\/vc_tta_section][vc_tta_section title=&#8220;Kann ich \u00c4nderungen an der Anmeldung vornehmen?&#8220; tab_id=&#8220;1539695539127-4e7fdbbe-0f2d&#8220;][vc_column_text]Die t\u00e4glichen Abmeldezeiten k\u00f6nnen mit elterlicher, schriftlicher Verst\u00e4ndigung auch w\u00e4hrend des Schuljahres ge\u00e4ndert werden.<\/p>\n<p>Die w\u00f6chentliche Tagesanzahl kann nach erfolgter Anmeldung im September nur f\u00fcr das 2.Semester ge\u00e4ndert werden. Stichtag der Abmeldung ist der der erste Schultag nach den Weihnachtsferien.[\/vc_column_text][\/vc_tta_section][vc_tta_section title=&#8220;Wie bestelle ich das Mittagessen?&#8220; tab_id=&#8220;1539695576661-8d8c21af-f960&#8243;][vc_column_text]Der Speiseplan ist digital \u00fcber das Internet\/Schulhomepage erh\u00e4ltlich. Bitte drucken Sie ihn aus und f\u00fcllen ihn gemeinsam mit ihren Kindern aus (gemeinsam, weil die Kinder oft vergessen, dass sie den Mittagstisch vorbestellt haben).<\/p>\n<p>Der Plan gilt in der Regel vier Wochen und wird im Voraus bestellt. Er enth\u00e4lt jeweils zwei Men\u00fcs zur Auswahl, eines mit Fleisch und ein Vegetarisches. Das Essen beziehen wir von der Fa. Hofmann; es enth\u00e4lt weder Konservierungsstoffe noch Geschmacksverst\u00e4rker. Angegeben sind auch die jeweiligen Einzahltage. Sp\u00e4testens eine Woche vor Inkrafttreten des neuen Speiseplans finden Sie den neuen auf unserer Homepage. Drucken Sie diesen bitte aus, kreuzen Sie die ausgew\u00e4hlten Speisen an und rechnen Sie den zu zahlenden Betrag aus. Die Speisepl\u00e4ne sind nur mehr digital erh\u00e4ltlich. Die Sch\u00fcler und Sch\u00fclerinnen k\u00f6nnen den Mittagstisch zu den vorher bekanntgegebenen Terminen in der Fr\u00fch vor 8 Uhr beim Schulbuffet bezahlen. Das Essen muss im Bedarfsfall bis 9 Uhr des jeweiligen Tages bei Fr. Horvath (auch telefonisch m\u00f6glich unter +43 1 368253934) abbestellt werden, damit es bei der n\u00e4chsten Einzahlung gutgeschrieben werden kann.[\/vc_column_text][\/vc_tta_section][vc_tta_section title=&#8220;Wie lange kann mein Kind t\u00e4glich die TAB besuchen?&#8220; tab_id=&#8220;1539695610524-9504ec41-db1f&#8220;][vc_column_text]<\/p>\n<p class=\"Default\"><span lang=\"DE-AT\">Die Anwesenheit in der TAB ist verpflichtend. <\/span><span lang=\"DE-AT\">Die TAB kann von Unterrichtsende bis 17:00 in Anspruch genommen werden. Eine sinnvolle Nutzung der Nachmittagsstunden in der Schule, d.h. wo die TAB als ein Ort der Gemeinschaft f\u00fcr Sch\u00fclerInnen erlebt werden kann, wo gemeinsames spielen, lernen und entspannen m\u00f6glich ist, schlie\u00dft auch den Besuch der Lernzeit mit ein, d.h. bis 15:30. In der regelm\u00e4\u00dfig besuchten Lernzeit k\u00f6nnen die LehrerInnen unserer Schule zudem gezielt bei den Hausaufgaben und vor Pr\u00fcfungen f\u00f6rdern und unterst\u00fctzen. <\/span><\/p>\n<p>[\/vc_column_text][\/vc_tta_section][vc_tta_section title=&#8220;Wie entschuldige ich das Fernbleiben meines Kindes von der TAB?&#8220; tab_id=&#8220;1539695647453-587c9c04-a0f1&#8243;][vc_column_text]<span lang=\"DE-AT\">Das Fernbleiben an einzelnen Tagen bzw. die fr\u00fchzeitige Entlassung von der TABE, muss mit einer schriftlichen Entschuldigung im Vorhinein erfolgen. Die Abgabe dieser Entschuldigung kann direkt von Ihren Kindern in der Anmeldung nach Unterrichtsschluss abgegeben werden. Ohne vorherige schriftliche Abmeldung darf die TAB nicht verlassen werden. Kurzzeitige Ausg\u00e4nge am Nachmittag von der TAB sind prinzipiell nicht m\u00f6glich.<\/span>[\/vc_column_text][\/vc_tta_section][vc_tta_section title=&#8220;Wann werden die Haus\u00fcbungen erledigt?&#8220; tab_id=&#8220;1539695686284-12a3f038-05f6&#8243;][vc_column_text]Das Lernen und Haus\u00fcbungen schreiben wird in der Lernzeit in der 8.Stunde, also zwischen 14:35 und 15:25 erledigt und f\u00fcr jede und jeden gibt es bei Bedarf in der 7. und 8. Stunde zus\u00e4tzliche Lerneinheiten und F\u00f6rderungstunden (Tutorien). Die Lehrerinnen und Lehrer helfen den Kindern bei den Haus\u00fcbungen und kontrollieren, ob auch alles erledigt wurde. Wir bitten dennoch die Eltern am Abend nochmals die Aufgaben zu kontrolliere.[\/vc_column_text][\/vc_tta_section][vc_tta_section title=&#8220;Welche zus\u00e4tzlichen Lernangebote bietet die TAB an?&#8220; tab_id=&#8220;1539695714604-1f702194-e060&#8243;][vc_column_text]In den F\u00f6rderstunden (Tutorien) stehen den Sch\u00fclerInnen die Fachlehrer des Hauses gratis zum \u00dcben und zur Vorbereitung f\u00fcr Schularbeiten und Tests zur Verf\u00fcgung.\u00a0Ab der 3.Schulwoche finden Sie den Zeitplan f\u00fcr die F\u00f6rderstunden mit den Namen der jeweiligen LehrerInnen auf unserer Homepage und Ihr Kind kann diese zus\u00e4tzliche Lernhilfe dann auch nutzen.<\/p>\n<p>Wir legen Wert auf eine ausgeglichene Aufteilung von Lern-und Freizeitangeboten, um \u00dcberforderungen und Problemen gleich im Voraus keine Chance zu geben.[\/vc_column_text][\/vc_tta_section][vc_tta_section title=&#8220;Welche zus\u00e4tzlichen Freizeitangebote bietet die TAB an?&#8220; tab_id=&#8220;1539695755709-52a2824f-e0fa&#8220;][vc_column_text]Das Angebot der Kreativ- und Sportangebote finden sie Anfang Oktober unter unseren Downloads. Die Kurse sollen f\u00fcr Abwechslung am Nachmittag sorgen. Sie k\u00f6nnen ausschlie\u00dflich von TAB-Kindern besucht werden.[\/vc_column_text][\/vc_tta_section][vc_tta_section title=&#8220;Wer betreut die Sch\u00fclerinnen und Sch\u00fcler am Nachmittag&#8220; tab_id=&#8220;1539695784885-10736bdc-f9ab&#8220;][vc_column_text]In der Tagesbetreuung arbeiten ausschlie\u00dflich die Lehrer unserer Schule. Dies erm\u00f6glicht ihnen die Kinder auch in der Freizeit von einer anderen Seite kennenzulernen als nur im vormitt\u00e4glichen Unterricht und dadurch auch wiederum ein St\u00fcckchen n\u00e4her an ihre Sch\u00fclerInnen im Unterricht zu r\u00fccken. Unseren LehrerInnen ist es ein Anliegen, mit den TAB-Sch\u00fclerInnen sch\u00f6ne Nachmittage zu gestalten und ihr p\u00e4dagogischer, zeitlicher und spielerischer Einsatz ist meist \u00fcbergro\u00df. Durch ihre regelm\u00e4\u00dfige Anwesenheit werden viele von den LehrerInnen auch zu Bezugs- und Vertrauenspersonen, die ja immens wichtig f\u00fcr Heranwachsende sind, v.a. wenn es doch einmal \u201ekriselt\u201c.[\/vc_column_text][\/vc_tta_section][\/vc_tta_accordion][\/vc_column][\/vc_row]<\/p>\n","protected":false},"excerpt":{"rendered":"<p>[vc_row][vc_column][vc_separator][vc_empty_space][\/vc_column][\/vc_row][vc_row][vc_column][vc_column_text]Die Tagesbetreuung an unserer Schule m\u00f6chte unseren Sch\u00fclerinnen und Sch\u00fclern einen Ausgleich f\u00fcr den anstrengenden Lernvormittag bieten und die M\u00f6glichkeit schaffen, gemeinsam mit Spielen, Kreativsein, Quatschen, Lesen und Sporteln die Freizeitstunden zu verbringen. Das f\u00e4llt in unserer \u201eSchule im Gr\u00fcnen\u201c nicht schwer. Sie bietet gerade am Nachmittag den Kindern einen Freiraum, den kaum eine andere&hellip;<\/p>\n","protected":false},"author":1,"featured_media":0,"parent":0,"menu_order":0,"comment_status":"closed","ping_status":"closed","template":"","meta":{"footnotes":"","_links_to":"","_links_to_target":""},"class_list":["post-3964","page","type-page","status-publish","hentry","description-off"],"_links":{"self":[{"href":"https:\/\/billroth73.at\/index.php\/wp-json\/wp\/v2\/pages\/3964","targetHints":{"allow":["GET"]}}],"collection":[{"href":"https:\/\/billroth73.at\/index.php\/wp-json\/wp\/v2\/pages"}],"about":[{"href":"https:\/\/billroth73.at\/index.php\/wp-json\/wp\/v2\/types\/page"}],"author":[{"embeddable":true,"href":"https:\/\/billroth73.at\/index.php\/wp-json\/wp\/v2\/users\/1"}],"replies":[{"embeddable":true,"href":"https:\/\/billroth73.at\/index.php\/wp-json\/wp\/v2\/comments?post=3964"}],"version-history":[{"count":27,"href":"https:\/\/billroth73.at\/index.php\/wp-json\/wp\/v2\/pages\/3964\/revisions"}],"predecessor-version":[{"id":8666,"href":"https:\/\/billroth73.at\/index.php\/wp-json\/wp\/v2\/pages\/3964\/revisions\/8666"}],"wp:attachment":[{"href":"https:\/\/billroth73.at\/index.php\/wp-json\/wp\/v2\/media?parent=3964"}],"curies":[{"name":"wp","href":"https:\/\/api.w.org\/{rel}","templated":true}]}}