{"id":3782,"date":"2018-10-13T19:52:38","date_gmt":"2018-10-13T17:52:38","guid":{"rendered":"http:\/\/172.20.100.4\/?page_id=3782"},"modified":"2025-10-07T21:21:09","modified_gmt":"2025-10-07T19:21:09","slug":"direktion","status":"publish","type":"page","link":"https:\/\/billroth73.at\/index.php\/direktion\/","title":{"rendered":"Direktion"},"content":{"rendered":"<p>[vc_row][vc_column width=&#8220;1\/4&#8243;][vc_single_image image=&#8220;8840&#8243; img_size=&#8220;full&#8220; alignment=&#8220;center&#8220;][vc_custom_heading text=&#8220;HR Mag. UHLIG Manuela&#8220; font_container=&#8220;tag:h4|text_align:center&#8220; use_theme_fonts=&#8220;yes&#8220; css=&#8220;.vc_custom_1697185623445{margin-top: 5px !important;}&#8220;][vc_column_text]<\/p>\n<p style=\"text-align: center;\">manuela.uhlig@bildung.gv.at<\/p>\n<p>[\/vc_column_text][vc_column_text]<\/p>\n<p style=\"text-align: center;\">Tel.: +43 1 368 25 39<\/p>\n<p>[\/vc_column_text][\/vc_column][vc_column width=&#8220;3\/4&#8243;][vc_custom_heading text=&#8220;Talente entdecken und St\u00e4rken f\u00f6rdern!&#8220; font_container=&#8220;tag:h2|text_align:left|color:%237a7a7a&#8220; google_fonts=&#8220;font_family:Gloria%20Hallelujah%3Aregular|font_style:400%20regular%3A400%3Anormal&#8220; css=&#8220;.vc_custom_1540904443099{padding-bottom: 30px !important;}&#8220;][vc_column_text]<strong>Herzlich willkommen im GRG 19, der Schule im Gr\u00fcnen!<\/strong><\/p>\n<p>Wir sind eine Schulgemeinschaft, in der Begegnung, Kommunikation auf Augenh\u00f6he, Wertsch\u00e4tzung und Respekt tagt\u00e4glich gelebt werden sowie Ideen und innovative Herausforderungen der Gegenwart und Zukunft angenommen und bestm\u00f6glich umgesetzt werden. Der Wille zur pers\u00f6nlichen Weiterentwicklung und Fortbildung ist stark in meinem Team ausgepr\u00e4gt, ohne das alte \u201eGute\u201c aus den Augen zu verlieren. Unsere positive Grundhaltung, eine Grundhaltung des Vertrauens, ist \u00fcberall sp\u00fcrbar und auch zugleich ein Grundpfeiler unseres Erfolges. Die Entwicklung einer jeden Sch\u00fclerin\/eines jeden Sch\u00fclers liegt meinem Team und mir sehr am Herzen, und deshalb ist uns eine enge Zusammenarbeit mit allen Schulpartnern sowie eine direkte, l\u00f6sungsorientierte Kommunikation besonders wichtig.<\/p>\n<p>Unsere Homepage bietet Ihnen einen kleinen Einblick in das vielf\u00e4ltige Angebot und die zahlreichen Aktivit\u00e4ten an unserer Schule.<\/p>\n<p><strong><em>\u00a0\u201eWer ist gl\u00fccklich? Wer Gesundheit, Zufriedenheit und Bildung in sich vereint!\u201c <\/em><\/strong><em>(Thales von Milet)<\/em><\/p>\n<p><strong><em>\u201eWas ich in meinem Leben will, ist Einf\u00fchlsamkeit; ein Fluss zwischen mir und anderen, der auf gegenseitigem Geben von Herzen beruht.\u201c <\/em><\/strong><em>(Marshall B. Rosenberg)<\/em><\/p>\n<p>In diesem Sinne w\u00fcnsche ich Ihnen\/dir viel Freude in unserer Schule, Spa\u00df beim Surfen auf unserer Homepage sowie alles Liebe und <strong>viel Erfolg<\/strong> f\u00fcr die Zukunft!<\/p>\n<p><strong>Dir. Mag. Manuela Uhlig<\/strong>[\/vc_column_text][vc_empty_space][\/vc_column][\/vc_row][vc_row parallax_content=&#8220;parallax_content_value&#8220;][vc_column][vc_tta_accordion color=&#8220;white&#8220; active_section=&#8220;&#8220; no_fill=&#8220;true&#8220; collapsible_all=&#8220;true&#8220; title=&#8220;Elternbriefe&#8220;][vc_tta_section title=&#8220;Eltern-Sch\u00fclerInnen-Brief zum Schuljahresbeginn 2025\/26&#8243; tab_id=&#8220;1630585108106-f325697d-c0d7&#8243;][vc_column_text]<a href=\"https:\/\/billroth73.at\/wp-content\/uploads\/2025\/09\/Eltern-SchuelerInnenbrief-05.09.2025.pdf\" class=\"pdfemb-viewer\" style=\"\" data-width=\"max\" data-height=\"max\" data-toolbar=\"bottom\" data-toolbar-fixed=\"on\">Eltern- Sch\u00fclerInnenbrief 05.09.2025<\/a>[\/vc_column_text][\/vc_tta_section][\/vc_tta_accordion][\/vc_column][\/vc_row]<\/p>\n","protected":false},"excerpt":{"rendered":"<p>[vc_row][vc_column width=&#8220;1\/4&#8243;][vc_single_image image=&#8220;8840&#8243; img_size=&#8220;full&#8220; alignment=&#8220;center&#8220;][vc_custom_heading text=&#8220;HR Mag. UHLIG Manuela&#8220; font_container=&#8220;tag:h4|text_align:center&#8220; use_theme_fonts=&#8220;yes&#8220; css=&#8220;.vc_custom_1697185623445{margin-top: 5px !important;}&#8220;][vc_column_text] manuela.uhlig@bildung.gv.at [\/vc_column_text][vc_column_text] Tel.: +43 1 368 25 39 [\/vc_column_text][\/vc_column][vc_column width=&#8220;3\/4&#8243;][vc_custom_heading text=&#8220;Talente entdecken und St\u00e4rken f\u00f6rdern!&#8220; font_container=&#8220;tag:h2|text_align:left|color:%237a7a7a&#8220; google_fonts=&#8220;font_family:Gloria%20Hallelujah%3Aregular|font_style:400%20regular%3A400%3Anormal&#8220; css=&#8220;.vc_custom_1540904443099{padding-bottom: 30px !important;}&#8220;][vc_column_text]Herzlich willkommen im GRG 19, der Schule im Gr\u00fcnen! Wir sind eine Schulgemeinschaft, in der Begegnung, Kommunikation auf Augenh\u00f6he, Wertsch\u00e4tzung und Respekt&hellip;<\/p>\n","protected":false},"author":1,"featured_media":0,"parent":0,"menu_order":0,"comment_status":"closed","ping_status":"closed","template":"","meta":{"footnotes":"","_links_to":"","_links_to_target":""},"class_list":["post-3782","page","type-page","status-publish","hentry","description-off"],"_links":{"self":[{"href":"https:\/\/billroth73.at\/index.php\/wp-json\/wp\/v2\/pages\/3782","targetHints":{"allow":["GET"]}}],"collection":[{"href":"https:\/\/billroth73.at\/index.php\/wp-json\/wp\/v2\/pages"}],"about":[{"href":"https:\/\/billroth73.at\/index.php\/wp-json\/wp\/v2\/types\/page"}],"author":[{"embeddable":true,"href":"https:\/\/billroth73.at\/index.php\/wp-json\/wp\/v2\/users\/1"}],"replies":[{"embeddable":true,"href":"https:\/\/billroth73.at\/index.php\/wp-json\/wp\/v2\/comments?post=3782"}],"version-history":[{"count":58,"href":"https:\/\/billroth73.at\/index.php\/wp-json\/wp\/v2\/pages\/3782\/revisions"}],"predecessor-version":[{"id":8841,"href":"https:\/\/billroth73.at\/index.php\/wp-json\/wp\/v2\/pages\/3782\/revisions\/8841"}],"wp:attachment":[{"href":"https:\/\/billroth73.at\/index.php\/wp-json\/wp\/v2\/media?parent=3782"}],"curies":[{"name":"wp","href":"https:\/\/api.w.org\/{rel}","templated":true}]}}