{"id":3413,"date":"2018-10-06T12:15:56","date_gmt":"2018-10-06T10:15:56","guid":{"rendered":"http:\/\/172.20.100.4\/?page_id=3413"},"modified":"2025-10-15T14:11:16","modified_gmt":"2025-10-15T12:11:16","slug":"schulqualitaet-allgemeinbildung-sqa","status":"publish","type":"page","link":"https:\/\/billroth73.at\/index.php\/schulqualitaet-allgemeinbildung-sqa\/","title":{"rendered":"Gesunde Schule &#8211; Gesundheitsf\u00f6rderung"},"content":{"rendered":"<p>[vc_row][vc_column][vc_single_image image=&#8220;8524&#8243;][vc_empty_space][vc_column_text]<\/p>\n<p style=\"font-weight: 400;\">Das Ziel einer gesunden Schule stellt f\u00fcr unsere Schule eines der Hauptinteressen im Bereich der Schulentwicklung dar. Die Gesundheit aller Sch\u00fclerinnen und Sch\u00fcler sowie des ganzen Lehrpersonals ist uns ein gro\u00dfes Anliegen und wir arbeiten st\u00e4ndig an der Weiterentwicklung, um gr\u00f6\u00dftm\u00f6gliches Wohlbefinden aller in den verschiedensten Bereichen zu erreichen.<\/p>\n<p>Im Schuljahr 2016\/17 sind wir dem Netzwerk <a href=\"http:\/\/www.wiengs.at\/startseite\/\" target=\"_blank\" rel=\"noopener\">WieNGS<\/a>, dem Wiener Netzwerk gesundheitsf\u00f6rdernder Schulen, beigetreten.[\/vc_column_text][vc_empty_space][\/vc_column][\/vc_row][vc_row][vc_column width=&#8220;1\/2&#8243;][vc_single_image image=&#8220;3129&#8243; img_size=&#8220;full&#8220; css=&#8220;.vc_custom_1538327237123{margin-top: 30px !important;margin-bottom: 30px !important;}&#8220;][vc_empty_space][vc_single_image image=&#8220;8485&#8243; img_size=&#8220;large&#8220; onclick=&#8220;img_link_large&#8220;][vc_empty_space][\/vc_column][vc_column width=&#8220;1\/2&#8243;][\/vc_column][\/vc_row][vc_row][vc_column][vc_column_text][\/vc_column_text][vc_column_text]<strong>Verpflichtungen f\u00fcr die Schulen<br \/>\n<\/strong><\/p>\n<div><span lang=\"DE\">\u2013 Gesundheitskoordinatorin\u00a0an der Schule: Mag. Sabina Schopper<br \/>\n\u2013\u00a0Gesundheitsf\u00f6rderung als umfassendes Konzept des psychischen, physischen und sozialen Wohlbefindens: Gr\u00fcndung und Etablierung eines Schulentwicklungsteams<br \/>\n\u2013 Aufbau und Weiterentwicklung von Gesundheitsf\u00f6rderungskompetenzen<\/span><\/div>\n<p>&nbsp;<\/p>\n<h3>Projekte an unserer Schule<\/h3>\n<p><strong>Gesundheitstage<\/strong><\/p>\n<p style=\"font-weight: 400;\">J\u00e4hrlich finden an unserer Schule f\u00fcr alle 2., 4. und 6. Klassen zwei Projekttage zum Thema <em>Gesundheit <\/em>statt. Anstelle des Regelunterrichts werden t\u00e4glich gesundheitsbezogene Workshops aus den Bereichen <em>Ern\u00e4hrung, Bewegung und Sport, Suchtpr\u00e4vention <\/em>sowie <em>Mobbing <\/em>angeboten. Darunter gibt es auch einige Workshops von professionellen Anbietern, die vom Elternverein in gro\u00dfem Ma\u00dfe mitfinanziert werden.<\/p>\n<p style=\"font-weight: 400;\"><strong>Gesundheitspr\u00e4vention<\/strong><\/p>\n<p><span style=\"font-weight: 400;\">F\u00fcr alle 5. und 7. Klassen gibt es j\u00e4hrlich einen Projekttag zur Gesundheitspr\u00e4vention. In der 5. Klasse finden Workshops zum Thema <em>Suchtpr\u00e4vention <\/em>und in der 7. Klasse zum Thema <em>Psychische Gesundheit<\/em> statt.<\/span><\/p>\n<p style=\"font-weight: 400;\"><strong>Jugendgesundheitscoaches<\/strong><\/p>\n<p style=\"font-weight: 400;\">Regelm\u00e4\u00dfig erhalten 2-3 15-16 j\u00e4hrige Sch\u00fcler*innen unserer Schule eine fachliche und methodische Ausbildung von der \u00d6GK zum Jugendgesundheitscoach und vermitteln das Erlernte an andere Sch\u00fcler*innen weiter. Der dreit\u00e4gige Lehrgang behandelt eine Vielzahl an Themen wie z.B. Ern\u00e4hrung, Bewegung, psychische Gesundheit (Mobbing), Suchtverhalten (Alkohol, Rauchen, Drogen, Smartphone, Spiele, Internet) und Sexualit\u00e4t.<\/p>\n<p style=\"font-weight: 400;\"><strong>Jugendgesundheitskonferenz D\u00f6bling<\/strong><\/p>\n<p style=\"font-weight: 400;\">Alle paar Jahre findet im Bezirk eine Jugendgesundheitskonferenz statt. Im Vorfeld erarbeiten die Sch\u00fcler*innen, unterst\u00fctzt von ihren Lehrer*innen, in Workshops eigene Projekte und Ideen.\u00a0 Die Lehrer*innen planen und koordinieren gleichzeitig w\u00e4hrend regelm\u00e4\u00dfiger Treffen die \u00f6ffentliche Veranstaltung \u2013 die Jugendgesundheitskonferenz. \u00a0Die Pr\u00e4sentation der Projekte auf der Konferenz ist H\u00f6hepunkt des Projekts.<\/p>\n<p><strong>Bewegte Pause<\/strong><\/p>\n<p>In den gro\u00dfen Pausen sind im Au\u00dfenbereich der Schule folgende Fl\u00e4chen f\u00fcr die Sch\u00fclerInnen ge\u00f6ffnet:<\/p>\n<ul>\n<li>Hartplatz hinter der Schule<\/li>\n<li>Rasenplatz, Volleyballfeld und Vorplatz vor der Schule.<\/li>\n<\/ul>\n<p>Vor wie auch hinter der Schule stehen je ein Ballwagen mit Sport- und Spielger\u00e4ten zur Verf\u00fcgung. Diese k\u00f6nnen f\u00fcr die Zeit der \u201eBewegten Pause\u201c ausgeliehen werden.[\/vc_column_text][vc_column_text][\/vc_column_text][\/vc_column][\/vc_row]<\/p>\n","protected":false},"excerpt":{"rendered":"<p>[vc_row][vc_column][vc_single_image image=&#8220;8524&#8243;][vc_empty_space][vc_column_text] Das Ziel einer gesunden Schule stellt f\u00fcr unsere Schule eines der Hauptinteressen im Bereich der Schulentwicklung dar. Die Gesundheit aller Sch\u00fclerinnen und Sch\u00fcler sowie des ganzen Lehrpersonals ist uns ein gro\u00dfes Anliegen und wir arbeiten st\u00e4ndig an der Weiterentwicklung, um gr\u00f6\u00dftm\u00f6gliches Wohlbefinden aller in den verschiedensten Bereichen zu erreichen. Im Schuljahr 2016\/17 sind&hellip;<\/p>\n","protected":false},"author":1,"featured_media":0,"parent":0,"menu_order":0,"comment_status":"closed","ping_status":"closed","template":"","meta":{"footnotes":"","_links_to":"","_links_to_target":""},"class_list":["post-3413","page","type-page","status-publish","hentry","description-off"],"_links":{"self":[{"href":"https:\/\/billroth73.at\/index.php\/wp-json\/wp\/v2\/pages\/3413","targetHints":{"allow":["GET"]}}],"collection":[{"href":"https:\/\/billroth73.at\/index.php\/wp-json\/wp\/v2\/pages"}],"about":[{"href":"https:\/\/billroth73.at\/index.php\/wp-json\/wp\/v2\/types\/page"}],"author":[{"embeddable":true,"href":"https:\/\/billroth73.at\/index.php\/wp-json\/wp\/v2\/users\/1"}],"replies":[{"embeddable":true,"href":"https:\/\/billroth73.at\/index.php\/wp-json\/wp\/v2\/comments?post=3413"}],"version-history":[{"count":45,"href":"https:\/\/billroth73.at\/index.php\/wp-json\/wp\/v2\/pages\/3413\/revisions"}],"predecessor-version":[{"id":5313,"href":"https:\/\/billroth73.at\/index.php\/wp-json\/wp\/v2\/pages\/3413\/revisions\/5313"}],"wp:attachment":[{"href":"https:\/\/billroth73.at\/index.php\/wp-json\/wp\/v2\/media?parent=3413"}],"curies":[{"name":"wp","href":"https:\/\/api.w.org\/{rel}","templated":true}]}}