{"id":3116,"date":"2018-09-30T18:17:01","date_gmt":"2018-09-30T16:17:01","guid":{"rendered":"http:\/\/172.20.100.4\/?page_id=3116"},"modified":"2023-01-30T14:21:04","modified_gmt":"2023-01-30T13:21:04","slug":"schuelerberatung","status":"publish","type":"page","link":"https:\/\/billroth73.at\/index.php\/schuelerberatung\/","title":{"rendered":"Sch\u00fclerInnenberatung"},"content":{"rendered":"<p>[vc_row][vc_column]<div id=\"ultimate-heading-704869eb70bfe7b97\" class=\"uvc-heading ult-adjust-bottom-margin ultimate-heading-704869eb70bfe7b97 uvc-3114  uvc-heading-default-font-sizes\" data-hspacer=\"no_spacer\"  data-halign=\"left\" style=\"text-align:left\"><div class=\"uvc-heading-spacer no_spacer\" style=\"top\"><\/div><div class=\"uvc-main-heading ult-responsive\"  data-ultimate-target='.uvc-heading.ultimate-heading-704869eb70bfe7b97 h2'  data-responsive-json-new='{\"font-size\":\"\",\"line-height\":\"\"}' ><h2 style=\"--font-weight:theme;\">Sch\u00fclerInnenberatung<\/h2><\/div><\/div>[vc_separator][vc_empty_space][\/vc_column][\/vc_row][vc_row][vc_column width=&#8220;1\/4&#8243;][vc_column_text]<strong>Sprechstunden\u00fcbersicht<\/strong><\/p>\n<p>Mag.<sup>a<\/sup> Mariella Gressel: Montag, 4. Stunde<br \/>\n<a href=\"mailto:mariella.gressel@bildung.gv.at\">mariella.gressel@bildung.gv.at<\/a><\/p>\n<p>Mag.<sup>a\u00a0<\/sup>Petra Lukas-Kickinger: Dienstag, 3. Stunde<br \/>\n<a href=\"mailto:petra.lukas-kickinger@bildung.gv.at\">petra.lukas-kickinger@bildung.gv.at<\/a><\/p>\n<p>Raum 106[\/vc_column_text][\/vc_column][vc_column width=&#8220;3\/4&#8243;][vc_column_text]<strong>Liebe Sch\u00fclerin, lieber Sch\u00fcler!<\/strong><\/p>\n<p>Wir sind f\u00fcr dich da, wenn<\/p>\n<p>du mal vertraulich mit jemanden reden m\u00f6chtest,<\/p>\n<p>du das Gef\u00fchl hast, in einem Problem \u201efestzustecken\u201c,<\/p>\n<p>deine Gedanken oft um dieses Problem kreisen,<\/p>\n<p>du Lernprobleme hast,<\/p>\n<p>du Schwierigkeiten hast, dich zu konzentrieren,<\/p>\n<p>du unter Pr\u00fcfungs\u00e4ngsten leidest,<\/p>\n<p>du \u00fcberlegst, ob AHS oder BHS der richtige Weg f\u00fcr dich ist\u2026.<\/p>\n<p>&nbsp;<\/p>\n<p>Komm in eine unserer Sprechstunden!<br \/>\nWir unterst\u00fctzen dich und suchen gemeinsam nach L\u00f6sungen!<br \/>\nWir haben auch viele Materialien zum Thema leichter Lernen und Lernmotivation.[\/vc_column_text][\/vc_column][\/vc_row][vc_row][vc_column][vc_empty_space height=&#8220;50px&#8220;][vc_column_text]<strong>Links zu allgemeinen Beratungen<\/strong><\/p>\n<p>Alle Themen:<br \/>\n<a href=\"http:\/\/www.rataufdraht.at\/\">www.rataufdraht.at<\/a><\/p>\n<p>&nbsp;<\/p>\n<p>Frauen\/M\u00e4dchen und Sexualit\u00e4t\/Frauenarzt:<br \/>\n<a href=\"http:\/\/www.maedchensprechstunde.info\/\">www.maedchensprechstunde.info\/<\/a><\/p>\n<p>&nbsp;<\/p>\n<p>Beratung zum Thema Essst\u00f6rungen<br \/>\n<a href=\"http:\/\/www.intakt.at\/\">www.intakt.at<\/a><br \/>\n<a href=\"http:\/\/www.sowhat.at\/\">www.sowhat.at<\/a><\/p>\n<p>&nbsp;<\/p>\n<p>Sicherer Umgang mit dem Internet (Links f\u00fcr Sch\u00fclerinnen und Sch\u00fcler):<br \/>\n<a href=\"http:\/\/www.saferinternet.at\/zielgruppen\/jugendliche\/\">www.saferinternet.at\/zielgruppen\/jugendliche\/<\/a><br \/>\n<a href=\"http:\/\/www.klicksafe.de\/jugendbereich\/klicksafe-fuer-jugendliche\/\">www.klicksafe.de\/jugendbereich\/klicksafe-fuer-jugendliche\/<\/a><br \/>\n<a href=\"http:\/\/www.rataufdraht.at\/themenubersicht\/handy-internet\/was-tun-gegen-cyber-mobbing\">www.rataufdraht.at\/themenubersicht\/handy-internet\/was-tun-gegen-cyber-mobbing<\/a><br \/>\n<a href=\"http:\/\/www.saferinternet.at\/themen\/cyber-mobbing\/\">www.saferinternet.at\/themen\/cyber-mobbing\/<\/a><\/p>\n<p>&nbsp;<\/p>\n<p>Sicherer Umgang mit dem Internet (Link f\u00fcr Eltern):<br \/>\n<a href=\"http:\/\/www.schau-hin.info\/\">www.schau-hin.info<\/a><br \/>\n<a href=\"http:\/\/www.klicksafe.de\/eltern\/\">www.klicksafe.de\/eltern\/<\/a><\/p>\n<p>&nbsp;<\/p>\n<p><strong>\u00a0<\/strong><\/p>\n<p><strong>Links zur Berufsberatung<\/strong><\/p>\n<p>Adressen zur Berufsberatung:<br \/>\n<a href=\"http:\/\/www.bib-atlas.at\/\">www.bib-atlas.at<\/a><\/p>\n<p>&nbsp;<\/p>\n<p>Lexikon der Berufe:<br \/>\n<a href=\"http:\/\/www.berufskunde.de\/at\/ausbildungsberufe-a-bis-z\">http:\/\/www.berufskunde.de\/at\/ausbildungsberufe-a-bis-z<\/a><u><br \/>\n<\/u><a href=\"http:\/\/www.berufsdatenbank.at\/\">www.berufsdatenbank.at<\/a><\/p>\n<p>&nbsp;<\/p>\n<p>Lexikon der \u201eBerufsbildenden Schulen\u201c \u00d6sterreich:<br \/>\n<a href=\"https:\/\/www.abc.berufsbildendeschulen.at\/impressum\/\">www.abc.berufsbildendeschulen.at\/<\/a><\/p>\n<p>&nbsp;<\/p>\n<p>Info zu Lehrberufen:<br \/>\n<a href=\"https:\/\/lehrberuf.info\/lehrstellenverzeichnis\/\">www.lehrberuf.info<\/a><\/p>\n<p>&nbsp;<\/p>\n<p><strong>Links f\u00fcr MaturantInnen<\/strong><\/p>\n<p>Was und wo studieren?<br \/>\n<a href=\"http:\/\/www.studienwahl.at\/\">www.studienwahl.at<\/a><\/p>\n<p>Seite der Universit\u00e4t Wien:<br \/>\n<a href=\"http:\/\/www.univie.ac.at\/\">www.univie.ac.at<\/a><\/p>\n<p>Fachhochschulen:<br \/>\n<a href=\"http:\/\/www.fachhochschulen.at\/\">www.fachhochschulen.at<\/a><\/p>\n<p>Informationen rund um das Studieren:<br \/>\n<a href=\"http:\/\/www.studentpoint.at\/\">www.studentpoint.at<\/a><\/p>\n<p>\u201eSchnuppern an der UNI\u201c:<br \/>\n<a href=\"http:\/\/www.studierenprobieren.at\/\">www.studierenprobieren.at<\/a><\/p>\n<p>P\u00e4dagogische Hochschule Wien:<br \/>\n<a href=\"https:\/\/www.phwien.ac.at\/\">https:\/\/www.phwien.ac.at<\/a><\/p>\n<p>Privatuniversit\u00e4ten:<br \/>\n<a href=\"http:\/\/www.studieren.at\/privatuniversitaet\/\">www.studieren.at\/privatuniversitaet\/<\/a><\/p>\n<p>Maturanteninformation\/Online-Test:<br \/>\n<a href=\"http:\/\/www.maturawasnun.at\/\">www.maturawasnun.at<\/a><\/p>\n<p>Messe f\u00fcr Beruf und Ausbildung:<br \/>\n<a href=\"http:\/\/www.bestinfo.at\/\">www.bestinfo.at<\/a>[\/vc_column_text][\/vc_column][\/vc_row]<\/p>\n","protected":false},"excerpt":{"rendered":"<p>[vc_row][vc_column][vc_separator][vc_empty_space][\/vc_column][\/vc_row][vc_row][vc_column width=&#8220;1\/4&#8243;][vc_column_text]Sprechstunden\u00fcbersicht Mag.a Mariella Gressel: Montag, 4. Stunde mariella.gressel@bildung.gv.at Mag.a\u00a0Petra Lukas-Kickinger: Dienstag, 3. Stunde petra.lukas-kickinger@bildung.gv.at Raum 106[\/vc_column_text][\/vc_column][vc_column width=&#8220;3\/4&#8243;][vc_column_text]Liebe Sch\u00fclerin, lieber Sch\u00fcler! Wir sind f\u00fcr dich da, wenn du mal vertraulich mit jemanden reden m\u00f6chtest, du das Gef\u00fchl hast, in einem Problem \u201efestzustecken\u201c, deine Gedanken oft um dieses Problem kreisen, du Lernprobleme hast, du Schwierigkeiten hast,&hellip;<\/p>\n","protected":false},"author":1,"featured_media":0,"parent":0,"menu_order":0,"comment_status":"closed","ping_status":"closed","template":"","meta":{"footnotes":"","_links_to":"","_links_to_target":""},"class_list":["post-3116","page","type-page","status-publish","hentry","description-off"],"_links":{"self":[{"href":"https:\/\/billroth73.at\/index.php\/wp-json\/wp\/v2\/pages\/3116","targetHints":{"allow":["GET"]}}],"collection":[{"href":"https:\/\/billroth73.at\/index.php\/wp-json\/wp\/v2\/pages"}],"about":[{"href":"https:\/\/billroth73.at\/index.php\/wp-json\/wp\/v2\/types\/page"}],"author":[{"embeddable":true,"href":"https:\/\/billroth73.at\/index.php\/wp-json\/wp\/v2\/users\/1"}],"replies":[{"embeddable":true,"href":"https:\/\/billroth73.at\/index.php\/wp-json\/wp\/v2\/comments?post=3116"}],"version-history":[{"count":32,"href":"https:\/\/billroth73.at\/index.php\/wp-json\/wp\/v2\/pages\/3116\/revisions"}],"predecessor-version":[{"id":8252,"href":"https:\/\/billroth73.at\/index.php\/wp-json\/wp\/v2\/pages\/3116\/revisions\/8252"}],"wp:attachment":[{"href":"https:\/\/billroth73.at\/index.php\/wp-json\/wp\/v2\/media?parent=3116"}],"curies":[{"name":"wp","href":"https:\/\/api.w.org\/{rel}","templated":true}]}}