{"id":2559,"date":"2018-09-09T08:54:44","date_gmt":"2018-09-09T06:54:44","guid":{"rendered":"http:\/\/172.20.100.4\/?page_id=2559"},"modified":"2022-03-21T11:32:27","modified_gmt":"2022-03-21T10:32:27","slug":"foerderangebot","status":"publish","type":"page","link":"https:\/\/billroth73.at\/index.php\/about-company\/foerderangebot\/","title":{"rendered":"F\u00f6rderangebot"},"content":{"rendered":"<p>[vc_row][vc_column]<div id=\"ultimate-heading-698969e1a99e5b22d\" class=\"uvc-heading ult-adjust-bottom-margin ultimate-heading-698969e1a99e5b22d uvc-4803  uvc-heading-default-font-sizes\" data-hspacer=\"no_spacer\"  data-halign=\"left\" style=\"text-align:left\"><div class=\"uvc-heading-spacer no_spacer\" style=\"top\"><\/div><div class=\"uvc-main-heading ult-responsive\"  data-ultimate-target='.uvc-heading.ultimate-heading-698969e1a99e5b22d h2'  data-responsive-json-new='{\"font-size\":\"\",\"line-height\":\"\"}' ><h2 style=\"--font-weight:theme;\">F\u00f6rderangebote<\/h2><\/div><\/div>[vc_separator][\/vc_column][\/vc_row][vc_row][vc_column][vc_column_text]<a name=\"lesefoerderung\"><\/a>[\/vc_column_text][vc_empty_space]<div id=\"ultimate-heading-993569e1a99e5b26d\" class=\"uvc-heading ult-adjust-bottom-margin ultimate-heading-993569e1a99e5b26d uvc-9041  uvc-heading-default-font-sizes\" data-hspacer=\"no_spacer\"  data-halign=\"left\" style=\"text-align:left\"><div class=\"uvc-heading-spacer no_spacer\" style=\"top\"><\/div><div class=\"uvc-main-heading ult-responsive\"  data-ultimate-target='.uvc-heading.ultimate-heading-993569e1a99e5b26d h3'  data-responsive-json-new='{\"font-size\":\"\",\"line-height\":\"\"}' ><h3 style=\"--font-weight:theme;\">Lesef\u00f6rderung<\/h3><\/div><\/div>[vc_separator][vc_empty_space][vc_column_text]<a name=\"legasthenie\"><\/a>In einer entspannten, angstfreien Leseatmosph\u00e4re (in unserer Schulbibliothek oder im Freien) soll Lesen als freudvoll, anregend, spannend, interessant und n\u00fctzlich erlebt werden. Nur wer Lesen mit unangenehmen Gef\u00fchlen verbindet, wird zum &#8222;Lesemuffel&#8220;.<\/p>\n<p>Grundlegende Lesetechniken werden vermittelt und gefestigt. Das schnelle Erfassen von Worten und ihren Bedeutungen wird trainiert.<\/p>\n<p>Die Kinder haben Zeit, Raum und Mu\u00dfe zum selbstbestimmten Lesen, zum Schm\u00f6kern.<\/p>\n<p>Individuelle \u00dcbungen werden mit &#8222;Erfolgsgarantie&#8220; gestaltet. Nichts befl\u00fcgelt mehr als Erfolg!<\/p>\n<p>Lesen wird zum Gemeinschaftserlebnis \u2013 vorbereitete Texte werden der Gruppe vorgelesen.<\/p>\n<p>Humorvolle und spannende Texte wecken Interesse und Neugier: Das will ich wissen!<\/p>\n<p>Sch\u00fcler\/innen \u00fcbernehmen Verantwortung f\u00fcr ihr \u00dcben &#8211; Lesen ist keine verordnete Aufgabe, die zu erf\u00fcllen ist, sondern wird zum eigenen Antrieb \u2013 so k\u00f6nnen Lesest\u00e4rken aus- und Lesedefizite abgebaut werden.<\/p>\n<p>In der Kleingruppe wird Lesen zum Erlebnis, zum &#8222;Abenteuer im Kopf&#8220;.[\/vc_column_text][vc_empty_space][\/vc_column][\/vc_row][vc_row][vc_column][vc_empty_space]<div id=\"ultimate-heading-575369e1a99e5b294\" class=\"uvc-heading ult-adjust-bottom-margin ultimate-heading-575369e1a99e5b294 uvc-8782  uvc-heading-default-font-sizes\" data-hspacer=\"no_spacer\"  data-halign=\"left\" style=\"text-align:left\"><div class=\"uvc-heading-spacer no_spacer\" style=\"top\"><\/div><div class=\"uvc-main-heading ult-responsive\"  data-ultimate-target='.uvc-heading.ultimate-heading-575369e1a99e5b294 h3'  data-responsive-json-new='{\"font-size\":\"\",\"line-height\":\"\"}' ><h3 style=\"--font-weight:theme;\">Legasthenie<\/h3><\/div><\/div>[vc_separator][vc_empty_space][vc_column_text]<strong><u>F\u00f6rderma\u00dfnahmen: Lese- und Rechtschreibst\u00f6rung (LRS)<\/u><\/strong><\/p>\n<p>&nbsp;<\/p>\n<p>LRS ist eine Sammelbezeichnung f\u00fcr eine Vielzahl von Problemen, die Sch\u00fcler\/innen beim Lesen und\/oder Schreiben (insbesondere Rechtschreibung) haben k\u00f6nnen und schlie\u00dft den Begriff <strong>Legasthenie <\/strong>mit ein.<\/p>\n<p>Ansprechpartner: Mag. Philip Metzger[\/vc_column_text][vc_empty_space][\/vc_column][\/vc_row][vc_row][vc_column][vc_column_text]<a name=\"tutorensystem\"><\/a>[\/vc_column_text][vc_empty_space]<div id=\"ultimate-heading-356769e1a99e5b2b7\" class=\"uvc-heading ult-adjust-bottom-margin ultimate-heading-356769e1a99e5b2b7 uvc-4186  uvc-heading-default-font-sizes\" data-hspacer=\"no_spacer\"  data-halign=\"left\" style=\"text-align:left\"><div class=\"uvc-heading-spacer no_spacer\" style=\"top\"><\/div><div class=\"uvc-main-heading ult-responsive\"  data-ultimate-target='.uvc-heading.ultimate-heading-356769e1a99e5b2b7 h3'  data-responsive-json-new='{\"font-size\":\"\",\"line-height\":\"\"}' ><h3 style=\"--font-weight:theme;\">Tutorensystem<\/h3><\/div><\/div>[vc_separator][vc_empty_space][vc_column_text]<strong>Sch\u00fcler\/innen lernen mit Sch\u00fcler\/innen<\/strong><\/p>\n<p>Unsere Schule hat als erstes Gymnasium Wiens dieses Projekt \u201eSch\u00fcler helfen Sch\u00fclern\u201c initiiert. Seit 1996 werden Sch\u00fcler\/innen der Oberstufe zur schulischen Unterst\u00fctzung j\u00fcngerer Mitsch\u00fcler\/innen t\u00e4tig. Sie k\u00f6nnen neben ihren Fachkompetenzen auch ihre Sozialkompetenz einsetzen. Das Lernen mit j\u00fcngeren Sch\u00fclern\/innen erfordert zudem Verl\u00e4sslichkeit und beispielhaftes Verhalten, F\u00e4higkeiten, die auch sp\u00e4ter im Studium und im Berufsleben relevant sind.<\/p>\n<p>Die Nachfrage nach Lernhilfe und Lernbegleitung wird immer gr\u00f6\u00dfer, was ein Beweis f\u00fcr die gute Betreuung und Kooperation zwischen den Lernenden untereinander bzw. zwischen jenen und dem Lehrerteam am Schulstandort ist. An dieser Stelle sei auch ein Appell zum einen an die Oberstufensch\u00fcler\/innen, die sich f\u00fcr diese T\u00e4tigkeit qualifiziert f\u00fchlen, gerichtet, sich immer gleich im September bei Prof. Stejskal zu melden, zum anderen an diejenigen, die Lernbegleitung suchen, nicht zuzuwarten, bis \u201eder Hut brennt\u201c. Eine Tutorenstunde kostet 10\u20ac.<\/p>\n<p>&nbsp;[\/vc_column_text][\/vc_column][\/vc_row]<\/p>\n","protected":false},"excerpt":{"rendered":"<p>[vc_row][vc_column][vc_separator][\/vc_column][\/vc_row][vc_row][vc_column][vc_column_text][\/vc_column_text][vc_empty_space][vc_separator][vc_empty_space][vc_column_text]In einer entspannten, angstfreien Leseatmosph\u00e4re (in unserer Schulbibliothek oder im Freien) soll Lesen als freudvoll, anregend, spannend, interessant und n\u00fctzlich erlebt werden. Nur wer Lesen mit unangenehmen Gef\u00fchlen verbindet, wird zum &#8222;Lesemuffel&#8220;. Grundlegende Lesetechniken werden vermittelt und gefestigt. Das schnelle Erfassen von Worten und ihren Bedeutungen wird trainiert. Die Kinder haben Zeit, Raum und Mu\u00dfe&hellip;<\/p>\n","protected":false},"author":1,"featured_media":0,"parent":22,"menu_order":0,"comment_status":"closed","ping_status":"closed","template":"","meta":{"footnotes":"","_links_to":"","_links_to_target":""},"class_list":["post-2559","page","type-page","status-publish","hentry","description-off"],"_links":{"self":[{"href":"https:\/\/billroth73.at\/index.php\/wp-json\/wp\/v2\/pages\/2559","targetHints":{"allow":["GET"]}}],"collection":[{"href":"https:\/\/billroth73.at\/index.php\/wp-json\/wp\/v2\/pages"}],"about":[{"href":"https:\/\/billroth73.at\/index.php\/wp-json\/wp\/v2\/types\/page"}],"author":[{"embeddable":true,"href":"https:\/\/billroth73.at\/index.php\/wp-json\/wp\/v2\/users\/1"}],"replies":[{"embeddable":true,"href":"https:\/\/billroth73.at\/index.php\/wp-json\/wp\/v2\/comments?post=2559"}],"version-history":[{"count":14,"href":"https:\/\/billroth73.at\/index.php\/wp-json\/wp\/v2\/pages\/2559\/revisions"}],"predecessor-version":[{"id":7946,"href":"https:\/\/billroth73.at\/index.php\/wp-json\/wp\/v2\/pages\/2559\/revisions\/7946"}],"up":[{"embeddable":true,"href":"https:\/\/billroth73.at\/index.php\/wp-json\/wp\/v2\/pages\/22"}],"wp:attachment":[{"href":"https:\/\/billroth73.at\/index.php\/wp-json\/wp\/v2\/media?parent=2559"}],"curies":[{"name":"wp","href":"https:\/\/api.w.org\/{rel}","templated":true}]}}