{"id":2549,"date":"2018-09-09T08:52:35","date_gmt":"2018-09-09T06:52:35","guid":{"rendered":"http:\/\/172.20.100.4\/?page_id=2549"},"modified":"2025-11-18T15:15:51","modified_gmt":"2025-11-18T14:15:51","slug":"bibliothek","status":"publish","type":"page","link":"https:\/\/billroth73.at\/index.php\/sample-page-2\/bibliothek\/","title":{"rendered":"Bibliothek"},"content":{"rendered":"<p>[vc_row][vc_column]<div id=\"ultimate-heading-828569eb70cbc2a42\" class=\"uvc-heading ult-adjust-bottom-margin ultimate-heading-828569eb70cbc2a42 uvc-1161  uvc-heading-default-font-sizes\" data-hspacer=\"no_spacer\"  data-halign=\"left\" style=\"text-align:left\"><div class=\"uvc-heading-spacer no_spacer\" style=\"top\"><\/div><div class=\"uvc-main-heading ult-responsive\"  data-ultimate-target='.uvc-heading.ultimate-heading-828569eb70cbc2a42 h2'  data-responsive-json-new='{\"font-size\":\"\",\"line-height\":\"\"}' ><h2 style=\"--font-weight:theme;\">Bibliothek<\/h2><\/div><\/div>[vc_separator][\/vc_column][\/vc_row][vc_row][vc_column][vc_empty_space][\/vc_column][\/vc_row][vc_row][vc_column width=&#8220;1\/2&#8243;][vc_single_image image=&#8220;2993&#8243; img_size=&#8220;full&#8220;][\/vc_column][vc_column width=&#8220;1\/2&#8243;][vc_column_text]<strong>Aktuelle \u00d6ffnungszeiten:<\/strong><\/p>\n<p>Montag: 08:00-08:50, 09:45-10:00, 11:45-12:00, 13:50-16:15<\/p>\n<p>Dienstag: 09:45-10:00, 11:45-12:00, 13:50-14:35<\/p>\n<p>Mittwoch: 09:45-10:00, 11:45-12:00, 12:55-15:25<\/p>\n<p>Donnerstag: 09:45-10:00, 11:45-12:00, 13:50-15:25<\/p>\n<p>Freitag: 09:45-10:00[\/vc_column_text][\/vc_column][\/vc_row][vc_row][vc_column][vc_empty_space][\/vc_column][\/vc_row][vc_row][vc_column][vc_column_text]Unsere Schulbibliothek verf\u00fcgt \u00fcber Medien zu\u00a0allen Unterrichtsf\u00e4chern sowie \u00fcber eine gro\u00dfe Auswahl an spannenden B\u00fcchern f\u00fcr Kinder und Jugendliche. Weiters gibt es eine Sammlung an klassischen und modernen Filmen zu verschiedenen Genren.<\/p>\n<p>Zum Lesen und Schm\u00f6kern vor Ort bieten sich\u00a0gem\u00fctliche Lesenischen und Sitzstufen an, die Medien k\u00f6nnen aber auch f\u00fcr eine gewisse Zeit entlehnt werden. Wer die Bibliothek f\u00fcr Referate, VWA-Recherchen und sonstige Arbeiten n\u00fctzen will, findet Computerarbeitspl\u00e4tze und WLAN vor.[\/vc_column_text][vc_empty_space height=&#8220;62px&#8220;][\/vc_column][\/vc_row][vc_row][vc_column]<style type=\"text\/css\" data-type=\"the7_shortcodes-inline-css\">.gallery-shortcode.gallery-masonry-shortcode-id-5e45537130156ed930dfc8e3513d477d figure,\n.gallery-shortcode.gallery-masonry-shortcode-id-5e45537130156ed930dfc8e3513d477d .rollover,\n.gallery-shortcode.gallery-masonry-shortcode-id-5e45537130156ed930dfc8e3513d477d img,\n.gallery-shortcode.gallery-masonry-shortcode-id-5e45537130156ed930dfc8e3513d477d .gallery-rollover {\n  border-radius: 0px;\n}\n.gallery-shortcode.gallery-masonry-shortcode-id-5e45537130156ed930dfc8e3513d477d.enable-bg-rollover .gallery-rollover {\n  background: -webkit-linear-gradient();\n  background: linear-gradient();\n}\n.gallery-shortcode.gallery-masonry-shortcode-id-5e45537130156ed930dfc8e3513d477d.enable-bg-rollover.hover-scale figure .rollover:after {\n  background: -webkit-linear-gradient();\n  background: linear-gradient();\n}\n.gallery-shortcode.gallery-masonry-shortcode-id-5e45537130156ed930dfc8e3513d477d .gallery-zoom-ico {\n  width: 44px;\n  height: 44px;\n  line-height: 44px;\n  border-radius: 100px;\n  margin: -22px 0 0 -22px;\n  border-width: 0px;\n  color: #ffffff;\n}\n.dt-icon-bg-on.gallery-shortcode.gallery-masonry-shortcode-id-5e45537130156ed930dfc8e3513d477d .gallery-zoom-ico {\n  background: rgba(255,255,255,0.3);\n  box-shadow: none;\n}\n.gallery-shortcode.gallery-masonry-shortcode-id-5e45537130156ed930dfc8e3513d477d .gallery-zoom-ico:before,\n.gallery-shortcode.gallery-masonry-shortcode-id-5e45537130156ed930dfc8e3513d477d .gallery-zoom-ico span {\n  font-size: 32px;\n  line-height: 44px;\n  color: #ffffff;\n}\n.gallery-shortcode.gallery-masonry-shortcode-id-5e45537130156ed930dfc8e3513d477d:not(.resize-by-browser-width) .dt-css-grid {\n  grid-row-gap: 10px;\n  grid-column-gap: 10px;\n  grid-template-columns: repeat(auto-fill,minmax(,1fr));\n}\n.gallery-shortcode.gallery-masonry-shortcode-id-5e45537130156ed930dfc8e3513d477d:not(.resize-by-browser-width) .dt-css-grid .double-width {\n  grid-column: span 2;\n}\n.cssgridlegacy.no-cssgrid .gallery-shortcode.gallery-masonry-shortcode-id-5e45537130156ed930dfc8e3513d477d:not(.resize-by-browser-width) .dt-css-grid,\n.no-cssgridlegacy.no-cssgrid .gallery-shortcode.gallery-masonry-shortcode-id-5e45537130156ed930dfc8e3513d477d:not(.resize-by-browser-width) .dt-css-grid {\n  display: flex;\n  flex-flow: row wrap;\n  margin: -5px;\n}\n.cssgridlegacy.no-cssgrid .gallery-shortcode.gallery-masonry-shortcode-id-5e45537130156ed930dfc8e3513d477d:not(.resize-by-browser-width) .dt-css-grid .wf-cell,\n.no-cssgridlegacy.no-cssgrid .gallery-shortcode.gallery-masonry-shortcode-id-5e45537130156ed930dfc8e3513d477d:not(.resize-by-browser-width) .dt-css-grid .wf-cell {\n  flex: 1 0 ;\n  max-width: 100%;\n  padding: 5px;\n  box-sizing: border-box;\n}\n.gallery-shortcode.gallery-masonry-shortcode-id-5e45537130156ed930dfc8e3513d477d.resize-by-browser-width .dt-css-grid {\n  grid-template-columns: repeat(3,1fr);\n  grid-template-rows: auto;\n  grid-column-gap: 10px;\n  grid-row-gap: 10px;\n}\n.gallery-shortcode.gallery-masonry-shortcode-id-5e45537130156ed930dfc8e3513d477d.resize-by-browser-width .dt-css-grid .double-width {\n  grid-column: span 2;\n}\n.cssgridlegacy.no-cssgrid .gallery-shortcode.gallery-masonry-shortcode-id-5e45537130156ed930dfc8e3513d477d.resize-by-browser-width .dt-css-grid {\n  margin: -5px;\n}\n.cssgridlegacy.no-cssgrid .gallery-shortcode.gallery-masonry-shortcode-id-5e45537130156ed930dfc8e3513d477d.resize-by-browser-width .dt-css-grid .wf-cell {\n  width: 33.333333333333%;\n  padding: 5px;\n}\n.cssgridlegacy.no-cssgrid .gallery-shortcode.gallery-masonry-shortcode-id-5e45537130156ed930dfc8e3513d477d.resize-by-browser-width .dt-css-grid .wf-cell.double-width {\n  width: calc(33.333333333333%) * 2;\n}\n.gallery-shortcode.gallery-masonry-shortcode-id-5e45537130156ed930dfc8e3513d477d.resize-by-browser-width:not(.centered-layout-list):not(.content-bg-on) .dt-css-grid {\n  grid-row-gap: 10px - ;\n}\n@media screen and (max-width: 1199px) {\n  .gallery-shortcode.gallery-masonry-shortcode-id-5e45537130156ed930dfc8e3513d477d.resize-by-browser-width .dt-css-grid {\n    grid-template-columns: repeat(2,1fr);\n  }\n  .cssgridlegacy.no-cssgrid .gallery-shortcode.gallery-masonry-shortcode-id-5e45537130156ed930dfc8e3513d477d.resize-by-browser-width .dt-css-grid .wf-cell,\n  .no-cssgridlegacy.no-cssgrid .gallery-shortcode.gallery-masonry-shortcode-id-5e45537130156ed930dfc8e3513d477d.resize-by-browser-width .dt-css-grid .wf-cell {\n    width: 50%;\n  }\n  .cssgridlegacy.no-cssgrid .gallery-shortcode.gallery-masonry-shortcode-id-5e45537130156ed930dfc8e3513d477d.resize-by-browser-width .dt-css-grid .wf-cell.double-width,\n  .no-cssgridlegacy.no-cssgrid .gallery-shortcode.gallery-masonry-shortcode-id-5e45537130156ed930dfc8e3513d477d.resize-by-browser-width .dt-css-grid .wf-cell.double-width {\n    width: calc(50%)*2;\n  }\n}\n@media screen and (max-width: 991px) {\n  .gallery-shortcode.gallery-masonry-shortcode-id-5e45537130156ed930dfc8e3513d477d.resize-by-browser-width .dt-css-grid {\n    grid-template-columns: repeat(2,1fr);\n  }\n  .cssgridlegacy.no-cssgrid .gallery-shortcode.gallery-masonry-shortcode-id-5e45537130156ed930dfc8e3513d477d.resize-by-browser-width .dt-css-grid .wf-cell,\n  .no-cssgridlegacy.no-cssgrid .gallery-shortcode.gallery-masonry-shortcode-id-5e45537130156ed930dfc8e3513d477d.resize-by-browser-width .dt-css-grid .wf-cell {\n    width: 50%;\n  }\n  .cssgridlegacy.no-cssgrid .gallery-shortcode.gallery-masonry-shortcode-id-5e45537130156ed930dfc8e3513d477d.resize-by-browser-width .dt-css-grid .wf-cell.double-width,\n  .no-cssgridlegacy.no-cssgrid .gallery-shortcode.gallery-masonry-shortcode-id-5e45537130156ed930dfc8e3513d477d.resize-by-browser-width .dt-css-grid .wf-cell.double-width {\n    width: calc(50%)*2;\n  }\n}\n@media screen and (max-width: 767px) {\n  .gallery-shortcode.gallery-masonry-shortcode-id-5e45537130156ed930dfc8e3513d477d.resize-by-browser-width .dt-css-grid {\n    grid-template-columns: repeat(1,1fr);\n  }\n  .cssgridlegacy.no-cssgrid .gallery-shortcode.gallery-masonry-shortcode-id-5e45537130156ed930dfc8e3513d477d.resize-by-browser-width .dt-css-grid .wf-cell,\n  .no-cssgridlegacy.no-cssgrid .gallery-shortcode.gallery-masonry-shortcode-id-5e45537130156ed930dfc8e3513d477d.resize-by-browser-width .dt-css-grid .wf-cell {\n    width: 100%;\n  }\n  .cssgridlegacy.no-cssgrid .gallery-shortcode.gallery-masonry-shortcode-id-5e45537130156ed930dfc8e3513d477d.resize-by-browser-width .dt-css-grid .wf-cell.double-width,\n  .no-cssgridlegacy.no-cssgrid .gallery-shortcode.gallery-masonry-shortcode-id-5e45537130156ed930dfc8e3513d477d.resize-by-browser-width .dt-css-grid .wf-cell.double-width {\n    width: calc(100%)*2;\n  }\n}\n<\/style><div class=\"gallery-shortcode dt-gallery-container gallery-masonry-shortcode-id-5e45537130156ed930dfc8e3513d477d mode-grid jquery-filter dt-icon-bg-off quick-scale-img dt-css-grid-wrap enable-bg-rollover resize-by-browser-width  hover-fade loading-effect-none description-on-hover\" data-padding=\"5px\" data-cur-page=\"1\" data-post-limit=\"-1\" data-pagination-mode=\"none\" data-desktop-columns-num=\"3\" data-v-tablet-columns-num=\"2\" data-h-tablet-columns-num=\"2\" data-phone-columns-num=\"1\" data-width=\"0px\" data-columns=\"0\"><div class=\"dt-css-grid\" ><div class=\"wf-cell\" data-post-id=\"4763\" data-date=\"2018-10-30T10:45:32+01:00\" data-name=\"Bibliothek Sch\u00fcler\"><figure class=\"post visible\"><a href=\"https:\/\/billroth73.at\/wp-content\/uploads\/2018\/10\/Bibliothek-Sch\u00fcler.jpg\" class=\"rollover dt-pswp-item layzr-bg\" data-large_image_width=\"5472\" data-large_image_height=\"3648\" data-dt-img-description=\"\" title=\"Bibliothek Sch\u00fcler\"><img fetchpriority=\"high\" decoding=\"async\" class=\"preload-me iso-lazy-load aspect\" src=\"data:image\/svg+xml,%3Csvg%20xmlns%3D&#39;http%3A%2F%2Fwww.w3.org%2F2000%2Fsvg&#39;%20viewBox%3D&#39;0%200%20768%20512&#39;%2F%3E\" data-src=\"https:\/\/billroth73.at\/wp-content\/uploads\/2018\/10\/Bibliothek-Sch\u00fcler-768x512.jpg\" data-srcset=\"https:\/\/billroth73.at\/wp-content\/uploads\/2018\/10\/Bibliothek-Sch\u00fcler-768x512.jpg 768w, https:\/\/billroth73.at\/wp-content\/uploads\/2018\/10\/Bibliothek-Sch\u00fcler-1152x768.jpg 1152w\" loading=\"eager\" style=\"--ratio: 768 \/ 512\" sizes=\"(max-width: 768px) 100vw, 768px\" alt=\"\" width=\"768\" height=\"512\"  \/><span class=\"gallery-rollover\"><span class=\"gallery-zoom-ico icomoon-the7-font-the7-zoom-06\"><span><\/span><\/span><\/span><\/a><\/figure><\/div><div class=\"wf-cell\" data-post-id=\"4762\" data-date=\"2018-10-30T10:45:02+01:00\" data-name=\"Bibliothek Sch\u00fcler II\"><figure class=\"post visible\"><a href=\"https:\/\/billroth73.at\/wp-content\/uploads\/2018\/10\/Bibliothek-Sch\u00fcler-II.jpg\" class=\"rollover dt-pswp-item layzr-bg\" data-large_image_width=\"5472\" data-large_image_height=\"3648\" data-dt-img-description=\"\" title=\"Bibliothek Sch\u00fcler II\"><img decoding=\"async\" class=\"preload-me iso-lazy-load aspect\" src=\"data:image\/svg+xml,%3Csvg%20xmlns%3D&#39;http%3A%2F%2Fwww.w3.org%2F2000%2Fsvg&#39;%20viewBox%3D&#39;0%200%20768%20512&#39;%2F%3E\" data-src=\"https:\/\/billroth73.at\/wp-content\/uploads\/2018\/10\/Bibliothek-Sch\u00fcler-II-768x512.jpg\" data-srcset=\"https:\/\/billroth73.at\/wp-content\/uploads\/2018\/10\/Bibliothek-Sch\u00fcler-II-768x512.jpg 768w, https:\/\/billroth73.at\/wp-content\/uploads\/2018\/10\/Bibliothek-Sch\u00fcler-II-1152x768.jpg 1152w\" loading=\"eager\" style=\"--ratio: 768 \/ 512\" sizes=\"(max-width: 768px) 100vw, 768px\" alt=\"\" width=\"768\" height=\"512\"  \/><span class=\"gallery-rollover\"><span class=\"gallery-zoom-ico icomoon-the7-font-the7-zoom-06\"><span><\/span><\/span><\/span><\/a><\/figure><\/div><div class=\"wf-cell\" data-post-id=\"4764\" data-date=\"2018-10-30T10:46:04+01:00\" data-name=\"Biblithek Sch\u00fcler III\"><figure class=\"post visible\"><a href=\"https:\/\/billroth73.at\/wp-content\/uploads\/2018\/10\/Biblithek-Sch\u00fcler-III.jpg\" class=\"rollover dt-pswp-item layzr-bg\" data-large_image_width=\"5472\" data-large_image_height=\"3648\" data-dt-img-description=\"\" title=\"Biblithek Sch\u00fcler III\"><img decoding=\"async\" class=\"preload-me iso-lazy-load aspect\" src=\"data:image\/svg+xml,%3Csvg%20xmlns%3D&#39;http%3A%2F%2Fwww.w3.org%2F2000%2Fsvg&#39;%20viewBox%3D&#39;0%200%20768%20512&#39;%2F%3E\" data-src=\"https:\/\/billroth73.at\/wp-content\/uploads\/2018\/10\/Biblithek-Sch\u00fcler-III-768x512.jpg\" data-srcset=\"https:\/\/billroth73.at\/wp-content\/uploads\/2018\/10\/Biblithek-Sch\u00fcler-III-768x512.jpg 768w, https:\/\/billroth73.at\/wp-content\/uploads\/2018\/10\/Biblithek-Sch\u00fcler-III-1152x768.jpg 1152w\" loading=\"eager\" style=\"--ratio: 768 \/ 512\" sizes=\"(max-width: 768px) 100vw, 768px\" alt=\"\" width=\"768\" height=\"512\"  \/><span class=\"gallery-rollover\"><span class=\"gallery-zoom-ico icomoon-the7-font-the7-zoom-06\"><span><\/span><\/span><\/span><\/a><\/figure><\/div><\/div><!-- iso-container|iso-grid --><\/div>[\/vc_column][\/vc_row][vc_row][vc_column][vc_empty_space][\/vc_column][\/vc_row][vc_row][vc_column][vc_column_text]<strong>Leitung<\/strong>: Dr. Hahnl Petra, Mag. Stejskal Ingrid[\/vc_column_text][\/vc_column][\/vc_row]<\/p>\n","protected":false},"excerpt":{"rendered":"<p>[vc_row][vc_column][vc_separator][\/vc_column][\/vc_row][vc_row][vc_column][vc_empty_space][\/vc_column][\/vc_row][vc_row][vc_column width=&#8220;1\/2&#8243;][vc_single_image image=&#8220;2993&#8243; img_size=&#8220;full&#8220;][\/vc_column][vc_column width=&#8220;1\/2&#8243;][vc_column_text]Aktuelle \u00d6ffnungszeiten: Montag: 08:00-08:50, 09:45-10:00, 11:45-12:00, 13:50-16:15 Dienstag: 09:45-10:00, 11:45-12:00, 13:50-14:35 Mittwoch: 09:45-10:00, 11:45-12:00, 12:55-15:25 Donnerstag: 09:45-10:00, 11:45-12:00, 13:50-15:25 Freitag: 09:45-10:00[\/vc_column_text][\/vc_column][\/vc_row][vc_row][vc_column][vc_empty_space][\/vc_column][\/vc_row][vc_row][vc_column][vc_column_text]Unsere Schulbibliothek verf\u00fcgt \u00fcber Medien zu\u00a0allen Unterrichtsf\u00e4chern sowie \u00fcber eine gro\u00dfe Auswahl an spannenden B\u00fcchern f\u00fcr Kinder und Jugendliche. Weiters gibt es eine Sammlung an klassischen und modernen Filmen zu verschiedenen&hellip;<\/p>\n","protected":false},"author":1,"featured_media":0,"parent":592,"menu_order":0,"comment_status":"closed","ping_status":"closed","template":"","meta":{"footnotes":"","_links_to":"","_links_to_target":""},"class_list":["post-2549","page","type-page","status-publish","hentry","description-off"],"_links":{"self":[{"href":"https:\/\/billroth73.at\/index.php\/wp-json\/wp\/v2\/pages\/2549","targetHints":{"allow":["GET"]}}],"collection":[{"href":"https:\/\/billroth73.at\/index.php\/wp-json\/wp\/v2\/pages"}],"about":[{"href":"https:\/\/billroth73.at\/index.php\/wp-json\/wp\/v2\/types\/page"}],"author":[{"embeddable":true,"href":"https:\/\/billroth73.at\/index.php\/wp-json\/wp\/v2\/users\/1"}],"replies":[{"embeddable":true,"href":"https:\/\/billroth73.at\/index.php\/wp-json\/wp\/v2\/comments?post=2549"}],"version-history":[{"count":27,"href":"https:\/\/billroth73.at\/index.php\/wp-json\/wp\/v2\/pages\/2549\/revisions"}],"predecessor-version":[{"id":8896,"href":"https:\/\/billroth73.at\/index.php\/wp-json\/wp\/v2\/pages\/2549\/revisions\/8896"}],"up":[{"embeddable":true,"href":"https:\/\/billroth73.at\/index.php\/wp-json\/wp\/v2\/pages\/592"}],"wp:attachment":[{"href":"https:\/\/billroth73.at\/index.php\/wp-json\/wp\/v2\/media?parent=2549"}],"curies":[{"name":"wp","href":"https:\/\/api.w.org\/{rel}","templated":true}]}}