{"id":2543,"date":"2018-09-09T08:51:35","date_gmt":"2018-09-09T06:51:35","guid":{"rendered":"http:\/\/172.20.100.4\/?page_id=2543"},"modified":"2026-03-20T11:59:03","modified_gmt":"2026-03-20T10:59:03","slug":"most","status":"publish","type":"page","link":"https:\/\/billroth73.at\/index.php\/sample-page-2\/most\/","title":{"rendered":"MOST"},"content":{"rendered":"<p>[vc_row][vc_column]<div id=\"ultimate-heading-265969d29f8a28a31\" class=\"uvc-heading ult-adjust-bottom-margin ultimate-heading-265969d29f8a28a31 uvc-389  uvc-heading-default-font-sizes\" data-hspacer=\"no_spacer\"  data-halign=\"left\" style=\"text-align:left\"><div class=\"uvc-heading-spacer no_spacer\" style=\"top\"><\/div><div class=\"uvc-main-heading ult-responsive\"  data-ultimate-target='.uvc-heading.ultimate-heading-265969d29f8a28a31 h2'  data-responsive-json-new='{\"font-size\":\"\",\"line-height\":\"\"}' ><h2 style=\"--font-weight:theme;\">Modulare Oberstufe<\/h2><\/div><\/div>[vc_empty_space][vc_column_text]<\/p>\n<h1>MOST 2.0 \u2013 Die Modulare Oberstufe<\/h1>\n<p style=\"font-weight: 400;\">Die Modulare Oberstufe (MOST 2.0) bietet ab der 10. Schulstufe ein modernes, flexibles Kurssystem. Alle F\u00e4cher werden in Module geteilt und pro Semester separat beurteilt. Positive Leistungen bleiben erhalten \u2013 nur negativ absolvierte Module m\u00fcssen wiederholt oder per Semesterpr\u00fcfung kompensiert werden.<\/p>\n<p style=\"font-weight: 400;\"><strong>WAS ZEICHNET MOST 2.0 AUS?<\/strong><\/p>\n<ul>\n<li style=\"font-weight: 400;\">Semesterweise Beurteilung aller Gegenst\u00e4nde<\/li>\n<li style=\"font-weight: 400;\">Individueller Unterricht durch 12 Wahlmodule<\/li>\n<li style=\"font-weight: 400;\">Hohe Flexibilit\u00e4t im eigenen Stundenplan<\/li>\n<li style=\"font-weight: 400;\">F\u00f6rderung pers\u00f6nlicher Interessen und St\u00e4rken<\/li>\n<\/ul>\n<p style=\"font-weight: 400;\"><strong>SEMESTERPR\u00dcFUNGEN<\/strong><\/p>\n<ul>\n<li style=\"font-weight: 400;\">Eine negative Beurteilung eines Gegenstands kann innerhalb des folgenden Semesters mittels einer Semesterpr\u00fcfung ausgebessert werden<\/li>\n<li style=\"font-weight: 400;\">M\u00e4rz\/April: bis zu je 2 Semesterpr\u00fcfungen<\/li>\n<li style=\"font-weight: 400;\">September: bis zu 4 Semesterpr\u00fcfungen<\/li>\n<li style=\"font-weight: 400;\">Negativ? \u2192 1x wiederholbar zum n\u00e4chstm\u00f6glichen Termin oder im Rahmen des Unterrichtes<\/li>\n<li style=\"font-weight: 400;\">Eine negative Beurteilung eines Gegenstands kann innerhalb des folgenden Semesters mittels einer Semesterpr\u00fcfung ausgebessert werden<\/li>\n<\/ul>\n<p style=\"font-weight: 400;\"><strong>NACHHOLEN VON MODULEN<\/strong><\/p>\n<p style=\"font-weight: 400;\">Bei zweimaligem Nichtbestehen einer Semesterpr\u00fcfung muss das Modul im Folgejahr erneut besucht werden.<\/p>\n<p style=\"font-weight: 400;\">Positive Leistungen bleiben bei Klassenwiederholung erhalten und die bereits erfolgreich absolvierten Gegenst\u00e4nde m\u00fcssen nicht nochmals besucht werden. Damit gibt es in der MOST 2.0 kein klassisches \u201eSitzenbleiben\u201c mehr.<\/p>\n<p style=\"font-weight: 400;\"><strong>WAHLMODULE<\/strong><\/p>\n<p style=\"font-weight: 400;\">In MOST 2.0 w\u00e4hlst du:<\/p>\n<ul>\n<li style=\"font-weight: 400;\">Einen Schwerpunkt (S \u2013 sprachlich, K \u2013 kreativ\/geisteswissenschaftlich, N \u2013 naturwissenschaftlich)<\/li>\n<li style=\"font-weight: 400;\">4 freie Wahlmodule<\/li>\n<li style=\"font-weight: 400;\">2 typenbildende Module<\/li>\n<\/ul>\n<p>[\/vc_column_text][vc_empty_space height=&#8220;16px&#8220;][vc_column_text]<a href=\"https:\/\/billroth73.at\/wp-content\/uploads\/2023\/10\/MOST-2.0-INFO-ab-SJ-2023_24_ab-der-10.-Schulstufe-aufsteigend.pptx\" target=\"_blank\" rel=\"noopener\">Download: Informationen zur Most im \u00dcberblick als PowerPoint-Pr\u00e4sentation<\/a>[\/vc_column_text][vc_empty_space][vc_column_text]<strong>Die 130 Jahreswochenstunden \u00fcber 3 Jahre hinweg verteilen sich folgenderma\u00dfen:<\/strong>[\/vc_column_text][vc_single_image image=&#8220;8440&#8243; img_size=&#8220;large&#8220; css=&#8220;.vc_custom_1696248718124{margin-top: 20px !important;}&#8220;][vc_column_text]<a href=\"https:\/\/billroth73.at\/index.php\/dokumente\/\">weiter zu: Download-Dateien<\/a>[\/vc_column_text][vc_separator][\/vc_column][\/vc_row]<\/p>\n","protected":false},"excerpt":{"rendered":"<p>[vc_row][vc_column][vc_empty_space][vc_column_text] MOST 2.0 \u2013 Die Modulare Oberstufe Die Modulare Oberstufe (MOST 2.0) bietet ab der 10. Schulstufe ein modernes, flexibles Kurssystem. Alle F\u00e4cher werden in Module geteilt und pro Semester separat beurteilt. Positive Leistungen bleiben erhalten \u2013 nur negativ absolvierte Module m\u00fcssen wiederholt oder per Semesterpr\u00fcfung kompensiert werden. WAS ZEICHNET MOST 2.0 AUS? Semesterweise Beurteilung&hellip;<\/p>\n","protected":false},"author":1,"featured_media":0,"parent":592,"menu_order":0,"comment_status":"closed","ping_status":"closed","template":"","meta":{"footnotes":"","_links_to":"","_links_to_target":""},"class_list":["post-2543","page","type-page","status-publish","hentry","description-off"],"_links":{"self":[{"href":"https:\/\/billroth73.at\/index.php\/wp-json\/wp\/v2\/pages\/2543","targetHints":{"allow":["GET"]}}],"collection":[{"href":"https:\/\/billroth73.at\/index.php\/wp-json\/wp\/v2\/pages"}],"about":[{"href":"https:\/\/billroth73.at\/index.php\/wp-json\/wp\/v2\/types\/page"}],"author":[{"embeddable":true,"href":"https:\/\/billroth73.at\/index.php\/wp-json\/wp\/v2\/users\/1"}],"replies":[{"embeddable":true,"href":"https:\/\/billroth73.at\/index.php\/wp-json\/wp\/v2\/comments?post=2543"}],"version-history":[{"count":17,"href":"https:\/\/billroth73.at\/index.php\/wp-json\/wp\/v2\/pages\/2543\/revisions"}],"predecessor-version":[{"id":8947,"href":"https:\/\/billroth73.at\/index.php\/wp-json\/wp\/v2\/pages\/2543\/revisions\/8947"}],"up":[{"embeddable":true,"href":"https:\/\/billroth73.at\/index.php\/wp-json\/wp\/v2\/pages\/592"}],"wp:attachment":[{"href":"https:\/\/billroth73.at\/index.php\/wp-json\/wp\/v2\/media?parent=2543"}],"curies":[{"name":"wp","href":"https:\/\/api.w.org\/{rel}","templated":true}]}}