{"id":2541,"date":"2018-09-09T08:50:43","date_gmt":"2018-09-09T06:50:43","guid":{"rendered":"http:\/\/172.20.100.4\/?page_id=2541"},"modified":"2025-11-05T23:09:38","modified_gmt":"2025-11-05T22:09:38","slug":"schulprofil","status":"publish","type":"page","link":"https:\/\/billroth73.at\/index.php\/sample-page-2\/schulprofil\/","title":{"rendered":"Schulprofil"},"content":{"rendered":"<p>[vc_row][vc_column]<div id=\"ultimate-heading-735869d4cdd9b205f\" class=\"uvc-heading ult-adjust-bottom-margin ultimate-heading-735869d4cdd9b205f uvc-8119  uvc-heading-default-font-sizes\" data-hspacer=\"no_spacer\"  data-halign=\"left\" style=\"text-align:left\"><div class=\"uvc-heading-spacer no_spacer\" style=\"top\"><\/div><div class=\"uvc-main-heading ult-responsive\"  data-ultimate-target='.uvc-heading.ultimate-heading-735869d4cdd9b205f h2'  data-responsive-json-new='{\"font-size\":\"\",\"line-height\":\"\"}' ><h2 style=\"--font-weight:theme;\">Schulprofil<\/h2><\/div><\/div>[vc_separator][vc_empty_space][vc_cta h2=&#8220;&#8220;]<a href=\"https:\/\/billroth73.at\/wp-content\/uploads\/2025\/11\/Schullaufbahnberatung-2.-Klassen_2025_26.pdf\">Hier erhalten Sie eine Schullaufbahnberatung f\u00fcr die 2. Klassen<\/a>[\/vc_cta][\/vc_column][\/vc_row][vc_row][vc_column][vc_empty_space][\/vc_column][\/vc_row][vc_row][vc_column][vc_column_text]<strong>KERNDATEN<\/strong><\/p>\n<p><strong>Organisation:<\/strong> Gymnasium mit Franz\u00f6sisch\/Latein ab der 3. Klasse \/\/ Realgymnasium \/\/ insgesamt 28 Klassen \/\/ ca. 710 Sch\u00fclerinnen und Sch\u00fcler \/\/ ca. 80 Lehrerinnen und Lehrer \/\/ Tagesbetreuung in der Unterstufe<\/p>\n<p><strong>Lage: <\/strong>Unsere \u201eSchule im Gr\u00fcnen\u201c ist durch eine einmalige Lage inmitten ausgedehnter Gr\u00fcn- und Sportanlagen im\u00a0\u00a0\u00a0\u00a0\u00a0 19. Bezirk in Wien-D\u00f6bling gekennzeichnet. Dadurch sind Unterricht, Pausen, Nachmittagsbetreuung und Freizeit im Gr\u00fcnen m\u00f6glich. <strong><em><a href=\"https:\/\/www.google.com\/maps\/place\/Billrothstra%C3%9Fe+73,+1190+Wien\/@48.24308,16.3427694,17z\/data=!3m1!4b1!4m5!3m4!1s0x476d0628586f40d1:0x5c62f0a37bf3b6a6!8m2!3d48.24308!4d16.3449581\" target=\"_blank\" rel=\"noopener noreferrer\">Lageplan<\/a><\/em><\/strong><\/p>\n<p><strong>Erreichbarkeit: <\/strong>Die Schule ist mit \u00f6ffentlichen Verkehrsmitteln (S45, 38, 39A, 35A, 10A; Taxistand 200m entfernt) sehr gut erreichbar.<\/p>\n<p><strong>Einzugsgebiet: <\/strong>19. Wiener Gemeindebezirk; bedingt durch die verkehrsg\u00fcnstige Lage reicht das Einzugsgebiet aber auch dar\u00fcber hinaus.<\/p>\n<p><strong>Ausstattung: <\/strong>Sportanlagen: Fu\u00dfballplatz, Volleyballplatz, Handballplatz, Basketballplatz, Kugelsto\u00df- und Weitsprunganlage, Laufstrecke \/\/ Sonderr\u00e4ume: Physik, Biologie, Chemie, Informatik (2), Technisches Werken,\u00a0 Textiles Werken, Bildnerische Erziehung (2), Musikerziehung (2), Turns\u00e4le (2), Fitnessraum in Planung, \/\/ Zus\u00e4tzlich: Veranstaltungssaal (mit B\u00fchne und Tonanlage), multimediale Schulbibliothek, \u201eKlasse im Gr\u00fcnen\u201c, eigene R\u00e4umlichkeiten f\u00fcr die Tagesbetreuung, Schulbuffet, teilweise \u00fcberdachter Innenhof, begr\u00fcnter Innenhof und gro\u00dfer Schulgarten!<\/p>\n<p><strong>ANGABEN ZUR P\u00c4DAGOGISCHEN POSITION<\/strong><\/p>\n<p><u>Besondere Angebote der Schule<\/u><\/p>\n<p><strong>Kompensatorischer Unterricht:<\/strong><\/p>\n<p>In den Unterricht integriertes Lesetraining im Deutschunterricht<\/p>\n<p>Unverbindliche \u00dcbungen: \u201eDeutsch als Zweitsprache\u201c und \u201eLesetraining\u201c,Legasthenie-Betreuung, Sport und Spiel usw.<\/p>\n<p><strong>Pr\u00e4sentations- und Arbeitstechniken:<\/strong><\/p>\n<p>EVA (= eigenverantwortliches Arbeiten nach Klippert; in Form von Teamstunden in der Unterstufe)<\/p>\n<p>ABA-Einf\u00fchrungskurs (Einf\u00fchrung in das wissenschaftliche Arbeiten)<\/p>\n<p><strong>Fremdsprachen:<\/strong><\/p>\n<p>DLP (Dual Language Programme) in der Unterstufe in jeweils einer Klasse pro Jahrgang<\/p>\n<p>Vorbereitung und Durchf\u00fchrung von Sprachwettbewerben<\/p>\n<p>Vorbereitung f\u00fcr Sprachzertifikate (Oberstufe) Franz\u00f6sisch ab der 3. Klasse im Gymnasium<\/p>\n<p>Spanisch sowie Italienisch als maturaf\u00e4hige Wahlmodule<\/p>\n<p>H\u00e4ufiger Einsatz von \u201enative speaker teachers\u201c<\/p>\n<p>Sprachintensivwochen in den 6. und 7. Klassen (Frankreich\/England\/Irland\/Malta)<\/p>\n<p><strong>Naturwissenschaftlicher Bereich:<\/strong><\/p>\n<p>\u201eScience\u201c: F\u00e4cher\u00fcbergreifender naturwissenschaftlicher Pflichtunterricht in den 3., 4., 6. und 7. Realgymnasiums-Klassen. \u201eGalileo\u201c (unverbindliche \u00dcbung f\u00fcr die 1. und 2. Klassen)<\/p>\n<p>Teilnahme am K\u00e4nguru-Wettbewerb (internationaler Vergleich der F\u00e4higkeiten im mathematisch-logischen Denken)<\/p>\n<p>Chemie- und Mathematik-Olympiaden<\/p>\n<p>Meeresbiologische Woche in den 6. RG-Klassen (Italien\/Kroatien)<\/p>\n<p><strong>Sport:<\/strong><\/p>\n<p>Unverbindliche \u00dcbung Fu\u00dfball (Burschen und M\u00e4dchen) Teilnahme an Fu\u00dfball-Sch\u00fclerligabewerben<\/p>\n<p>Unverbindliche \u00dcbung Volleyball<\/p>\n<p>Unverbindliche \u00dcbung Hockey<\/p>\n<p>Unverbindliche \u00dcbung Leichtathletik<\/p>\n<p>Unverbindliche \u00dcbung Akrobatik<\/p>\n<p>Wintersportwochen in den 2. und 3. Klassen sowie Sommersportwoche in den 5. Klassen<\/p>\n<p><strong>Musisch-\/Kreativer Bereich:<\/strong><\/p>\n<p>Unverbindliche \u00dcbung B\u00fchnenspiel (regelm\u00e4\u00dfigeTheaterauff\u00fchrungen)<\/p>\n<p>Unverbindliche \u00dcbung Chorgesang (Auftritte bei verschiedenen Schulveranstaltungen, z.B.: Fr\u00fchlingskonzert)<\/p>\n<p><strong>Projektmanagement:<\/strong><\/p>\n<p>Unverbindliche \u00dcbung Projektmanagement zur Organisation des Schulballs<\/p>\n<p><a name=\"\u201dpeermediation\u201d\"><\/a><\/p>\n<p><strong>Mediation:<\/strong><\/p>\n<p>Unverbindliche \u00dcbung Mediation (Seit 1996 werden regelm\u00e4\u00dfig Sch\u00fclerinnen und Sch\u00fcler von Schulpsychologen\/innen mit Konfliktl\u00f6sungskompetenz zu \u201ePeer-Mediatorinnen und Peer-Mediatoren\u201c ausgebildet und helfen im Einzelfall als auch in ganzen Klassen Konflikte zu entsch\u00e4rfen und Streitigkeiten zu kl\u00e4ren.)<\/p>\n<p><strong>Tutoren\/innen:<\/strong><\/p>\n<p>Sch\u00fclerinnen und Sch\u00fcler der Oberstufe lernen im Rahmen des Tutorensystems mit j\u00fcngeren Mitsch\u00fclerinnen und Mitsch\u00fclern.<\/p>\n<p><u>Schwerpunkte der p\u00e4dagogischen Arbeit<\/u><\/p>\n<p><strong>Methodenvielfalt <\/strong>(Offenes Lernen, EVA, Projektunterricht, neue Formen der Leistungsbeurteilung wie z.B.: Power-Point-Pr\u00e4sentationen, Portfolio etc.)<\/p>\n<p><strong>Zusatzqualifikationen <\/strong>unserer Professorinnen und Professoren (Evaluations- und Qualit\u00e4tsmanagement, Pr\u00e4sentationstechniken, Projektmanagement, Soziales Lernen, Unternehmerf\u00fchrerschein, Fu\u00dfballtrainer\/in-Ausbildung etc.) flie\u00dfen in die t\u00e4gliche Arbeit mit unseren Sch\u00fclerinnen und Sch\u00fclern ein. Die Schwerpunkte der derzeitigen schulinternen Fortbildung liegen in den Bereichen der Digitalisierung, Safer Internet, Lernplattformen sowie Gesundheitsf\u00f6rderung.<\/p>\n<p>Der <strong>Nahtstellenproblematik<\/strong> (dem \u00dcbertritt an der Nahtstelle von der Volksschule in unsere 1. Klassen) schenken wir besonderes Augenmerk (Kontakte der Klassenvorst\u00e4ndinnen und Klassenvorst\u00e4nde mit ihren zuk\u00fcnftigen Sch\u00fclerinnen und Sch\u00fclern schon vor dem 1. Schultag im Rahmen unseres Schulfestes im Juni), Elterngespr\u00e4che zum leichteren Einstieg\/Umstellung\/Umgew\u00f6hnung\u2026.. sind in den ersten September-Tagen mit unserer Sch\u00fclerberaterin m\u00f6glich.<\/p>\n<p><u>Schulentwicklung<\/u><\/p>\n<p>Schulversuch <strong>Modulare Oberstufe (MOST) <\/strong>seit 2006<\/p>\n<p><strong>WieNGS<\/strong>-Schule\u00a0 (Projekte im Rahmen der<strong> Gesundheitsf\u00f6rderung<\/strong>, Mitglied beim Wiener Netzwerk f\u00fcr Gesunde Schule)<\/p>\n<p><strong>\u00d6KOLOG<\/strong>-Schule \u00a0(Nachhaltigkeit pflegen, Photovoltaikanlage, j\u00e4hrliche Projekte)<\/p>\n<p><strong>Sozialprojekte <\/strong>(Sozialprojekt: Nicaragua \u2013 Gesundheitszentrum \u201eEstrella del Mar\u201c in Achuapa sowie Sozialprojekt der 7. Klassen: Jugend gegen Armut, Charity-Lauf zugunsten von SOS-Kinderdorf im Rahmen des Sportfestes \u2026.)<\/p>\n<p><u>Kooperationen<\/u><\/p>\n<p>Mit folgenden Institutionen, Vereinen und Gesellschaften bestehen Kooperationen: Volksschulen, P\u00e4dagogische Hochschule, Universit\u00e4t Wien, Technische Universit\u00e4t Wien, Universit\u00e4t f\u00fcr Bodenkultur, Universit\u00e4tssportzentrum Wien, Sportunion Wien,\u00a0 Institute of European Studies, Volkswirtschaftliche Gesellschaft, Bezirksvertretung, Polizei<\/p>\n<p><strong>SCHULPARTNERSCHAFT:<\/strong><\/p>\n<p>Zusammenarbeit der Schulpartner im Rahmen des <strong>Schulgemeinschaftsausschusses<\/strong> (SGA)<\/p>\n<p>Es besteht an der Schule eine sehr aktive Sch\u00fcler(innen)vertretung, die sich auch \u00fcber die Schule hinaus in der Vertretung von Sch\u00fclerinnen- und Sch\u00fclerinteressen engagiert.<\/p>\n<p>Die Zusammenarbeit mit dem <strong>Elternverein<\/strong> ist sehr gut und eng. Der Elternverein f\u00f6rdert viele Vorhaben und Aktivit\u00e4ten der Schule durch Mitarbeit und finanzielle Zuwendungen und unterst\u00fctzt die Teilnahme einzelner Sch\u00fclerinnen und Sch\u00fcler an Schulveranstaltungen.<\/p>\n<p>Das allj\u00e4hrliche <strong>Schulfest <\/strong>stellt einen j\u00e4hrlichen H\u00f6hepunkt gemeinsamer Aktivit\u00e4ten dar.<\/p>\n<p><strong>ZUKUNFTSPERSPEKTIVEN:<\/strong><\/p>\n<p>Neugestaltung des derzeitigen Schulversuchs \u201eModulare Oberstufe\u201c im Hinblick auf das k\u00fcnftige modulare Regelschulwesen in der Oberstufe (Version: NOVI \u2013 Neue Oberstufe mit verst\u00e4rkter Individualisierung, voraussichtlich ab 2020\/21)[\/vc_column_text][\/vc_column][\/vc_row][vc_row][vc_column][vc_column_text][\/vc_column_text][\/vc_column][\/vc_row]<\/p>\n","protected":false},"excerpt":{"rendered":"<p>[vc_row][vc_column][vc_separator][vc_empty_space][vc_cta h2=&#8220;&#8220;]Hier erhalten Sie eine Schullaufbahnberatung f\u00fcr die 2. Klassen[\/vc_cta][\/vc_column][\/vc_row][vc_row][vc_column][vc_empty_space][\/vc_column][\/vc_row][vc_row][vc_column][vc_column_text]KERNDATEN Organisation: Gymnasium mit Franz\u00f6sisch\/Latein ab der 3. Klasse \/\/ Realgymnasium \/\/ insgesamt 28 Klassen \/\/ ca. 710 Sch\u00fclerinnen und Sch\u00fcler \/\/ ca. 80 Lehrerinnen und Lehrer \/\/ Tagesbetreuung in der Unterstufe Lage: Unsere \u201eSchule im Gr\u00fcnen\u201c ist durch eine einmalige Lage inmitten ausgedehnter Gr\u00fcn- und&hellip;<\/p>\n","protected":false},"author":1,"featured_media":0,"parent":592,"menu_order":0,"comment_status":"closed","ping_status":"closed","template":"","meta":{"footnotes":"","_links_to":"","_links_to_target":""},"class_list":["post-2541","page","type-page","status-publish","hentry","description-off"],"_links":{"self":[{"href":"https:\/\/billroth73.at\/index.php\/wp-json\/wp\/v2\/pages\/2541","targetHints":{"allow":["GET"]}}],"collection":[{"href":"https:\/\/billroth73.at\/index.php\/wp-json\/wp\/v2\/pages"}],"about":[{"href":"https:\/\/billroth73.at\/index.php\/wp-json\/wp\/v2\/types\/page"}],"author":[{"embeddable":true,"href":"https:\/\/billroth73.at\/index.php\/wp-json\/wp\/v2\/users\/1"}],"replies":[{"embeddable":true,"href":"https:\/\/billroth73.at\/index.php\/wp-json\/wp\/v2\/comments?post=2541"}],"version-history":[{"count":21,"href":"https:\/\/billroth73.at\/index.php\/wp-json\/wp\/v2\/pages\/2541\/revisions"}],"predecessor-version":[{"id":8889,"href":"https:\/\/billroth73.at\/index.php\/wp-json\/wp\/v2\/pages\/2541\/revisions\/8889"}],"up":[{"embeddable":true,"href":"https:\/\/billroth73.at\/index.php\/wp-json\/wp\/v2\/pages\/592"}],"wp:attachment":[{"href":"https:\/\/billroth73.at\/index.php\/wp-json\/wp\/v2\/media?parent=2541"}],"curies":[{"name":"wp","href":"https:\/\/api.w.org\/{rel}","templated":true}]}}