{"id":2539,"date":"2018-09-09T08:50:25","date_gmt":"2018-09-09T06:50:25","guid":{"rendered":"http:\/\/172.20.100.4\/?page_id=2539"},"modified":"2023-10-07T16:12:17","modified_gmt":"2023-10-07T14:12:17","slug":"leitbild","status":"publish","type":"page","link":"https:\/\/billroth73.at\/index.php\/sample-page-2\/leitbild\/","title":{"rendered":"Leitbild"},"content":{"rendered":"<p>[vc_row][vc_column]<div id=\"ultimate-heading-948269e24283a3745\" class=\"uvc-heading ult-adjust-bottom-margin ultimate-heading-948269e24283a3745 uvc-2258  uvc-heading-default-font-sizes\" data-hspacer=\"no_spacer\"  data-halign=\"left\" style=\"text-align:left\"><div class=\"uvc-heading-spacer no_spacer\" style=\"top\"><\/div><div class=\"uvc-main-heading ult-responsive\"  data-ultimate-target='.uvc-heading.ultimate-heading-948269e24283a3745 h2'  data-responsive-json-new='{\"font-size\":\"\",\"line-height\":\"\"}' ><h2 style=\"--font-weight:theme;\">Leitbild<\/h2><\/div><\/div>[vc_separator][vc_empty_space height=&#8220;64px&#8220;][vc_column_text]<\/p>\n<h3 style=\"text-align: center;\">Wir verstehen uns als eine lernende Gemeinschaft von Sch\u00fclerinnen, Sch\u00fclern, Lehrerinnen, Lehrern und Eltern,\u00a0die unseren Lebensraum Schule in einem von Sensibilit\u00e4t, gegenseitiger Wertsch\u00e4tzung und Humor gepr\u00e4gten Klima gestaltet.<\/h3>\n<p>[\/vc_column_text][vc_empty_space][\/vc_column][\/vc_row][vc_row full_width=&#8220;stretch_row&#8220; gap=&#8220;35&#8243; equal_height=&#8220;yes&#8220; content_placement=&#8220;top&#8220; type=&#8220;vc_default&#8220; margin_top=&#8220;10&#8243; css=&#8220;.vc_custom_1539841475046{padding-top: 80px !important;padding-bottom: 80px !important;}&#8220;][vc_column width=&#8220;1\/3&#8243;][mvc_flip_box height=&#8220;400&#8243; size=&#8220;22&#8243; image_id=&#8220;3728&#8243; title=&#8220;gemeinsam lernen&#8220; color=&#8220;#000000&#8243;]<a href=\"\/index.php\/about-company\/unterrichtsfaecher\/\" target=\"_blank\" rel=\"noopener noreferrer\">kompetenzorientierter Unterricht<\/a><\/p>\n<p><a href=\"\/index.php\/ipad-klassen\/\" target=\"_blank\" rel=\"noopener noreferrer\">Einsatz moderner Technologien<\/a><\/p>\n<p><a href=\"https:\/\/billroth73.at\/index.php\/about-company\/foerderangebot\/#tutorensystem\" target=\"_blank\" rel=\"noopener noreferrer\">Tutorensystem<\/a><\/p>\n<p><a href=\"https:\/\/billroth73.at\/index.php\/tagesbetreuung\/\" target=\"_blank\" rel=\"noopener noreferrer\">gemeinsames Lernen in der Tagesbetreuung<\/a>[\/mvc_flip_box][vc_empty_space height=&#8220;80px&#8220;][mvc_flip_box height=&#8220;400&#8243; size=&#8220;22&#8243; image_id=&#8220;3729&#8243; title=&#8220;Gesundheit f\u00f6rdern&#8220; color=&#8220;#000000&#8243; caption_url=&#8220;&#8220;]<a href=\"\/index.php\/schulqualitaet-allgemeinbildung-sqa\/#wiengs\" target=\"_blank\" rel=\"noopener noreferrer\">WieNGS \u2013 Wiener Netzwerk Gesundheitsf\u00f6rdernde Schulen<\/a><\/p>\n<p><a href=\"\/index.php\/schulqualitaet-allgemeinbildung-sqa\/#bewegtepause\" target=\"_blank\" rel=\"noopener noreferrer\">bewegte Pause<\/a><\/p>\n<p><a href=\"\/index.php\/sportwochen\/\" target=\"_blank\" rel=\"noopener noreferrer\">Sportwochen<\/a><\/p>\n<p><a href=\"https:\/\/billroth73.at\/index.php\/schikurse\/\" target=\"_blank\" rel=\"noopener noreferrer\">Schikurse<\/a>[\/mvc_flip_box][\/vc_column][vc_column width=&#8220;1\/3&#8243;][mvc_flip_box height=&#8220;400&#8243; size=&#8220;22&#8243; image_id=&#8220;3731&#8243; title=&#8220;soziales Miteinander leben&#8220; color=&#8220;#000000&#8243;]<a href=\"https:\/\/billroth73.at\/index.php\/sozial-projekt-nicaragua\/\" target=\"_blank\" rel=\"noopener noreferrer\">Sozialprojekt Nicaragua<\/a><\/p>\n<p><a href=\"\/index.php\/sozial-projekt-der-7-klasse\/\" target=\"_blank\" rel=\"noopener noreferrer\">Jugend gegen Armut<\/a><\/p>\n<p><a href=\"https:\/\/billroth73.at\/index.php\/2019\/05\/18\/peermediation-erster-platz-beim-gewaltpraeventionswettbewerb\/\" target=\"_blank\" rel=\"noopener noreferrer\">Peer-Mediation<\/a>[\/mvc_flip_box][vc_empty_space height=&#8220;100px&#8220;][vc_custom_heading text=&#8220;Talente entdecken und<br \/>\nSt\u00e4rken f\u00f6rdern.&#8220; font_container=&#8220;tag:h2|text_align:center|color:%2353564d&#8220; google_fonts=&#8220;font_family:Gloria%20Hallelujah%3Aregular|font_style:400%20regular%3A400%3Anormal&#8220; css=&#8220;.vc_custom_1538422754893{padding-top: 50px !important;background-position: center !important;background-repeat: no-repeat !important;background-size: contain !important;}&#8220;][\/vc_column][vc_column width=&#8220;1\/3&#8243;][mvc_flip_box height=&#8220;400&#8243; size=&#8220;22&#8243; image_id=&#8220;4552&#8243; title=&#8220;Kreativit\u00e4t entfalten&#8220; color=&#8220;#000000&#8243;]<a href=\"\/index.php\/fruehjahrskonzerte\/\" target=\"_blank\" rel=\"noopener noreferrer\">Fr\u00fchlingskonzert<\/a><\/p>\n<p><a href=\"\/index.php\/about-company\/unterrichtsfaecher\/#1538291764741-bea6506c-11b9\" target=\"_blank\" rel=\"noopener noreferrer\">B\u00fchnenspielauff\u00fchrungen<\/a><\/p>\n<p><a href=\"\/index.php\/about-company\/projekte\/#top\" target=\"_blank\" rel=\"noopener noreferrer\">Modell UNO<\/a><\/p>\n<p>&nbsp;[\/mvc_flip_box][vc_empty_space height=&#8220;80px&#8220;][mvc_flip_box height=&#8220;400&#8243; size=&#8220;22&#8243; image_id=&#8220;3730&#8243; title=&#8220;Nachhaltigkeit pflegen&#8220; color=&#8220;#000000&#8243;]<a href=\"\/index.php\/oekolog\/\" target=\"_blank\" rel=\"noopener noreferrer\">\u00d6KOLOG-Schule<\/a><\/p>\n<p><a href=\"\/index.php\/oekolog\/\" target=\"_blank\" rel=\"noopener noreferrer\">Projekt Schulhofbegr\u00fcnung<\/a><\/p>\n<p><a href=\"\/index.php\/oekolog\/\" target=\"_blank\" rel=\"noopener noreferrer\">Projekt M\u00fcllsammeln-Fr\u00fchjahrsputz<\/a><\/p>\n<p><a href=\"\/index.php\/oekolog\/\" target=\"_blank\" rel=\"noopener noreferrer\">\u201eKlasse im Gr\u00fcnen\u201c<\/a>[\/mvc_flip_box][\/vc_column][\/vc_row][vc_row][vc_column][vc_empty_space height=&#8220;60px&#8220;][\/vc_column][\/vc_row][vc_row full_width=&#8220;stretch_row&#8220; bg_type=&#8220;image&#8220; parallax_style=&#8220;vcpb-default&#8220; bg_image_new=&#8220;id^4116|url^http:\/\/172.20.100.4\/wp-content\/uploads\/2018\/10\/billroth73-60.jpg|caption^null|alt^null|title^billroth73-60|description^null&#8220; bg_image_repeat=&#8220;no-repeat&#8220; bg_img_attach=&#8220;fixed&#8220; enable_overlay=&#8220;enable_overlay_value&#8220; overlay_color=&#8220;rgba(89,89,89,0.45)&#8220; css=&#8220;.vc_custom_1539937325189{margin-bottom: -70px !important;background-position: center !important;background-repeat: no-repeat !important;background-size: contain !important;}&#8220;][vc_column css=&#8220;.vc_custom_1538423332101{margin-top: 50px !important;margin-bottom: 50px !important;}&#8220;][vc_custom_heading text=&#8220;Wir wollen&#8230;&#8220; font_container=&#8220;tag:h2|font_size:90px|text_align:center|color:rgba(255%2C255%2C255%2C0.95)&#8220; google_fonts=&#8220;font_family:Gloria%20Hallelujah%3Aregular|font_style:400%20regular%3A400%3Anormal&#8220; css=&#8220;.vc_custom_1539841111771{margin-top: 80px !important;margin-bottom: 50px !important;}&#8220;][vc_custom_heading text=&#8220;fundierte Allgemeinbildung vermitteln<br \/>\nzur Studierf\u00e4higkeit hinf\u00fchren<br \/>\nindividuelle Begabungen st\u00e4rken<br \/>\nLust auf Leistung f\u00f6rdern<br \/>\nFreude an Wissen wecken<br \/>\nKritikf\u00e4higkeit entwickeln<br \/>\nSelbstwertgef\u00fchl entfalten<br \/>\nmit uns selbst und anderen verantwortlich umgehen<br \/>\nsoziale Aufgaben erkennen und \u00fcbernehmen<br \/>\nGespr\u00e4chskultur pflegen<br \/>\nKonflikte l\u00f6sen lernen<br \/>\nTeamf\u00e4higkeit kultivieren<br \/>\nkreativ sein<br \/>\nSpa\u00df an Bewegung haben<br \/>\ngemeinsames Feiern genie\u00dfen<br \/>\nneugierig bleiben &#8230;&#8220; font_container=&#8220;tag:h3|text_align:center|color:rgba(255%2C255%2C255%2C0.96)|line_height:60px&#8220; google_fonts=&#8220;font_family:Gloria%20Hallelujah%3Aregular|font_style:400%20regular%3A400%3Anormal&#8220;][\/vc_column][\/vc_row]<\/p>\n","protected":false},"excerpt":{"rendered":"<p>[vc_row][vc_column][vc_separator][vc_empty_space height=&#8220;64px&#8220;][vc_column_text] Wir verstehen uns als eine lernende Gemeinschaft von Sch\u00fclerinnen, Sch\u00fclern, Lehrerinnen, Lehrern und Eltern,\u00a0die unseren Lebensraum Schule in einem von Sensibilit\u00e4t, gegenseitiger Wertsch\u00e4tzung und Humor gepr\u00e4gten Klima gestaltet. [\/vc_column_text][vc_empty_space][\/vc_column][\/vc_row][vc_row full_width=&#8220;stretch_row&#8220; gap=&#8220;35&#8243; equal_height=&#8220;yes&#8220; content_placement=&#8220;top&#8220; type=&#8220;vc_default&#8220; margin_top=&#8220;10&#8243; css=&#8220;.vc_custom_1539841475046{padding-top: 80px !important;padding-bottom: 80px !important;}&#8220;][vc_column width=&#8220;1\/3&#8243;][mvc_flip_box height=&#8220;400&#8243; size=&#8220;22&#8243; image_id=&#8220;3728&#8243; title=&#8220;gemeinsam lernen&#8220; color=&#8220;#000000&#8243;]kompetenzorientierter Unterricht Einsatz moderner Technologien Tutorensystem gemeinsames&hellip;<\/p>\n","protected":false},"author":1,"featured_media":0,"parent":592,"menu_order":0,"comment_status":"closed","ping_status":"closed","template":"","meta":{"footnotes":"","_links_to":"","_links_to_target":""},"class_list":["post-2539","page","type-page","status-publish","hentry","description-off"],"_links":{"self":[{"href":"https:\/\/billroth73.at\/index.php\/wp-json\/wp\/v2\/pages\/2539","targetHints":{"allow":["GET"]}}],"collection":[{"href":"https:\/\/billroth73.at\/index.php\/wp-json\/wp\/v2\/pages"}],"about":[{"href":"https:\/\/billroth73.at\/index.php\/wp-json\/wp\/v2\/types\/page"}],"author":[{"embeddable":true,"href":"https:\/\/billroth73.at\/index.php\/wp-json\/wp\/v2\/users\/1"}],"replies":[{"embeddable":true,"href":"https:\/\/billroth73.at\/index.php\/wp-json\/wp\/v2\/comments?post=2539"}],"version-history":[{"count":111,"href":"https:\/\/billroth73.at\/index.php\/wp-json\/wp\/v2\/pages\/2539\/revisions"}],"predecessor-version":[{"id":8457,"href":"https:\/\/billroth73.at\/index.php\/wp-json\/wp\/v2\/pages\/2539\/revisions\/8457"}],"up":[{"embeddable":true,"href":"https:\/\/billroth73.at\/index.php\/wp-json\/wp\/v2\/pages\/592"}],"wp:attachment":[{"href":"https:\/\/billroth73.at\/index.php\/wp-json\/wp\/v2\/media?parent=2539"}],"curies":[{"name":"wp","href":"https:\/\/api.w.org\/{rel}","templated":true}]}}