{"id":24,"date":"2014-03-18T10:03:56","date_gmt":"2014-03-18T10:03:56","guid":{"rendered":"http:\/\/the7.dream-demo.com\/business\/?page_id=9"},"modified":"2018-11-27T15:53:55","modified_gmt":"2018-11-27T14:53:55","slug":"tagesbetreuung","status":"publish","type":"page","link":"https:\/\/billroth73.at\/index.php\/tagesbetreuung\/","title":{"rendered":"Tagesbetreuung"},"content":{"rendered":"<p>[vc_row][vc_column][vc_column_text]Die Tagesbetreuung an unserer Schule m\u00f6chte unseren Sch\u00fclerinnen und Sch\u00fclern einen Ausgleich f\u00fcr den anstrengenden Lernvormittag bieten und die M\u00f6glichkeit schaffen, gemeinsam mit Spielen, Kreativsein, Quatschen, Lesen und Sporteln die Freizeitstunden zu verbringen. Das f\u00e4llt in unserer \u201eSchule im Gr\u00fcnen\u201c nicht schwer. Sie bietet gerade am Nachmittag den Kindern einen Freiraum, den kaum eine andere Schule in der Gro\u00dfstadt aufweist. Sportanlagen, Wiesen, B\u00e4ume sind nicht zuletzt auch Pl\u00e4tze zum Spielen, Orte des Entspannens und Erholens.<\/p>\n<p>Das Lernen und Haus\u00fcbungen-Schreiben wird in der Lernzeit erledigt und f\u00fcr jede und jeden gibt es bei Bedarf noch zus\u00e4tzliche Lerneinheiten und F\u00f6rderungen (Tutorien). Wir legen Wert auf eine ausgeglichene Aufteilung von Lern-und Freizeitangeboten, um \u00dcberforderungen und Problemen schon im Voraus keine Chance zu geben.[\/vc_column_text][vc_empty_space][\/vc_column][\/vc_row][vc_row full_width=&#8220;stretch_row&#8220; bg_type=&#8220;image&#8220; parallax_style=&#8220;vcpb-default&#8220; bg_image_new=&#8220;id^4113|url^http:\/\/172.20.100.4\/wp-content\/uploads\/2018\/10\/billroth73-112.jpg|caption^null|alt^null|title^billroth73-112|description^null&#8220; bg_image_repeat=&#8220;no-repeat&#8220; bg_img_attach=&#8220;fixed&#8220; enable_overlay=&#8220;enable_overlay_value&#8220; overlay_color=&#8220;rgba(0,0,0,0.49)&#8220; css=&#8220;.vc_custom_1539840208060{background-position: center !important;background-repeat: no-repeat !important;background-size: cover !important;}&#8220;][vc_column][vc_custom_heading text=&#8220;\u201eMan kann Gesellschaftsspiele spielen, Tischtennis und Tischfu\u00dfball spielen, Hausaufgaben machen und lernen, auf einer unserer bequemen Sitzb\u00e4nke faulenzen und Musik h\u00f6ren. Man kann sich auch im Freien austoben, Fu\u00dfball kicken, Basketball, Volleyball oder Abschie\u00dfen spielen, weiters Federball spielen, Verstecken spielen, Baumhaus bauen und vieles andere mehr. Wenn ein Turnsaal frei ist, kann man sich dort sportlich bet\u00e4tigen.&#8222;<\/p>\n<p>(Aus Sch\u00fclersicht)&#8220; font_container=&#8220;tag:h2|font_size:30px|text_align:center|color:rgba(255%2C255%2C255%2C0.84)|line_height:60px&#8220; google_fonts=&#8220;font_family:Gloria%20Hallelujah%3Aregular|font_style:400%20regular%3A400%3Anormal&#8220; css=&#8220;.vc_custom_1539841568572{margin-top: 50px !important;padding-bottom: 50px !important;}&#8220;][\/vc_column][\/vc_row]<\/p>\n","protected":false},"excerpt":{"rendered":"<p>[vc_row][vc_column][vc_column_text]Die Tagesbetreuung an unserer Schule m\u00f6chte unseren Sch\u00fclerinnen und Sch\u00fclern einen Ausgleich f\u00fcr den anstrengenden Lernvormittag bieten und die M\u00f6glichkeit schaffen, gemeinsam mit Spielen, Kreativsein, Quatschen, Lesen und Sporteln die Freizeitstunden zu verbringen. Das f\u00e4llt in unserer \u201eSchule im Gr\u00fcnen\u201c nicht schwer. Sie bietet gerade am Nachmittag den Kindern einen Freiraum, den kaum eine andere&hellip;<\/p>\n","protected":false},"author":1,"featured_media":0,"parent":0,"menu_order":40,"comment_status":"closed","ping_status":"closed","template":"","meta":{"footnotes":"","_links_to":"","_links_to_target":""},"class_list":["post-24","page","type-page","status-publish","hentry","description-off"],"_links":{"self":[{"href":"https:\/\/billroth73.at\/index.php\/wp-json\/wp\/v2\/pages\/24","targetHints":{"allow":["GET"]}}],"collection":[{"href":"https:\/\/billroth73.at\/index.php\/wp-json\/wp\/v2\/pages"}],"about":[{"href":"https:\/\/billroth73.at\/index.php\/wp-json\/wp\/v2\/types\/page"}],"author":[{"embeddable":true,"href":"https:\/\/billroth73.at\/index.php\/wp-json\/wp\/v2\/users\/1"}],"replies":[{"embeddable":true,"href":"https:\/\/billroth73.at\/index.php\/wp-json\/wp\/v2\/comments?post=24"}],"version-history":[{"count":53,"href":"https:\/\/billroth73.at\/index.php\/wp-json\/wp\/v2\/pages\/24\/revisions"}],"predecessor-version":[{"id":5291,"href":"https:\/\/billroth73.at\/index.php\/wp-json\/wp\/v2\/pages\/24\/revisions\/5291"}],"wp:attachment":[{"href":"https:\/\/billroth73.at\/index.php\/wp-json\/wp\/v2\/media?parent=24"}],"curies":[{"name":"wp","href":"https:\/\/api.w.org\/{rel}","templated":true}]}}